{"id":74,"date":"2020-06-17T12:55:06","date_gmt":"2020-06-17T10:55:06","guid":{"rendered":"http:\/\/bpzoliborz.pl\/bpzoliborz\/?page_id=74"},"modified":"2020-07-21T13:11:47","modified_gmt":"2020-07-21T11:11:47","slug":"wolontariat","status":"publish","type":"page","link":"https:\/\/bpzoliborz.pl\/bpzoliborz\/index.php\/wolontariat\/","title":{"rendered":"Wolontariat"},"content":{"rendered":"\t\t<div data-elementor-type=\"wp-page\" data-elementor-id=\"74\" class=\"elementor elementor-74\">\n\t\t\t\t\t\t<div class=\"elementor-inner\">\n\t\t\t\t<div class=\"elementor-section-wrap\">\n\t\t\t\t\t\t\t\t\t<section class=\"elementor-section elementor-top-section elementor-element elementor-element-10d8387 elementor-section-boxed elementor-section-height-default elementor-section-height-default exad-glass-effect-no exad-sticky-section-no\" data-id=\"10d8387\" data-element_type=\"section\">\n\t\t\t\t\t\t<div class=\"elementor-container elementor-column-gap-default\">\n\t\t\t\t\t\t\t<div class=\"elementor-row\">\n\t\t\t\t\t<div class=\"elementor-column elementor-col-100 elementor-top-column elementor-element elementor-element-755e7e9 exad-glass-effect-no exad-sticky-section-no\" data-id=\"755e7e9\" data-element_type=\"column\">\n\t\t\t<div class=\"elementor-column-wrap elementor-element-populated\">\n\t\t\t\t\t\t\t<div class=\"elementor-widget-wrap\">\n\t\t\t\t\t\t<div class=\"elementor-element elementor-element-b233bae exad-sticky-section-no exad-glass-effect-no elementor-widget elementor-widget-spacer\" data-id=\"b233bae\" data-element_type=\"widget\" data-widget_type=\"spacer.default\">\n\t\t\t\t<div class=\"elementor-widget-container\">\n\t\t\t\t\t<div class=\"elementor-spacer\">\n\t\t\t<div class=\"elementor-spacer-inner\"><\/div>\n\t\t<\/div>\n\t\t\t\t<\/div>\n\t\t\t\t<\/div>\n\t\t\t\t\t\t<\/div>\n\t\t\t\t\t<\/div>\n\t\t<\/div>\n\t\t\t\t\t\t\t\t<\/div>\n\t\t\t\t\t<\/div>\n\t\t<\/section>\n\t\t\t\t<section class=\"elementor-section elementor-top-section elementor-element elementor-element-90f8a5e elementor-section-boxed elementor-section-height-default elementor-section-height-default exad-glass-effect-no exad-sticky-section-no\" data-id=\"90f8a5e\" data-element_type=\"section\">\n\t\t\t\t\t\t<div class=\"elementor-container elementor-column-gap-default\">\n\t\t\t\t\t\t\t<div class=\"elementor-row\">\n\t\t\t\t\t<div class=\"elementor-column elementor-col-100 elementor-top-column elementor-element elementor-element-91462ae exad-glass-effect-no exad-sticky-section-no\" data-id=\"91462ae\" data-element_type=\"column\">\n\t\t\t<div class=\"elementor-column-wrap elementor-element-populated\">\n\t\t\t\t\t\t\t<div class=\"elementor-widget-wrap\">\n\t\t\t\t\t\t<div class=\"elementor-element elementor-element-e4a13e1 exad-sticky-section-no exad-glass-effect-no elementor-widget elementor-widget-heading\" data-id=\"e4a13e1\" data-element_type=\"widget\" data-widget_type=\"heading.default\">\n\t\t\t\t<div class=\"elementor-widget-container\">\n\t\t\t<h1 class=\"elementor-heading-title elementor-size-default\">Wolontariat w Bibliotece \u017boliborskiej<\/h1>\t\t<\/div>\n\t\t\t\t<\/div>\n\t\t\t\t\t\t<\/div>\n\t\t\t\t\t<\/div>\n\t\t<\/div>\n\t\t\t\t\t\t\t\t<\/div>\n\t\t\t\t\t<\/div>\n\t\t<\/section>\n\t\t\t\t<section class=\"elementor-section elementor-top-section elementor-element elementor-element-0902661 elementor-section-boxed elementor-section-height-default elementor-section-height-default exad-glass-effect-no exad-sticky-section-no\" data-id=\"0902661\" data-element_type=\"section\">\n\t\t\t\t\t\t<div class=\"elementor-container elementor-column-gap-default\">\n\t\t\t\t\t\t\t<div class=\"elementor-row\">\n\t\t\t\t\t<div class=\"elementor-column elementor-col-100 elementor-top-column elementor-element elementor-element-c87ed0a exad-glass-effect-no exad-sticky-section-no\" data-id=\"c87ed0a\" data-element_type=\"column\">\n\t\t\t<div class=\"elementor-column-wrap elementor-element-populated\">\n\t\t\t\t\t\t\t<div class=\"elementor-widget-wrap\">\n\t\t\t\t\t\t<div class=\"elementor-element elementor-element-ba714f8 exad-sticky-section-no exad-glass-effect-no elementor-widget elementor-widget-spacer\" data-id=\"ba714f8\" data-element_type=\"widget\" data-widget_type=\"spacer.default\">\n\t\t\t\t<div class=\"elementor-widget-container\">\n\t\t\t\t\t<div class=\"elementor-spacer\">\n\t\t\t<div class=\"elementor-spacer-inner\"><\/div>\n\t\t<\/div>\n\t\t\t\t<\/div>\n\t\t\t\t<\/div>\n\t\t\t\t\t\t<\/div>\n\t\t\t\t\t<\/div>\n\t\t<\/div>\n\t\t\t\t\t\t\t\t<\/div>\n\t\t\t\t\t<\/div>\n\t\t<\/section>\n\t\t\t\t<section class=\"elementor-section elementor-top-section elementor-element elementor-element-9a60f5f elementor-section-boxed elementor-section-height-default elementor-section-height-default exad-glass-effect-no exad-sticky-section-no\" data-id=\"9a60f5f\" data-element_type=\"section\">\n\t\t\t\t\t\t<div class=\"elementor-container elementor-column-gap-default\">\n\t\t\t\t\t\t\t<div class=\"elementor-row\">\n\t\t\t\t\t<div class=\"elementor-column elementor-col-100 elementor-top-column elementor-element elementor-element-9b7b07c exad-glass-effect-no exad-sticky-section-no\" data-id=\"9b7b07c\" data-element_type=\"column\">\n\t\t\t<div class=\"elementor-column-wrap elementor-element-populated\">\n\t\t\t\t\t\t\t<div class=\"elementor-widget-wrap\">\n\t\t\t\t\t\t<div class=\"elementor-element elementor-element-cea720d elementor-grid-eael-col-3 elementor-grid-tablet-eael-col-2 elementor-grid-mobile-eael-col-1 exad-sticky-section-no exad-glass-effect-no elementor-widget elementor-widget-eael-post-grid\" data-id=\"cea720d\" data-element_type=\"widget\" data-settings=\"{&quot;eael_post_grid_columns&quot;:&quot;eael-col-3&quot;,&quot;eael_post_grid_columns_tablet&quot;:&quot;eael-col-2&quot;,&quot;eael_post_grid_columns_mobile&quot;:&quot;eael-col-1&quot;}\" data-widget_type=\"eael-post-grid.default\">\n\t\t\t\t<div class=\"elementor-widget-container\">\n\t\t\t<div id=\"eael-post-grid-cea720d\" class=\"eael-post-grid-container\">\n            <div class=\"eael-post-grid eael-post-appender eael-post-appender-cea720d eael-post-grid-style-default\" data-layout-mode=\"grid\"><article class=\"eael-grid-post eael-post-grid-column\" data-id=\"559\">\n        <div class=\"eael-grid-post-holder\">\n            <div class=\"eael-grid-post-holder-inner\"><div class=\"eael-entry-media\"><div class=\"eael-entry-overlay fade-in\"><i class=\"fas fa-angle-right\" aria-hidden=\"true\"><\/i><a href=\"https:\/\/bpzoliborz.pl\/bpzoliborz\/index.php\/dokumenty-wolontariat\/\"><\/a><\/div><div class=\"eael-entry-thumbnail \">\n                <img width=\"1080\" height=\"675\" src=\"https:\/\/bpzoliborz.pl\/bpzoliborz\/wp-content\/uploads\/2020\/07\/dokumenty-1.png\" class=\"attachment-medium size-medium wp-image-560\" alt=\"Ikona dokument\u00f3w dla wolontariatu\" loading=\"lazy\" srcset=\"https:\/\/bpzoliborz.pl\/bpzoliborz\/wp-content\/uploads\/2020\/07\/dokumenty-1.png 1080w, https:\/\/bpzoliborz.pl\/bpzoliborz\/wp-content\/uploads\/2020\/07\/dokumenty-1-768x480.png 768w\" sizes=\"(max-width: 1080px) 100vw, 1080px\" \/>\n            <\/div>\n        <\/div><div class=\"eael-entry-wrapper\"><header class=\"eael-entry-header\"><h2 class=\"eael-entry-title\"><a\n                        class=\"eael-grid-post-link\"\n                        href=\"https:\/\/bpzoliborz.pl\/bpzoliborz\/index.php\/dokumenty-wolontariat\/\"\n                        title=\"Dokumenty Wolontariat\">Dokumenty Wolontariat<\/a><\/h2><\/header><div class=\"eael-entry-content\">\n                        <div class=\"eael-grid-post-excerpt\"><a\n                            href=\"https:\/\/bpzoliborz.pl\/bpzoliborz\/index.php\/dokumenty-wolontariat\/\"\n                            class=\"eael-post-elements-readmore-btn\">zobacz wi\u0119cej...<\/a><\/div>\n                    <\/div><\/div><\/div>\n        <\/div>\n    <\/article><article class=\"eael-grid-post eael-post-grid-column\" data-id=\"562\">\n        <div class=\"eael-grid-post-holder\">\n            <div class=\"eael-grid-post-holder-inner\"><div class=\"eael-entry-media\"><div class=\"eael-entry-overlay fade-in\"><i class=\"fas fa-angle-right\" aria-hidden=\"true\"><\/i><a href=\"https:\/\/bpzoliborz.pl\/bpzoliborz\/index.php\/wolontariat-w-bibliotece\/\"><\/a><\/div><div class=\"eael-entry-thumbnail \">\n                <img width=\"1080\" height=\"675\" src=\"https:\/\/bpzoliborz.pl\/bpzoliborz\/wp-content\/uploads\/2022\/09\/grafika-wyrozniajaca-wolontariat-na-zoliborzu.png\" class=\"attachment-medium size-medium wp-image-13141\" alt=\"zdj\u0119cie przedstawiaj\u0105ce logo wolontariatu \u017coliborz, napis: zapraszamy wolontariat w bibliotekach \u017coliborskich\" loading=\"lazy\" srcset=\"https:\/\/bpzoliborz.pl\/bpzoliborz\/wp-content\/uploads\/2022\/09\/grafika-wyrozniajaca-wolontariat-na-zoliborzu.png 1080w, https:\/\/bpzoliborz.pl\/bpzoliborz\/wp-content\/uploads\/2022\/09\/grafika-wyrozniajaca-wolontariat-na-zoliborzu-768x480.png 768w\" sizes=\"(max-width: 1080px) 100vw, 1080px\" \/>\n            <\/div>\n        <\/div><div class=\"eael-entry-wrapper\"><header class=\"eael-entry-header\"><h2 class=\"eael-entry-title\"><a\n                        class=\"eael-grid-post-link\"\n                        href=\"https:\/\/bpzoliborz.pl\/bpzoliborz\/index.php\/wolontariat-w-bibliotece\/\"\n                        title=\"Wolontariat w Bibliotece\">Wolontariat w Bibliotece<\/a><\/h2><\/header><div class=\"eael-entry-content\">\n                        <div class=\"eael-grid-post-excerpt\"><a\n                            href=\"https:\/\/bpzoliborz.pl\/bpzoliborz\/index.php\/wolontariat-w-bibliotece\/\"\n                            class=\"eael-post-elements-readmore-btn\">zobacz wi\u0119cej...<\/a><\/div>\n                    <\/div><\/div><\/div>\n        <\/div>\n    <\/article><article class=\"eael-grid-post eael-post-grid-column\" data-id=\"563\">\n        <div class=\"eael-grid-post-holder\">\n            <div class=\"eael-grid-post-holder-inner\"><div class=\"eael-entry-media\"><div class=\"eael-entry-overlay fade-in\"><i class=\"fas fa-angle-right\" aria-hidden=\"true\"><\/i><a href=\"https:\/\/bpzoliborz.pl\/bpzoliborz\/index.php\/wolontariat-projekty\/\"><\/a><\/div><div class=\"eael-entry-thumbnail \">\n                <img width=\"1080\" height=\"675\" src=\"https:\/\/bpzoliborz.pl\/bpzoliborz\/wp-content\/uploads\/2020\/07\/wolontariat-w-bibliotece-wyr\u00f3\u017cniaj\u0105ce.jpg\" class=\"attachment-medium size-medium wp-image-568\" alt=\"Logo wolontariatu w Bibliotece na \u017boliborzu\" loading=\"lazy\" srcset=\"https:\/\/bpzoliborz.pl\/bpzoliborz\/wp-content\/uploads\/2020\/07\/wolontariat-w-bibliotece-wyr\u00f3\u017cniaj\u0105ce.jpg 1080w, https:\/\/bpzoliborz.pl\/bpzoliborz\/wp-content\/uploads\/2020\/07\/wolontariat-w-bibliotece-wyr\u00f3\u017cniaj\u0105ce-768x480.jpg 768w\" sizes=\"(max-width: 1080px) 100vw, 1080px\" \/>\n            <\/div>\n        <\/div><div class=\"eael-entry-wrapper\"><header class=\"eael-entry-header\"><h2 class=\"eael-entry-title\"><a\n                        class=\"eael-grid-post-link\"\n                        href=\"https:\/\/bpzoliborz.pl\/bpzoliborz\/index.php\/wolontariat-projekty\/\"\n                        title=\"Wolontariat Projekty\">Wolontariat Projekty<\/a><\/h2><\/header><div class=\"eael-entry-content\">\n                        <div class=\"eael-grid-post-excerpt\"><a\n                            href=\"https:\/\/bpzoliborz.pl\/bpzoliborz\/index.php\/wolontariat-projekty\/\"\n                            class=\"eael-post-elements-readmore-btn\">zobacz wi\u0119cej...<\/a><\/div>\n                    <\/div><\/div><\/div>\n        <\/div>\n    <\/article><\/div>\n            <div class=\"clearfix\"><\/div>\n        <\/div>\t\t<\/div>\n\t\t\t\t<\/div>\n\t\t\t\t\t\t<\/div>\n\t\t\t\t\t<\/div>\n\t\t<\/div>\n\t\t\t\t\t\t\t\t<\/div>\n\t\t\t\t\t<\/div>\n\t\t<\/section>\n\t\t\t\t<section class=\"elementor-section elementor-top-section elementor-element elementor-element-ea316b1 elementor-section-boxed elementor-section-height-default elementor-section-height-default exad-glass-effect-no exad-sticky-section-no\" data-id=\"ea316b1\" data-element_type=\"section\">\n\t\t\t\t\t\t<div class=\"elementor-container elementor-column-gap-default\">\n\t\t\t\t\t\t\t<div class=\"elementor-row\">\n\t\t\t\t\t<div class=\"elementor-column elementor-col-100 elementor-top-column elementor-element elementor-element-4c43135 exad-glass-effect-no exad-sticky-section-no\" data-id=\"4c43135\" data-element_type=\"column\">\n\t\t\t<div class=\"elementor-column-wrap elementor-element-populated\">\n\t\t\t\t\t\t\t<div class=\"elementor-widget-wrap\">\n\t\t\t\t\t\t<div class=\"elementor-element elementor-element-8f85625 exad-sticky-section-no exad-glass-effect-no elementor-widget elementor-widget-spacer\" data-id=\"8f85625\" data-element_type=\"widget\" data-widget_type=\"spacer.default\">\n\t\t\t\t<div class=\"elementor-widget-container\">\n\t\t\t\t\t<div class=\"elementor-spacer\">\n\t\t\t<div class=\"elementor-spacer-inner\"><\/div>\n\t\t<\/div>\n\t\t\t\t<\/div>\n\t\t\t\t<\/div>\n\t\t\t\t\t\t<\/div>\n\t\t\t\t\t<\/div>\n\t\t<\/div>\n\t\t\t\t\t\t\t\t<\/div>\n\t\t\t\t\t<\/div>\n\t\t<\/section>\n\t\t\t\t\t\t\t\t\t<\/div>\n\t\t\t<\/div>\n\t\t\t\t\t<\/div>\n\t\t","protected":false},"excerpt":{"rendered":"<p>Wolontariat w Bibliotece \u017boliborskiej Dokumenty Wolontariat zobacz wi\u0119cej&#8230; Wolontariat w Bibliotece zobacz wi\u0119cej&#8230; Wolontariat Projekty zobacz wi\u0119cej&#8230;<\/p>\n","protected":false},"author":3,"featured_media":0,"parent":0,"menu_order":0,"comment_status":"closed","ping_status":"closed","template":"page-templates\/template-pagebuilder-full-width.php","meta":{"_stopmodifiedupdate":false,"_modified_date":"","_eb_attr":"","neve_meta_sidebar":"full-width","neve_meta_container":"","neve_meta_enable_content_width":"on","neve_meta_content_width":100,"neve_meta_title_alignment":"","neve_meta_author_avatar":"","neve_post_elements_order":"","neve_meta_disable_header":"","neve_meta_disable_footer":"","neve_meta_disable_title":"on"},"_links":{"self":[{"href":"https:\/\/bpzoliborz.pl\/bpzoliborz\/index.php\/wp-json\/wp\/v2\/pages\/74"}],"collection":[{"href":"https:\/\/bpzoliborz.pl\/bpzoliborz\/index.php\/wp-json\/wp\/v2\/pages"}],"about":[{"href":"https:\/\/bpzoliborz.pl\/bpzoliborz\/index.php\/wp-json\/wp\/v2\/types\/page"}],"author":[{"embeddable":true,"href":"https:\/\/bpzoliborz.pl\/bpzoliborz\/index.php\/wp-json\/wp\/v2\/users\/3"}],"replies":[{"embeddable":true,"href":"https:\/\/bpzoliborz.pl\/bpzoliborz\/index.php\/wp-json\/wp\/v2\/comments?post=74"}],"version-history":[{"count":3,"href":"https:\/\/bpzoliborz.pl\/bpzoliborz\/index.php\/wp-json\/wp\/v2\/pages\/74\/revisions"}],"predecessor-version":[{"id":572,"href":"https:\/\/bpzoliborz.pl\/bpzoliborz\/index.php\/wp-json\/wp\/v2\/pages\/74\/revisions\/572"}],"wp:attachment":[{"href":"https:\/\/bpzoliborz.pl\/bpzoliborz\/index.php\/wp-json\/wp\/v2\/media?parent=74"}],"curies":[{"name":"wp","href":"https:\/\/api.w.org\/{rel}","templated":true}]}}