{"id":615,"date":"2020-07-22T00:02:37","date_gmt":"2020-07-21T22:02:37","guid":{"rendered":"http:\/\/bpzoliborz.pl\/bpzoliborz\/?page_id=615"},"modified":"2026-03-31T16:05:41","modified_gmt":"2026-03-31T14:05:41","slug":"deklaracja-dostepnosci","status":"publish","type":"page","link":"https:\/\/bpzoliborz.pl\/bpzoliborz\/index.php\/deklaracja-dostepnosci\/","title":{"rendered":"Deklaracja dost\u0119pno\u015bci"},"content":{"rendered":"\n<h1>Deklaracja dost\u0119pno\u015bci<\/h1>\n<section id=\"a11y-wstep\">\n<p><span id=\"a11y-podmiot\">Biblioteka Publiczna w Dzielnicy \u017boliborz m. st. Warszawy<\/span> zobowi\u0105zuje si\u0119 zapewni\u0107 dost\u0119pno\u015b\u0107 swojej <span id=\"a11y-zakres\">strony internetowej<\/span> zgodnie z ustaw\u0105 z dnia 4 kwietnia 2019 r. o dost\u0119pno\u015bci cyfrowej stron internetowych i aplikacji mobilnych podmiot\u00f3w publicznych.<\/p>\n<p>Deklaracja dost\u0119pno\u015bci dotyczy strony <a href=\"https:\/\/bpzoliborz.pl\/bpzoliborz\" id=\"a11y-url\"> https:\/\/bpzoliborz.pl\/bpzoliborz<\/a>.<\/p>\n\n<\/section>\n<ul><li>Data publikacji strony internetowej:<time id=\"a11y-data-publikacja\" datetime=\"2020-07-18\">18 lipca 2020 r.<\/time><\/li><li>Data ostatniej istotnej aktualizacji:<time id=\"a11y-data-aktualizacja\" datetime=\"2025-02-15\">15 lutego 2025 r.<\/time><\/li><\/ul>\n<br>\n<h2>Stan dost\u0119pno\u015bci cyfrowej<\/h2>\n<p id=\"a11y-status\">Ta strona internetowa jest cz\u0119\u015bciowo zgodna z za\u0142\u0105cznikiem do ustawy o dost\u0119pno\u015bci cyfrowej z dnia 4 kwietnia 2019 r. o dost\u0119pno\u015bci cyfrowej stron internetowych i aplikacji mobilnych podmiot\u00f3w publicznych.<br><\/p>\n<br>\n<h2>Niedost\u0119pne tre\u015bci<\/h2>\n<h3>Niezgodno\u015b\u0107 z za\u0142\u0105cznikiem<\/h3>\n<ul>\n<li> Linki mog\u0105 by\u0107 dwuznaczne dla u\u017cytkownik\u00f3w i nie s\u0105 wystarczaj\u0105co opisane<\/li>\n<li> Brak dost\u0119pno\u015bci wszystkich funkcjonalno\u015bci za pomoc\u0105 klawiatury<\/li>\n<li> Nie wszystkie zdj\u0119cia posiadaj\u0105 opis alternatywny<\/li>\n<li> Brak opisu b\u0142\u0119du przy wype\u0142nianiu formularzy<\/li>\n<li> Nie wsz\u0119dzie zachowany zosta\u0142 wymagany kontrast<\/li>\n<li> Brak atrybut\u00f3w alt<\/li>\n<li> Brak tekstu alternatywnego dla film\u00f3w<\/li>\n<\/ul>\n<br>\n<h2>Przygotowanie deklaracji dost\u0119pno\u015bci<\/h2>\n<ul><li>Data sporz\u0105dzenia deklaracji: <time id=\"a11y-data-sporzadzenie\" datetime=\"2021-07-18\">18 lipca 2020 roku.<\/time><\/li><li>Data ostatniego przegl\u0105du deklaracji: <time id=\"a11y-data-przeglad\" datetime=\"2026-03-31\">31 marca 2026 roku.<\/time><\/li><\/ul>\n<p>Deklaracj\u0119 sporz\u0105dzili\u015bmy na podstawie samooceny w oparciu o <a href=\"https:\/\/www.gov.pl\/attachment\/1a3e2bb5-6d60-4897-ac2f-07a8e91e70ed\">List\u0119 kontroln\u0105 do badania dost\u0119pno\u015bci cyfrowej strony internetowej v. 2.2 (docx, 0,12MB)<\/a>.<br><\/p>\n<br>\n<h2> Informacje zwrotne i dane kontaktowe <\/h2>\n<p>Wszystkie problemy z dost\u0119pno\u015bci\u0105 cyfrow\u0105 tej strony internetowej mo\u017cesz zg\u0142osi\u0107 do <span id=\"a11y-kontakt\">Helena Targo\u0144ska<\/span> \u2014 majlowo <a id=\"a11y-email\" href=\"mailto:h.targonska@bpzoliborz.pl\">h.targonska@bpzoliborz.pl<\/a> lub telefonicznie <a id=\"a11y-telefon\" href=\"tel:224009424\">22 400 94 24<\/a>.<\/p>\n<p>Ka\u017cdy ma prawo wyst\u0105pi\u0107 z \u017c\u0105daniem zapewnienia dost\u0119pno\u015bci cyfrowej tej strony internetowej lub jej element\u00f3w.<\/p>\n<p>Zg\u0142aszaj\u0105c takie \u017c\u0105danie podaj:<br><\/p>\n<ul><li>swoje imi\u0119 i nazwisko,<\/li><li>swoje dane kontaktowe (np. numer telefonu, e-mail),<\/li><li>dok\u0142adny adres strony internetowej, na kt\u00f3rej jest niedost\u0119pny cyfrowo element lub tre\u015b\u0107,<\/li><li>opis na czym polega problem i jaki spos\u00f3b jego rozwi\u0105zania by\u0142by dla Ciebie najwygodniejszy.<\/li><\/ul>\n<p>Na Twoje zg\u0142oszenie odpowiemy najszybciej jak to mo\u017cliwe, nie p\u00f3\u017aniej ni\u017c w ci\u0105gu 7 dni od jego otrzymania.<\/p>\n<p>Je\u017celi ten termin b\u0119dzie dla nas zbyt kr\u00f3tki poinformujemy Ci\u0119 o tym. W tej informacji podamy nowy termin, do kt\u00f3rego poprawimy zg\u0142oszone przez Ciebie b\u0142\u0119dy lub przygotujemy informacje w alternatywny spos\u00f3b. Ten nowy termin nie b\u0119dzie d\u0142u\u017cszy ni\u017c 2 miesi\u0105ce.<\/p>\n<p>Je\u017celi nie b\u0119dziemy w stanie zapewni\u0107 dost\u0119pno\u015bci cyfrowej strony internetowej lub tre\u015bci, wskazanej w Twoim \u017c\u0105daniu, zaproponujemy Ci dost\u0119p do nich w alternatywny spos\u00f3b.<br><\/p>\n<br>\n<section id=\"a11y-procedura\">\n<h2> Obs\u0142uga wniosk\u00f3w i skarg zwi\u0105zanych z dost\u0119pno\u015bci\u0105 <\/h2>\n<p>Je\u017celi w odpowiedzi na Tw\u00f3j wniosek o zapewnienie dost\u0119pno\u015bci cyfrowej, odm\u00f3wimy zapewnienia \u017c\u0105danej przez Ciebie dost\u0119pno\u015bci cyfrowej, a Ty nie zgadzasz si\u0119 z t\u0105 odmow\u0105, masz prawo z\u0142o\u017cy\u0107 skarg\u0119.<\/p>\n<p>Skarg\u0119 masz prawo z\u0142o\u017cy\u0107 tak\u017ce, je\u015bli nie zgadzasz si\u0119 na skorzystanie z alternatywnego sposobu dost\u0119pu, kt\u00f3ry zaproponowali\u015bmy Ci w odpowiedzi na Tw\u00f3j wniosek o zapewnienie dost\u0119pno\u015bci cyfrowej.<\/p>\n<p>Ewentualn\u0105 skarg\u0119 z\u0142\u00f3\u017c listownie lub mailem do kierownictwa naszej instytucji:\n<br>\n<\/p><ul>\n<li>Ma\u0142gorzata Kocot \u2014 Dyrektor Biblioteki Publicznej w Dzielnicy \u017boliborz m. st. Warszawy,<\/li>\n<li>Adres: pl. Inwalid\u00f3w 3, 01-514 Warszawa<\/li>\n<li>mejl: <a href=\"mailto:administracja@bpzoliborz.pl\"> administracja@bpzoliborz.pl<\/a>.<\/li>\n<\/ul>\n<br>\n<a href=\"https:\/\/www.gov.pl\/web\/gov\/zloz-wniosek-o-zapewnienie-dostepnosci-cyfrowej-strony-internetowej-lub-aplikacji-mobilnej\">Pomocne mog\u0105 by\u0107 informacje, kt\u00f3re mo\u017cna znale\u017a\u0107 na rz\u0105dowym portalu gov.pl<\/a>.<p><\/p>\n<p>Mo\u017cesz tak\u017ce poinformowa\u0107 o tej sytuacji <a href=\"https:\/\/bip.brpo.gov.pl\/\"> Rzecznika Praw Obywatelskich<\/a> i poprosi\u0107 o interwencj\u0119 w Twojej sprawie.<\/p>\n<\/section>\n<h2>Pozosta\u0142e informacje<\/h2>\n<section id=\"a11y-architektura\">\n<h3>Dost\u0119pno\u015b\u0107 architektoniczna<\/h3>\n<h4>Siedziba Biblioteki Publicznej w Dzielnicy \u017boliborz m. st. Warszawy oraz Czytelnia Naukowa nr XVI pl. Inwalid\u00f3w 3 <\/h4>\n<p>Czytelnia Naukowa nr XVI oraz Administracja Biblioteki, mieszcz\u0105 si\u0119 w zabytkowym budynku czterokondygnacyjnym z przyziemiem na wysokim parterze. Wej\u015bcie do budynku znajduje si\u0119 od strony Alei Wojska Polskiego. Administracja Biblioteki znajduje si\u0119 po prawej stronie od wej\u015bcia do budynku<\/p>\n<p>Przy wej\u015bciu do budynku zastosowano ramp\u0119 dla w\u00f3zk\u00f3w inwalidzkich, kt\u00f3r\u0105 obs\u0142uguje pracownik.<\/p><p>\n<\/p><p>Przej\u015bcie do Czytelni zabezpieczone jest bramkami, przez kt\u00f3re mo\u017ce przejecha\u0107 osoba na w\u00f3zku inwalidzkim. W pozosta\u0142ej cz\u0119\u015bci nie funkcjonuj\u0105 obszary kontroli.<\/p><p>\n<\/p><p>Przestrze\u0144 komunikacyjna budynku jest wolna od barier poziomych i pionowych (komunikacja pozioma \u2013 korytarze na jednym poziomie).<\/p><p>\n<\/p><p>Instalacja urz\u0105dze\u0144 lub zastosowanie \u015brodk\u00f3w technicznych i rozwi\u0105zania architektoniczne w budynku umo\u017cliwiaj\u0105 dost\u0119p do wszystkich pomieszcze\u0144.<\/p><p>\n<\/p><p>Do budynku i wszystkich jego pomieszcze\u0144 mo\u017cna wej\u015b\u0107 z psem asystuj\u0105cym i psem przewodnikiem.<\/p><p>\n<\/p><p>W budynku jest toaleta dla os\u00f3b niepe\u0142nosprawnych.\n<\/p><p>Przed budynkam brak jest miejsc parkingowych dla os\u00f3b niepe\u0142nosprawnych.<\/p><p>\n<\/p><h4>Budenek Czytelni Pod Sowami ul. Gen. Zaj\u0105czka 8 <\/h4>\n<p>Czytelnia Pod Sowami mie\u015bci si\u0119 w trzykondygnacyjnym budynku mieszkalnym na parterze.<\/p><p>\n<\/p><p>Przestrzenie komunikacyjne budynku s\u0105 wolne od barier poziomych i pionowych (komunikacja pozioma \u2013 przestrze\u0144 na jednym poziomie).<\/p><p>\n<\/p><p>W budynku jest toaleta dla os\u00f3b niepe\u0142nosprawnych.<\/p><p>\n<\/p><p>Przed budynkiem brak jest miejsc parkingowych dla os\u00f3b niepe\u0142nosprawnych.<\/p><p>\n<\/p><h4>Budenek Wypo\u017cyczalni nr 16 ul. S\u0142owackiego 19A <\/h4>\n<p>Biblioteka nr 16 mie\u015bci si\u0119 w zabytkowym budynku, dwukondygnacyjnym z przyziemiem na wysokim parterze od strony zachodniej. Przy budynku od strony parku znajduje si\u0119 pochylnia z podjazdem dla os\u00f3b na w\u00f3zkach, prowadz\u0105ca do g\u0142\u00f3wnego wej\u015bcia.<\/p><p>\n<\/p><p>Wej\u015bcie g\u0142\u00f3wne zar\u00f3wno do budynku jak i do Biblioteki umo\u017cliwia podjazd dla os\u00f3b niepe\u0142nosprawnych poruszaj\u0105cych si\u0119 na w\u00f3zkach inwalidzkich.<\/p><p>\n<\/p><p>Przestrze\u0144 komunikacyjna budynku jest wolna od barier poziomych i pionowych (komunikacja pozioma \u2013 korytarze na jednym poziomie).<\/p><p>\n<\/p><p>Instalacja urz\u0105dze\u0144 lub zastosowanie \u015brodk\u00f3w technicznych i rozwi\u0105zania architektoniczne w budynku umo\u017cliwiaj\u0105 dost\u0119p do wszystkich pomieszcze\u0144.<\/p><p>\n<\/p><p>W budynku nie ma toalety dla os\u00f3b niepe\u0142nosprawnych.<\/p><p>\n<\/p><p>P\u0142atne miejsca parkingowe z wydzielonymi miejscami dla os\u00f3b niepe\u0142nosprawnych, znajduj\u0105 si\u0119 przy wej\u015bciu do Teatru Komedia (wschodnie skrzyd\u0142o budynku) od kt\u00f3rego prowadz\u0105 chodniki ze schodami i podjazdem dla w\u00f3zk\u00f3w inwalidzkich prowadz\u0105ce do pochylni przy bibliotece.<\/p><p>\n<\/p><h4>Budenek Wypo\u017cyczalni nr 138 oraz Biblioteki dla Dzieci nr XV ul. Broniewskiego 9A <\/h4>\n<p>Biblioteka nr 138 oraz Biblioteka nr XV mieszcz\u0105 si\u0119 w wielokondygnacyjnym budynku mieszkalnym na parterze.<\/p><p>\n<\/p><p>Wej\u015bcie g\u0142\u00f3wne zar\u00f3wno do budynku jak i do Biblioteki umo\u017cliwia podjazd dla os\u00f3b niepe\u0142nosprawnych poruszaj\u0105cych si\u0119 na w\u00f3zkach inwalidzkich.<\/p><p>\n<\/p><p>Przestrze\u0144 komunikacyjna budynku jest wolna od barier poziomych i pionowych (komunikacja pozioma \u2013 korytarze na jednym poziomie).<\/p><p>\n<\/p><p>Instalacja urz\u0105dze\u0144 lub zastosowanie \u015brodk\u00f3w technicznych i rozwi\u0105zania architektoniczne w budynku umo\u017cliwiaj\u0105 dost\u0119p do wszystkich pomieszcze\u0144.<\/p><p>\n<\/p><p>W budynku jest toaleta dla os\u00f3b niepe\u0142nosprawnych.<\/p><p>\n<\/p><p>Przed budynkiem brak jest miejsc parkingowych dla os\u00f3b niepe\u0142nosprawnych. Miejsca parkingowe znajduj\u0105 si\u0119 na ty\u0142ach budynku z wydzielonymi miejscami dla os\u00f3b z niepe\u0142nosprawnych.<\/p><p>\n<\/p><h4>Budenek Wypo\u017cyczalni nr 111 ul. Mickiewicza 65 <\/h4>\n<p>Biblioteka nr 111 mie\u015bci si\u0119 w wielokondygnacyjnym budynku mieszkalnym na parterze.<\/p><p>\n<\/p><p>Wej\u015bcie g\u0142\u00f3wne do Biblioteki umo\u017cliwia podjazd dla os\u00f3b niepe\u0142nosprawnych poruszaj\u0105cych si\u0119 na w\u00f3zkach inwalidzkich.<\/p><p>\n<\/p><p>Przestrze\u0144 komunikacyjna budynku jest wolna od barier poziomych i pionowych (komunikacja pozioma \u2013 korytarze na jednym poziomie).<\/p><p>\n<\/p><p>Lada biblioteczna przystosowana do podjazdu w\u00f3zkiem inwalidzkim<\/p><p>\n<\/p><p>Instalacja urz\u0105dze\u0144 lub zastosowanie \u015brodk\u00f3w technicznych i rozwi\u0105zania architektoniczne w budynku umo\u017cliwiaj\u0105 dost\u0119p do wszystkich pomieszcze\u0144.<\/p><p>\n<\/p><p>W budynku jest toaleta dla os\u00f3b niepe\u0142nosprawnych.<\/p><p>\n<\/p><p>Przed budynkiem brak jest miejsc parkingowych dla os\u00f3b niepe\u0142nosprawnych.<\/p><p>\n<\/p><h4>Budenek Wypo\u017cyczalni nr 13 oraz Biblioteka dla Dzieci nr XX ul. \u015amia\u0142a 24 <\/h4>\n<p>Biblioteka nr 13 i Biblioteka nr XX mieszcz\u0105 si\u0119 w trzykondygnacyjnej kamienicy na parterze budynku.<\/p><p>\n<\/p><p>Przy wej\u015bciu do budynku jest 1 schodek i w\u0105skie drzwi, kt\u00f3re nie pozwalaj\u0105 na swobodny wjazd dla w\u00f3zk\u00f3w inwalidzkich<\/p><p>\n<\/p><p>W holu biblioteki znajduj\u0105 si\u0119 3 schodki na kt\u00f3re po\u0142o\u017cono drewnian\u0105 pochylni\u0119, jednak bardzo strom\u0105 co uniemo\u017cliwia samodzielny wjazd osobom na w\u00f3zkach inwalidzkich.<\/p><p>\n<\/p><p>W budynku nie ma toalety dla os\u00f3b niepe\u0142nosprawnych.<\/p><p>\n<\/p><p>Przed budynkiem s\u0105 wydzielone 2 miejsca parkingowe dla os\u00f3b z niepe\u0142nosprawno\u015bciami.<\/p><p>\n<\/p><\/section>\n<br>\n<section id=\"a11y-komunikacja\">\n<h3>Dost\u0119pno\u015b\u0107 komunikacyjno-informacyjna<\/h3>\n<p>Istnieje mo\u017cliwo\u015b\u0107 skorzystania z bezp\u0142atnych us\u0142ug t\u0142umacza migowego po wcze\u015bniejszym um\u00f3wieniu lub t\u0142umacza online.<\/p><p>\n<\/p><p>W ka\u017cdej plac\u00f3wce Biblioteki  jest dost\u0119pny punkt obs\u0142ugi czytelnika wyposa\u017cony w p\u0119tl\u0119 indukcyjn\u0105, dodatkowo w dw\u00f3ch plac\u00f3wkach, Wypo\u017cyczalni nr 16 oraz w Czytelni Pod Sowami zainstalowane s\u0105 p\u0119tle indykcyjne powierzchniowe.<\/p><p>\n<\/p><p>W ka\u017cdej plac\u00f3wce pomieszczenia s\u0105 oznaczone tabliczkami z napisami w alfabecie Braille\u2019a<\/p><p>\n<\/p><p>Czytelnik ma mo\u017cliwo\u015b\u0107 wybrou sposobu komunikacji z Bibliotekarzem, kt\u00f3ra mo\u017ce si\u0119 odbywa\u0107 za telefonicznie, mailowo, pomoc\u0105 sms lub komunikatora messenger.<\/p><p>\n<\/p><p>Biblioteka zapewnia swoim czytelnikom us\u0142ug\u0119 \u201eKsi\u0105\u017cka na telefon\u201d \u2013 dostarczenie wybranych materia\u0142ow bibliotecznych do domu.<\/p><p>\n<\/p><p>W pomieszczeniach biblioteki nie ma oznacze\u0144 kontrastowych i w druku powi\u0119kszonym dla os\u00f3b niewidomych i s\u0142abowidz\u0105cych.<\/p><p>\n<\/p><p>W bibliotekach nad wej\u015bciem nie ma g\u0142o\u015bnik\u00f3w systemu naprowadzaj\u0105cego d\u017awi\u0119kowo osoby niewidome i s\u0142abowidz\u0105ce.<\/p><p>\n<\/p><p>Do wszystkich pomieszcze\u0144 bibliotek mo\u017cna wej\u015b\u0107 z psem asystuj\u0105cym i psem przewodnikiem.<\/p><p>\n<\/p><p>T\u0142umacz polskiego j\u0119zyka migowego online &#8211; <a href=\"https:\/\/bpzoliborz.pl\/bpzoliborz\/index.php\/pjm\/\">T\u0142umacz polskiego j\u0119zyka migowego<\/a><\/p><p>\n<\/p><p>Informacja o naszej dzia\u0142alno\u015bci \u2013 <a href=\"https:\/\/bpzoliborz.pl\/bpzoliborz\/index.php\/dostepnosc-2\/\">nagranie w polskim j\u0119zyku migowym (PJM)<\/a><\/p><p>\n<\/p><p>Informacja o naszej dzia\u0142alno\u015bci \u2013 <a href=\"https:\/\/bpzoliborz.pl\/bpzoliborz\/wp-content\/uploads\/2021\/04\/Biblioteka-Publiczna-w-Dzielnicy-Zoliborz.pdf\">Biblioteka \u017boliborz \u2013 tekst ETR (PDF)<\/a><\/p><p>\n<\/p><\/section>\n","protected":false},"excerpt":{"rendered":"<p>Deklaracja dost\u0119pno\u015bci Biblioteka Publiczna w Dzielnicy \u017boliborz m. st. Warszawy zobowi\u0105zuje si\u0119 zapewni\u0107 dost\u0119pno\u015b\u0107 swojej strony internetowej zgodnie z ustaw\u0105 z dnia 4 kwietnia 2019 r. o dost\u0119pno\u015bci cyfrowej stron internetowych i aplikacji mobilnych podmiot\u00f3w publicznych. Deklaracja dost\u0119pno\u015bci dotyczy strony https:\/\/bpzoliborz.pl\/bpzoliborz. Data publikacji strony internetowej:18 lipca 2020 r. Data ostatniej istotnej aktualizacji:15 lutego 2025 r.&hellip;&nbsp;<a href=\"https:\/\/bpzoliborz.pl\/bpzoliborz\/index.php\/deklaracja-dostepnosci\/\" class=\"\" rel=\"bookmark\">Czytaj wi\u0119cej &raquo;<span class=\"screen-reader-text\">Deklaracja dost\u0119pno\u015bci<\/span><\/a><\/p>\n","protected":false},"author":3,"featured_media":0,"parent":0,"menu_order":0,"comment_status":"closed","ping_status":"closed","template":"","meta":{"_stopmodifiedupdate":false,"_modified_date":"","_eb_attr":"","neve_meta_sidebar":"full-width","neve_meta_container":"","neve_meta_enable_content_width":"on","neve_meta_content_width":100,"neve_meta_title_alignment":"","neve_meta_author_avatar":"","neve_post_elements_order":"","neve_meta_disable_header":"","neve_meta_disable_footer":"","neve_meta_disable_title":"on"},"_links":{"self":[{"href":"https:\/\/bpzoliborz.pl\/bpzoliborz\/index.php\/wp-json\/wp\/v2\/pages\/615"}],"collection":[{"href":"https:\/\/bpzoliborz.pl\/bpzoliborz\/index.php\/wp-json\/wp\/v2\/pages"}],"about":[{"href":"https:\/\/bpzoliborz.pl\/bpzoliborz\/index.php\/wp-json\/wp\/v2\/types\/page"}],"author":[{"embeddable":true,"href":"https:\/\/bpzoliborz.pl\/bpzoliborz\/index.php\/wp-json\/wp\/v2\/users\/3"}],"replies":[{"embeddable":true,"href":"https:\/\/bpzoliborz.pl\/bpzoliborz\/index.php\/wp-json\/wp\/v2\/comments?post=615"}],"version-history":[{"count":24,"href":"https:\/\/bpzoliborz.pl\/bpzoliborz\/index.php\/wp-json\/wp\/v2\/pages\/615\/revisions"}],"predecessor-version":[{"id":31857,"href":"https:\/\/bpzoliborz.pl\/bpzoliborz\/index.php\/wp-json\/wp\/v2\/pages\/615\/revisions\/31857"}],"wp:attachment":[{"href":"https:\/\/bpzoliborz.pl\/bpzoliborz\/index.php\/wp-json\/wp\/v2\/media?parent=615"}],"curies":[{"name":"wp","href":"https:\/\/api.w.org\/{rel}","templated":true}]}}