{"id":5509,"date":"2021-02-16T17:01:53","date_gmt":"2021-02-16T16:01:53","guid":{"rendered":"https:\/\/bpzoliborz.pl\/bpzoliborz\/?page_id=5509"},"modified":"2023-05-11T08:53:00","modified_gmt":"2023-05-11T06:53:00","slug":"dane-statystyczne","status":"publish","type":"page","link":"https:\/\/bpzoliborz.pl\/bpzoliborz\/index.php\/dane-statystyczne\/","title":{"rendered":"Dane statystyczne"},"content":{"rendered":"\t\t<div data-elementor-type=\"wp-page\" data-elementor-id=\"5509\" class=\"elementor elementor-5509\">\n\t\t\t\t\t\t<div class=\"elementor-inner\">\n\t\t\t\t<div class=\"elementor-section-wrap\">\n\t\t\t\t\t\t\t\t\t<section class=\"elementor-section elementor-top-section elementor-element elementor-element-5c18b8f elementor-section-boxed elementor-section-height-default elementor-section-height-default exad-glass-effect-no exad-sticky-section-no\" data-id=\"5c18b8f\" data-element_type=\"section\">\n\t\t\t\t\t\t<div class=\"elementor-container elementor-column-gap-default\">\n\t\t\t\t\t\t\t<div class=\"elementor-row\">\n\t\t\t\t\t<div class=\"elementor-column elementor-col-100 elementor-top-column elementor-element elementor-element-ef2c73c exad-glass-effect-no exad-sticky-section-no\" data-id=\"ef2c73c\" data-element_type=\"column\">\n\t\t\t<div class=\"elementor-column-wrap elementor-element-populated\">\n\t\t\t\t\t\t\t<div class=\"elementor-widget-wrap\">\n\t\t\t\t\t\t<div class=\"elementor-element elementor-element-6b34d42 exad-sticky-section-no exad-glass-effect-no elementor-widget elementor-widget-spacer\" data-id=\"6b34d42\" data-element_type=\"widget\" data-widget_type=\"spacer.default\">\n\t\t\t\t<div class=\"elementor-widget-container\">\n\t\t\t\t\t<div class=\"elementor-spacer\">\n\t\t\t<div class=\"elementor-spacer-inner\"><\/div>\n\t\t<\/div>\n\t\t\t\t<\/div>\n\t\t\t\t<\/div>\n\t\t\t\t\t\t<\/div>\n\t\t\t\t\t<\/div>\n\t\t<\/div>\n\t\t\t\t\t\t\t\t<\/div>\n\t\t\t\t\t<\/div>\n\t\t<\/section>\n\t\t\t\t<section class=\"elementor-section elementor-top-section elementor-element elementor-element-d475fac elementor-section-boxed elementor-section-height-default elementor-section-height-default exad-glass-effect-no exad-sticky-section-no\" data-id=\"d475fac\" data-element_type=\"section\">\n\t\t\t\t\t\t<div class=\"elementor-container elementor-column-gap-default\">\n\t\t\t\t\t\t\t<div class=\"elementor-row\">\n\t\t\t\t\t<div class=\"elementor-column elementor-col-100 elementor-top-column elementor-element elementor-element-85e4b37 exad-glass-effect-no exad-sticky-section-no\" data-id=\"85e4b37\" data-element_type=\"column\">\n\t\t\t<div class=\"elementor-column-wrap elementor-element-populated\">\n\t\t\t\t\t\t\t<div class=\"elementor-widget-wrap\">\n\t\t\t\t\t\t<div class=\"elementor-element elementor-element-7073485 exad-sticky-section-no exad-glass-effect-no elementor-widget elementor-widget-heading\" data-id=\"7073485\" data-element_type=\"widget\" data-widget_type=\"heading.default\">\n\t\t\t\t<div class=\"elementor-widget-container\">\n\t\t\t<h2 class=\"elementor-heading-title elementor-size-default\">Dane statystyczne<\/h2>\t\t<\/div>\n\t\t\t\t<\/div>\n\t\t\t\t\t\t<\/div>\n\t\t\t\t\t<\/div>\n\t\t<\/div>\n\t\t\t\t\t\t\t\t<\/div>\n\t\t\t\t\t<\/div>\n\t\t<\/section>\n\t\t\t\t<section class=\"elementor-section elementor-top-section elementor-element elementor-element-57092e0 elementor-section-boxed elementor-section-height-default elementor-section-height-default exad-glass-effect-no exad-sticky-section-no\" data-id=\"57092e0\" data-element_type=\"section\">\n\t\t\t\t\t\t<div class=\"elementor-container elementor-column-gap-default\">\n\t\t\t\t\t\t\t<div class=\"elementor-row\">\n\t\t\t\t\t<div class=\"elementor-column elementor-col-100 elementor-top-column elementor-element elementor-element-0bd43db exad-glass-effect-no exad-sticky-section-no\" data-id=\"0bd43db\" data-element_type=\"column\">\n\t\t\t<div class=\"elementor-column-wrap elementor-element-populated\">\n\t\t\t\t\t\t\t<div class=\"elementor-widget-wrap\">\n\t\t\t\t\t\t<div class=\"elementor-element elementor-element-51c8529 exad-sticky-section-no exad-glass-effect-no elementor-widget elementor-widget-spacer\" data-id=\"51c8529\" data-element_type=\"widget\" data-widget_type=\"spacer.default\">\n\t\t\t\t<div class=\"elementor-widget-container\">\n\t\t\t\t\t<div class=\"elementor-spacer\">\n\t\t\t<div class=\"elementor-spacer-inner\"><\/div>\n\t\t<\/div>\n\t\t\t\t<\/div>\n\t\t\t\t<\/div>\n\t\t\t\t\t\t<\/div>\n\t\t\t\t\t<\/div>\n\t\t<\/div>\n\t\t\t\t\t\t\t\t<\/div>\n\t\t\t\t\t<\/div>\n\t\t<\/section>\n\t\t\t\t<section class=\"elementor-section elementor-top-section elementor-element elementor-element-94aef95 elementor-section-boxed elementor-section-height-default elementor-section-height-default exad-glass-effect-no exad-sticky-section-no\" data-id=\"94aef95\" data-element_type=\"section\">\n\t\t\t\t\t\t<div class=\"elementor-container elementor-column-gap-default\">\n\t\t\t\t\t\t\t<div class=\"elementor-row\">\n\t\t\t\t\t<div class=\"elementor-column elementor-col-100 elementor-top-column elementor-element elementor-element-eabde05 exad-glass-effect-no exad-sticky-section-no\" data-id=\"eabde05\" data-element_type=\"column\">\n\t\t\t<div class=\"elementor-column-wrap elementor-element-populated\">\n\t\t\t\t\t\t\t<div class=\"elementor-widget-wrap\">\n\t\t\t\t\t\t<section class=\"elementor-section elementor-inner-section elementor-element elementor-element-1f8a66a elementor-section-boxed elementor-section-height-default elementor-section-height-default exad-glass-effect-no exad-sticky-section-no\" data-id=\"1f8a66a\" data-element_type=\"section\">\n\t\t\t\t\t\t<div class=\"elementor-container elementor-column-gap-default\">\n\t\t\t\t\t\t\t<div class=\"elementor-row\">\n\t\t\t\t\t<div class=\"elementor-column elementor-col-100 elementor-inner-column elementor-element elementor-element-e1f8b2b exad-glass-effect-no exad-sticky-section-no\" data-id=\"e1f8b2b\" data-element_type=\"column\">\n\t\t\t<div class=\"elementor-column-wrap elementor-element-populated\">\n\t\t\t\t\t\t\t<div class=\"elementor-widget-wrap\">\n\t\t\t\t\t\t<div class=\"elementor-element elementor-element-1b0d8ef exad-sticky-section-no exad-glass-effect-no elementor-widget elementor-widget-eael-adv-accordion\" data-id=\"1b0d8ef\" data-element_type=\"widget\" data-widget_type=\"eael-adv-accordion.default\">\n\t\t\t\t<div class=\"elementor-widget-container\">\n\t\t\t        <div class=\"eael-adv-accordion\" id=\"eael-adv-accordion-1b0d8ef\" data-scroll-on-click=\"no\" data-scroll-speed=\"300\" data-accordion-id=\"1b0d8ef\" data-accordion-type=\"accordion\" data-toogle-speed=\"300\">\n    <div class=\"eael-accordion-list\">\n                <div id=\"dane-za-rok-2022\" class=\"elementor-tab-title eael-accordion-header\" tabindex=\"0\" data-tab=\"1\" aria-controls=\"elementor-tab-content-2831\"><span class=\"eael-advanced-accordion-icon-closed\"><i aria-hidden=\"true\" class=\"fa-accordion-icon fas fa-plus\"><\/i><\/span><span class=\"eael-advanced-accordion-icon-opened\"><i aria-hidden=\"true\" class=\"fa-accordion-icon fas fa-minus\"><\/i><\/span><span class=\"eael-accordion-tab-title\">Dane za rok 2022<\/span><i aria-hidden=\"true\" class=\"fa-toggle fas fa-angle-right\"><\/i><\/div><div id=\"elementor-tab-content-2831\" class=\"eael-accordion-content clearfix\" data-tab=\"1\" aria-labelledby=\"dane-za-rok-2022\"><p>Wielko\u015b\u0107 zbior\u00f3w :\u00a0<\/p><p style=\"padding-left: 40px;\">ksi\u0105\u017cki:\u00a0<\/p><p style=\"padding-left: 40px;\">audiobooki:<\/p><p>\u00a0<\/p><p>Zakupionych pozycji:<\/p><p style=\"padding-left: 40px;\">ksi\u0105\u017cki:<\/p><p style=\"padding-left: 40px;\">audiobooki:<\/p><p>\u00a0<\/p><p>Liczba zarejestrowanych czytelnik\u00f3w:<\/p><p>Liczba odwiedzin:<strong>\u00a0<\/strong><\/p><p>\u00a0<\/p><p>Wypo\u017cyczenia<\/p><p>ksi\u0105\u017cki:<\/p><p>audiobooki:<\/p><p>prasa:<\/p><\/div>\n                <\/div><div class=\"eael-accordion-list\">\n                <div id=\"dane-za-rok-2021\" class=\"elementor-tab-title eael-accordion-header\" tabindex=\"0\" data-tab=\"2\" aria-controls=\"elementor-tab-content-2832\"><span class=\"eael-advanced-accordion-icon-closed\"><i aria-hidden=\"true\" class=\"fa-accordion-icon fas fa-plus\"><\/i><\/span><span class=\"eael-advanced-accordion-icon-opened\"><i aria-hidden=\"true\" class=\"fa-accordion-icon fas fa-minus\"><\/i><\/span><span class=\"eael-accordion-tab-title\">Dane za rok 2021<\/span><i aria-hidden=\"true\" class=\"fa-toggle fas fa-angle-right\"><\/i><\/div><div id=\"elementor-tab-content-2832\" class=\"eael-accordion-content clearfix\" data-tab=\"2\" aria-labelledby=\"dane-za-rok-2021\"><p>Wielko\u015b\u0107 zbior\u00f3w :\u00a0<\/p><p style=\"padding-left: 40px;\">ksi\u0105\u017cki: <span style=\"color: #0000ff;\"><strong>133858<\/strong><\/span><\/p><p style=\"padding-left: 40px;\">audiobooki: <span style=\"color: #0000ff;\"><strong>13617<\/strong><\/span><\/p><p>Zakupionych pozycji:<\/p><p style=\"padding-left: 40px;\">ksi\u0105\u017cki: <span style=\"color: #0000ff;\"><strong>6036<\/strong><\/span><\/p><p style=\"padding-left: 40px;\">audiobooki: <span style=\"color: #0000ff;\"><strong>1566<\/strong><\/span><\/p><p>Liczba zarejestrowanych czytelnik\u00f3w:<span style=\"color: #0000ff;\"><strong> 11278<\/strong><\/span><\/p><p>Liczba odwiedzin:<span style=\"color: #0000ff;\"><strong> 104458<\/strong><\/span><\/p><p>Wypo\u017cyczenia<\/p><p>ksi\u0105\u017cki: <span style=\"color: #0000ff;\"><strong>215906<\/strong><\/span><\/p><p>audiobooki:<span style=\"color: #0000ff;\"><strong> 14289<\/strong><\/span><\/p><p>prasa: <span style=\"color: #0000ff;\"><strong>17814<\/strong><\/span><\/p><\/div>\n                <\/div><div class=\"eael-accordion-list\">\n                <div id=\"dane-za-rok-2020\" class=\"elementor-tab-title eael-accordion-header\" tabindex=\"0\" data-tab=\"3\" aria-controls=\"elementor-tab-content-2833\"><span class=\"eael-advanced-accordion-icon-closed\"><i aria-hidden=\"true\" class=\"fa-accordion-icon fas fa-plus\"><\/i><\/span><span class=\"eael-advanced-accordion-icon-opened\"><i aria-hidden=\"true\" class=\"fa-accordion-icon fas fa-minus\"><\/i><\/span><span class=\"eael-accordion-tab-title\">Dane za rok 2020<\/span><i aria-hidden=\"true\" class=\"fa-toggle fas fa-angle-right\"><\/i><\/div><div id=\"elementor-tab-content-2833\" class=\"eael-accordion-content clearfix\" data-tab=\"3\" aria-labelledby=\"dane-za-rok-2020\"><p>Wielko\u015b\u0107 zbior\u00f3w\u00a0<\/p><p style=\"padding-left: 40px;\">ksi\u0105\u017cki: <strong><span style=\"color: #0000ff;\">130360<\/span><\/strong><\/p><p style=\"padding-left: 40px;\">audiobooki:<span style=\"color: #0000ff;\"><strong> 11990<\/strong><\/span><\/p><p>Zakupionych pozycji:<\/p><p style=\"padding-left: 40px;\">ksi\u0105\u017cki: <span style=\"color: #0000ff;\"><strong>4207<\/strong><\/span><\/p><p style=\"padding-left: 40px;\">audiobooki: <strong><span style=\"color: #0000ff;\">4287<\/span><\/strong><\/p><p>Liczba zarejestrowanych czytelnik\u00f3w: <strong><span style=\"color: #0000ff;\">11357<\/span><\/strong><\/p><p>Liczba odwiedzin:<span style=\"color: #0000ff;\"><strong> 84961<\/strong><\/span><\/p><p>Wypo\u017cyczenia<\/p><p>ksi\u0105\u017cki: <span style=\"color: #0000ff;\"><strong>177662<\/strong><\/span><\/p><p>audiobooki:<span style=\"color: #0000ff;\"><strong> 12948<\/strong><\/span><\/p><p>prasa: <span style=\"color: #0000ff;\"><strong>6704<\/strong><\/span><\/p><\/div>\n                <\/div><div class=\"eael-accordion-list\">\n                <div id=\"dane-za-rok-2019\" class=\"elementor-tab-title eael-accordion-header\" tabindex=\"0\" data-tab=\"4\" aria-controls=\"elementor-tab-content-2834\"><span class=\"eael-advanced-accordion-icon-closed\"><i aria-hidden=\"true\" class=\"fa-accordion-icon fas fa-plus\"><\/i><\/span><span class=\"eael-advanced-accordion-icon-opened\"><i aria-hidden=\"true\" class=\"fa-accordion-icon fas fa-minus\"><\/i><\/span><span class=\"eael-accordion-tab-title\">Dane za rok 2019<\/span><i aria-hidden=\"true\" class=\"fa-toggle fas fa-angle-right\"><\/i><\/div><div id=\"elementor-tab-content-2834\" class=\"eael-accordion-content clearfix\" data-tab=\"4\" aria-labelledby=\"dane-za-rok-2019\"><p>Wielko\u015b\u0107 zbior\u00f3w :\u00a0<\/p><p style=\"padding-left: 40px;\">ksi\u0105\u017cki: <span style=\"color: #0000ff;\"><strong>130242<\/strong><\/span><\/p><p style=\"padding-left: 40px;\">audiobooki:<span style=\"color: #0000ff;\"><strong> 11057<\/strong><\/span><\/p><p>Zakupionych pozycji:<\/p><p style=\"padding-left: 40px;\">ksi\u0105\u017cki: <span style=\"color: #0000ff;\"><strong>4859<\/strong><\/span><\/p><p style=\"padding-left: 40px;\">audiobooki: <span style=\"color: #0000ff;\"><strong>827<\/strong><\/span><\/p><p>Liczba zarejestrowanych czytelnik\u00f3w:<span style=\"color: #0000ff;\"><strong> 13630<\/strong><\/span><\/p><p>Liczba odwiedzin:<span style=\"color: #0000ff;\"><strong> 151207<\/strong><\/span><\/p><p>Wypo\u017cyczenia<\/p><p>ksi\u0105\u017cki:<span style=\"color: #0000ff;\"><strong> 243188<\/strong><\/span><\/p><p>audiobooki: <span style=\"color: #0000ff;\"><strong>18908<\/strong><\/span><\/p><p>prasa: <span style=\"color: #0000ff;\"><strong>43475<\/strong><\/span><\/p><\/div>\n                <\/div><div class=\"eael-accordion-list\">\n                <div id=\"dane-za-rok-2018\" class=\"elementor-tab-title eael-accordion-header\" tabindex=\"0\" data-tab=\"5\" aria-controls=\"elementor-tab-content-2835\"><span class=\"eael-advanced-accordion-icon-closed\"><i aria-hidden=\"true\" class=\"fa-accordion-icon fas fa-plus\"><\/i><\/span><span class=\"eael-advanced-accordion-icon-opened\"><i aria-hidden=\"true\" class=\"fa-accordion-icon fas fa-minus\"><\/i><\/span><span class=\"eael-accordion-tab-title\">Dane za rok 2018<\/span><i aria-hidden=\"true\" class=\"fa-toggle fas fa-angle-right\"><\/i><\/div><div id=\"elementor-tab-content-2835\" class=\"eael-accordion-content clearfix\" data-tab=\"5\" aria-labelledby=\"dane-za-rok-2018\"><p>Wielko\u015b\u0107 zbior\u00f3w :\u00a0<\/p><p style=\"padding-left: 40px;\">ksi\u0105\u017cki:<span style=\"color: #0000ff;\"><strong> 137980<\/strong><\/span><\/p><p style=\"padding-left: 40px;\">audiobooki:<span style=\"color: #0000ff;\"> <strong>10207<\/strong><\/span><\/p><p>Zakupionych pozycji:<\/p><p style=\"padding-left: 40px;\">ksi\u0105\u017cki: <span style=\"color: #0000ff;\"><strong>6022<\/strong><\/span><\/p><p style=\"padding-left: 40px;\">audiobooki: <span style=\"color: #0000ff;\"><strong>1244<\/strong><\/span><\/p><p>Liczba zarejestrowanych czytelnik\u00f3w:<span style=\"color: #0000ff;\"><strong> 12721<\/strong><\/span><\/p><p>Liczba odwiedzin:<span style=\"color: #0000ff;\"><strong> 138612<\/strong><\/span><\/p><p>Wypo\u017cyczenia<\/p><p>ksi\u0105\u017cki: <span style=\"color: #0000ff;\"><strong>212693<\/strong><\/span><\/p><p>audiobooki:<span style=\"color: #0000ff;\"><strong> 17723<\/strong><\/span><\/p><p>prasa: <span style=\"color: #0000ff;\"><strong>41892<\/strong><\/span><\/p><\/div>\n                <\/div><div class=\"eael-accordion-list\">\n                <div id=\"dane-za-rok-2017\" class=\"elementor-tab-title eael-accordion-header\" tabindex=\"0\" data-tab=\"6\" aria-controls=\"elementor-tab-content-2836\"><span class=\"eael-advanced-accordion-icon-closed\"><i aria-hidden=\"true\" class=\"fa-accordion-icon fas fa-plus\"><\/i><\/span><span class=\"eael-advanced-accordion-icon-opened\"><i aria-hidden=\"true\" class=\"fa-accordion-icon fas fa-minus\"><\/i><\/span><span class=\"eael-accordion-tab-title\">Dane za rok 2017<\/span><i aria-hidden=\"true\" class=\"fa-toggle fas fa-angle-right\"><\/i><\/div><div id=\"elementor-tab-content-2836\" class=\"eael-accordion-content clearfix\" data-tab=\"6\" aria-labelledby=\"dane-za-rok-2017\"><p>Wielko\u015b\u0107 zbior\u00f3w :\u00a0<\/p><p style=\"padding-left: 40px;\">ksi\u0105\u017cki: <span style=\"color: #0000ff;\"><strong>132924<\/strong><\/span><\/p><p style=\"padding-left: 40px;\">audiobooki:<span style=\"color: #0000ff;\"><strong> 8917<\/strong><\/span><\/p><p>Zakupionych pozycji:<\/p><p style=\"padding-left: 40px;\">ksi\u0105\u017cki: <span style=\"color: #0000ff;\"><strong>5902<\/strong><\/span><\/p><p style=\"padding-left: 40px;\">audiobooki:<span style=\"color: #0000ff;\"> <strong>1378<\/strong><\/span><\/p><p>Liczba zarejestrowanych czytelnik\u00f3w:<span style=\"color: #0000ff;\"> <strong>12753<\/strong><\/span><\/p><p>Liczba odwiedzin:<span style=\"color: #0000ff;\"><strong> 152414<\/strong><\/span><\/p><p>Wypo\u017cyczenia:\u00a0<\/p><p>ksi\u0105\u017cki:<span style=\"color: #0000ff;\"><strong> 230855<\/strong><\/span><\/p><p>audiobooki:<span style=\"color: #0000ff;\"> <strong>16886<\/strong><\/span><\/p><p>prasa: &#8211;<\/p><\/div>\n                <\/div><\/div>\t\t<\/div>\n\t\t\t\t<\/div>\n\t\t\t\t\t\t<\/div>\n\t\t\t\t\t<\/div>\n\t\t<\/div>\n\t\t\t\t\t\t\t\t<\/div>\n\t\t\t\t\t<\/div>\n\t\t<\/section>\n\t\t\t\t\t\t<\/div>\n\t\t\t\t\t<\/div>\n\t\t<\/div>\n\t\t\t\t\t\t\t\t<\/div>\n\t\t\t\t\t<\/div>\n\t\t<\/section>\n\t\t\t\t<section class=\"elementor-section elementor-top-section elementor-element elementor-element-126bb31 elementor-section-boxed elementor-section-height-default elementor-section-height-default exad-glass-effect-no exad-sticky-section-no\" data-id=\"126bb31\" data-element_type=\"section\">\n\t\t\t\t\t\t<div class=\"elementor-container elementor-column-gap-default\">\n\t\t\t\t\t\t\t<div class=\"elementor-row\">\n\t\t\t\t\t<div class=\"elementor-column elementor-col-100 elementor-top-column elementor-element elementor-element-fcdd27e exad-glass-effect-no exad-sticky-section-no\" data-id=\"fcdd27e\" data-element_type=\"column\">\n\t\t\t<div class=\"elementor-column-wrap elementor-element-populated\">\n\t\t\t\t\t\t\t<div class=\"elementor-widget-wrap\">\n\t\t\t\t\t\t<div class=\"elementor-element elementor-element-f16fde3 exad-sticky-section-no exad-glass-effect-no elementor-widget elementor-widget-spacer\" data-id=\"f16fde3\" data-element_type=\"widget\" data-widget_type=\"spacer.default\">\n\t\t\t\t<div class=\"elementor-widget-container\">\n\t\t\t\t\t<div class=\"elementor-spacer\">\n\t\t\t<div class=\"elementor-spacer-inner\"><\/div>\n\t\t<\/div>\n\t\t\t\t<\/div>\n\t\t\t\t<\/div>\n\t\t\t\t\t\t<\/div>\n\t\t\t\t\t<\/div>\n\t\t<\/div>\n\t\t\t\t\t\t\t\t<\/div>\n\t\t\t\t\t<\/div>\n\t\t<\/section>\n\t\t\t\t\t\t\t\t\t<\/div>\n\t\t\t<\/div>\n\t\t\t\t\t<\/div>\n\t\t","protected":false},"excerpt":{"rendered":"<p>Dane statystyczne Dane za rok 2022 Wielko\u015b\u0107 zbior\u00f3w :\u00a0 ksi\u0105\u017cki:\u00a0 audiobooki: \u00a0 Zakupionych pozycji: ksi\u0105\u017cki: audiobooki: \u00a0 Liczba zarejestrowanych czytelnik\u00f3w: Liczba odwiedzin:\u00a0 \u00a0 Wypo\u017cyczenia ksi\u0105\u017cki: audiobooki: prasa: Dane za rok 2021 Wielko\u015b\u0107 zbior\u00f3w :\u00a0 ksi\u0105\u017cki: 133858 audiobooki: 13617 Zakupionych pozycji: ksi\u0105\u017cki: 6036 audiobooki: 1566 Liczba zarejestrowanych czytelnik\u00f3w: 11278 Liczba odwiedzin: 104458 Wypo\u017cyczenia ksi\u0105\u017cki: 215906 audiobooki:&hellip;&nbsp;<a href=\"https:\/\/bpzoliborz.pl\/bpzoliborz\/index.php\/dane-statystyczne\/\" class=\"\" rel=\"bookmark\">Czytaj wi\u0119cej &raquo;<span class=\"screen-reader-text\">Dane statystyczne<\/span><\/a><\/p>\n","protected":false},"author":3,"featured_media":894,"parent":0,"menu_order":0,"comment_status":"closed","ping_status":"closed","template":"","meta":{"_stopmodifiedupdate":false,"_modified_date":"","_eb_attr":"","neve_meta_sidebar":"full-width","neve_meta_container":"","neve_meta_enable_content_width":"on","neve_meta_content_width":100,"neve_meta_title_alignment":"","neve_meta_author_avatar":"","neve_post_elements_order":"","neve_meta_disable_header":"","neve_meta_disable_footer":"","neve_meta_disable_title":"on"},"_links":{"self":[{"href":"https:\/\/bpzoliborz.pl\/bpzoliborz\/index.php\/wp-json\/wp\/v2\/pages\/5509"}],"collection":[{"href":"https:\/\/bpzoliborz.pl\/bpzoliborz\/index.php\/wp-json\/wp\/v2\/pages"}],"about":[{"href":"https:\/\/bpzoliborz.pl\/bpzoliborz\/index.php\/wp-json\/wp\/v2\/types\/page"}],"author":[{"embeddable":true,"href":"https:\/\/bpzoliborz.pl\/bpzoliborz\/index.php\/wp-json\/wp\/v2\/users\/3"}],"replies":[{"embeddable":true,"href":"https:\/\/bpzoliborz.pl\/bpzoliborz\/index.php\/wp-json\/wp\/v2\/comments?post=5509"}],"version-history":[{"count":4,"href":"https:\/\/bpzoliborz.pl\/bpzoliborz\/index.php\/wp-json\/wp\/v2\/pages\/5509\/revisions"}],"predecessor-version":[{"id":15971,"href":"https:\/\/bpzoliborz.pl\/bpzoliborz\/index.php\/wp-json\/wp\/v2\/pages\/5509\/revisions\/15971"}],"wp:featuredmedia":[{"embeddable":true,"href":"https:\/\/bpzoliborz.pl\/bpzoliborz\/index.php\/wp-json\/wp\/v2\/media\/894"}],"wp:attachment":[{"href":"https:\/\/bpzoliborz.pl\/bpzoliborz\/index.php\/wp-json\/wp\/v2\/media?parent=5509"}],"curies":[{"name":"wp","href":"https:\/\/api.w.org\/{rel}","templated":true}]}}