{"id":5505,"date":"2021-02-16T17:01:26","date_gmt":"2021-02-16T16:01:26","guid":{"rendered":"https:\/\/bpzoliborz.pl\/bpzoliborz\/?page_id=5505"},"modified":"2021-04-07T10:03:42","modified_gmt":"2021-04-07T08:03:42","slug":"dostepnosc-2","status":"publish","type":"page","link":"https:\/\/bpzoliborz.pl\/bpzoliborz\/index.php\/dostepnosc-2\/","title":{"rendered":"Dost\u0119pno\u015b\u0107"},"content":{"rendered":"\t\t<div data-elementor-type=\"wp-page\" data-elementor-id=\"5505\" class=\"elementor elementor-5505\">\n\t\t\t\t\t\t<div class=\"elementor-inner\">\n\t\t\t\t<div class=\"elementor-section-wrap\">\n\t\t\t\t\t\t\t\t\t<section class=\"elementor-section elementor-top-section elementor-element elementor-element-608857a2 elementor-section-boxed elementor-section-height-default elementor-section-height-default exad-glass-effect-no exad-sticky-section-no\" data-id=\"608857a2\" data-element_type=\"section\">\n\t\t\t\t\t\t<div class=\"elementor-container elementor-column-gap-default\">\n\t\t\t\t\t\t\t<div class=\"elementor-row\">\n\t\t\t\t\t<div class=\"elementor-column elementor-col-100 elementor-top-column elementor-element elementor-element-55cf539f exad-glass-effect-no exad-sticky-section-no\" data-id=\"55cf539f\" data-element_type=\"column\">\n\t\t\t<div class=\"elementor-column-wrap elementor-element-populated\">\n\t\t\t\t\t\t\t<div class=\"elementor-widget-wrap\">\n\t\t\t\t\t\t<div class=\"elementor-element elementor-element-560431d0 exad-sticky-section-no exad-glass-effect-no elementor-widget elementor-widget-spacer\" data-id=\"560431d0\" data-element_type=\"widget\" data-widget_type=\"spacer.default\">\n\t\t\t\t<div class=\"elementor-widget-container\">\n\t\t\t\t\t<div class=\"elementor-spacer\">\n\t\t\t<div class=\"elementor-spacer-inner\"><\/div>\n\t\t<\/div>\n\t\t\t\t<\/div>\n\t\t\t\t<\/div>\n\t\t\t\t\t\t<\/div>\n\t\t\t\t\t<\/div>\n\t\t<\/div>\n\t\t\t\t\t\t\t\t<\/div>\n\t\t\t\t\t<\/div>\n\t\t<\/section>\n\t\t\t\t<section class=\"elementor-section elementor-top-section elementor-element elementor-element-24d71191 elementor-section-boxed elementor-section-height-default elementor-section-height-default exad-glass-effect-no exad-sticky-section-no\" data-id=\"24d71191\" data-element_type=\"section\">\n\t\t\t\t\t\t<div class=\"elementor-container elementor-column-gap-default\">\n\t\t\t\t\t\t\t<div class=\"elementor-row\">\n\t\t\t\t\t<div class=\"elementor-column elementor-col-100 elementor-top-column elementor-element elementor-element-2e264fa8 exad-glass-effect-no exad-sticky-section-no\" data-id=\"2e264fa8\" data-element_type=\"column\">\n\t\t\t<div class=\"elementor-column-wrap elementor-element-populated\">\n\t\t\t\t\t\t\t<div class=\"elementor-widget-wrap\">\n\t\t\t\t\t\t<div class=\"elementor-element elementor-element-4c77b471 exad-sticky-section-no exad-glass-effect-no elementor-widget elementor-widget-heading\" data-id=\"4c77b471\" data-element_type=\"widget\" data-widget_type=\"heading.default\">\n\t\t\t\t<div class=\"elementor-widget-container\">\n\t\t\t<h2 class=\"elementor-heading-title elementor-size-default\">Dost\u0119pno\u015b\u0107<\/h2>\t\t<\/div>\n\t\t\t\t<\/div>\n\t\t\t\t\t\t<\/div>\n\t\t\t\t\t<\/div>\n\t\t<\/div>\n\t\t\t\t\t\t\t\t<\/div>\n\t\t\t\t\t<\/div>\n\t\t<\/section>\n\t\t\t\t<section class=\"elementor-section elementor-top-section elementor-element elementor-element-7d6225d7 elementor-section-boxed elementor-section-height-default elementor-section-height-default exad-glass-effect-no exad-sticky-section-no\" data-id=\"7d6225d7\" data-element_type=\"section\">\n\t\t\t\t\t\t<div class=\"elementor-container elementor-column-gap-default\">\n\t\t\t\t\t\t\t<div class=\"elementor-row\">\n\t\t\t\t\t<div class=\"elementor-column elementor-col-100 elementor-top-column elementor-element elementor-element-34c6d362 exad-glass-effect-no exad-sticky-section-no\" data-id=\"34c6d362\" data-element_type=\"column\">\n\t\t\t<div class=\"elementor-column-wrap elementor-element-populated\">\n\t\t\t\t\t\t\t<div class=\"elementor-widget-wrap\">\n\t\t\t\t\t\t<div class=\"elementor-element elementor-element-38f48275 exad-sticky-section-no exad-glass-effect-no elementor-widget elementor-widget-spacer\" data-id=\"38f48275\" data-element_type=\"widget\" data-widget_type=\"spacer.default\">\n\t\t\t\t<div class=\"elementor-widget-container\">\n\t\t\t\t\t<div class=\"elementor-spacer\">\n\t\t\t<div class=\"elementor-spacer-inner\"><\/div>\n\t\t<\/div>\n\t\t\t\t<\/div>\n\t\t\t\t<\/div>\n\t\t\t\t\t\t<\/div>\n\t\t\t\t\t<\/div>\n\t\t<\/div>\n\t\t\t\t\t\t\t\t<\/div>\n\t\t\t\t\t<\/div>\n\t\t<\/section>\n\t\t\t\t<section class=\"elementor-section elementor-top-section elementor-element elementor-element-56d8b5b elementor-section-boxed elementor-section-height-default elementor-section-height-default exad-glass-effect-no exad-sticky-section-no\" data-id=\"56d8b5b\" data-element_type=\"section\">\n\t\t\t\t\t\t<div class=\"elementor-container elementor-column-gap-default\">\n\t\t\t\t\t\t\t<div class=\"elementor-row\">\n\t\t\t\t\t<div class=\"elementor-column elementor-col-100 elementor-top-column elementor-element elementor-element-35f95ca0 exad-glass-effect-no exad-sticky-section-no\" data-id=\"35f95ca0\" data-element_type=\"column\">\n\t\t\t<div class=\"elementor-column-wrap elementor-element-populated\">\n\t\t\t\t\t\t\t<div class=\"elementor-widget-wrap\">\n\t\t\t\t\t\t<div class=\"elementor-element elementor-element-1d71d933 exad-sticky-section-no exad-glass-effect-no elementor-widget elementor-widget-heading\" data-id=\"1d71d933\" data-element_type=\"widget\" data-widget_type=\"heading.default\">\n\t\t\t\t<div class=\"elementor-widget-container\">\n\t\t\t<h2 class=\"elementor-heading-title elementor-size-default\">Biblioteka w Dzielnicy \u017boliborz<\/h2>\t\t<\/div>\n\t\t\t\t<\/div>\n\t\t\t\t<div class=\"elementor-element elementor-element-91dec73 exad-sticky-section-no exad-glass-effect-no elementor-widget elementor-widget-text-editor\" data-id=\"91dec73\" data-element_type=\"widget\" data-widget_type=\"text-editor.default\">\n\t\t\t\t<div class=\"elementor-widget-container\">\n\t\t\t\t\t\t\t\t<div class=\"elementor-text-editor elementor-clearfix\">\n\t\t\t\t<p><span style=\"font-size: medium; font-family: Calibri, sans-serif; color: #000000; font-weight: var( --e-global-typography-text-font-weight );\">Biblioteka Publiczna w Dzielnicy \u017boliborz to nowoczesne, stale dostosowuj\u0105ce si\u0119 i otwarte na potrzeby spo\u0142eczno\u015bci centrum informacji oferuj\u0105ce r\u00f3\u017cnorodn\u0105 literatur\u0119 oraz ca\u0142y szereg innych zasob\u00f3w. W bogatych zbiorach Biblioteki znajduj\u0105 si\u0119 tradycyjne ksi\u0105\u017cki i czasopisma, audiobooki oraz filmy. Biblioteka zapewnia swoim czytelnikom r\u00f3wnie\u017c dost\u0119p do publikacji w wersji cyfrowej &#8211; ebook\u00f3w, za po\u015brednictwem platformy LEGIMI.<\/span><\/p><p align=\"LEFT\"><span style=\"color: #000000;\"><span style=\"font-family: Calibri, sans-serif;\"><span style=\"font-size: medium;\">Nasza Biblioteka<\/span><\/span><\/span><span style=\"color: #000000;\"><span style=\"font-family: Calibri, sans-serif;\"><span style=\"font-size: medium;\"> prowadzi trzy Oddzia\u0142y: Czytelni\u0119 Naukow\u0105 nr XVI przy pl. Inwalid\u00f3w 3, Wypo\u017cyczalni\u0119 dla Doros\u0142ych i M\u0142odzie\u017cy nr 16 przy ul. J. S\u0142owackiego 19A oraz Bibliotek\u0119 dla Dzieci i M\u0142odzie\u017cy nr XV przy ul. Broniewskiego 9a. W strukturze naszej Biblioteki s\u0105 r\u00f3wnie\u017c cztery filie: Biblioteka dla Doros\u0142ych i M\u0142odzie\u017cy nr 138 przy ul. Broniewskiego 9a, Biblioteka dla Dzieci i M\u0142odzie\u017cy nr XX oraz Wypo\u017cyczalnia dla Doros\u0142ych i M\u0142odzie\u017cy nr 13 przy ul. \u015amia\u0142ej 24 a tak\u017ce Biblioteka dla Doros\u0142ych, M\u0142odzie\u017cy i Dzieci nr 111 przy ul. Mickiewicza 65 i Czytelnia Pod Sowami przy ul. Gen. Zaj\u0105czka 8, kt\u00f3ra pe\u0142ni te\u017c funkcj\u0119 Miejsca Aktywno\u015bci Lokalnej.<\/span><\/span><\/span> <span style=\"color: #000000;\"><span style=\"font-family: Calibri, sans-serif;\"><span style=\"font-size: medium;\">Ka\u017cda z plac\u00f3wek posiada ksi\u0119gozbi\u00f3r dostosowany do preferencji swoich czytelnik\u00f3w oraz nowoczesne stanowiska komputerowe z dost\u0119pem do internetu, skanera i drukarek.<\/span><\/span><\/span><\/p><p align=\"LEFT\"><span style=\"color: #000000;\"><span style=\"font-family: Calibri, sans-serif;\"><span style=\"font-size: medium;\">Biblioteka jest instytucj\u0105 kultury otwart\u0105 dla wszystkich mieszka\u0144c\u00f3w Warszawy. Wspiera dzia\u0142ania lokalne na rzecz mieszka\u0144c\u00f3w, aktywuje senior\u00f3w, integruje spo\u0142eczno\u015b\u0107 lokaln\u0105. S\u0142u\u017cy zaspokajaniu potrzeb czytelniczych, informacyjnych, kulturalnych i edukacyjnych. Jej zbiory licz\u0105 ok 130 tysi\u0119cy jednostek inwentarzowych. Biblioteka gromadzi, opracowuje i udost\u0119pnia ksi\u0105\u017cki, czasopisma, zbiory audiowizualne: audiobooki i filmy. Anga\u017cuje si\u0119 w zadania zwi\u0105zane z dokumentacj\u0105, ochron\u0105 i promocj\u0105 dziedzictwa kulturowego dzielnicy i jej historii.\u00a0<\/span><\/span><\/span><\/p><p align=\"LEFT\"><span style=\"color: #000000;\"><span style=\"font-family: Calibri, sans-serif;\"><span style=\"font-size: medium;\">Bardzo wa\u017cne w pracy Biblioteki s\u0105 r\u00f3\u017cnorodne formy dzia\u0142alno\u015bci edukacyjno \u2013 kulturalnej. Oferta obejmuje mi\u0119dzy innymi: zaj\u0119cia dla najm\u0142odszych, lekcje biblioteczne dla dzieci i m\u0142odzie\u017cy, spotkania z pisarzami i lud\u017ami kultury, lokalnymi tw\u00f3rcami, wyk\u0142ady, odczyty i prelekcje dotycz\u0105ce historii Warszawy, wystawy tematyczne czy warsztaty artystyczne.<\/span><\/span><\/span><\/p>\t\t\t\t\t<\/div>\n\t\t\t\t\t\t<\/div>\n\t\t\t\t<\/div>\n\t\t\t\t\t\t<\/div>\n\t\t\t\t\t<\/div>\n\t\t<\/div>\n\t\t\t\t\t\t\t\t<\/div>\n\t\t\t\t\t<\/div>\n\t\t<\/section>\n\t\t\t\t<section class=\"elementor-section elementor-top-section elementor-element elementor-element-3eeeed0 elementor-section-boxed elementor-section-height-default elementor-section-height-default exad-glass-effect-no exad-sticky-section-no\" data-id=\"3eeeed0\" data-element_type=\"section\">\n\t\t\t\t\t\t<div class=\"elementor-container elementor-column-gap-default\">\n\t\t\t\t\t\t\t<div class=\"elementor-row\">\n\t\t\t\t\t<div class=\"elementor-column elementor-col-100 elementor-top-column elementor-element elementor-element-64450a8 exad-glass-effect-no exad-sticky-section-no\" data-id=\"64450a8\" data-element_type=\"column\">\n\t\t\t<div class=\"elementor-column-wrap elementor-element-populated\">\n\t\t\t\t\t\t\t<div class=\"elementor-widget-wrap\">\n\t\t\t\t\t\t<div class=\"elementor-element elementor-element-22f984f elementor-aspect-ratio-169 exad-sticky-section-no exad-glass-effect-no elementor-widget elementor-widget-video\" data-id=\"22f984f\" data-element_type=\"widget\" data-settings=\"{&quot;video_type&quot;:&quot;hosted&quot;,&quot;controls&quot;:&quot;yes&quot;,&quot;aspect_ratio&quot;:&quot;169&quot;}\" data-widget_type=\"video.default\">\n\t\t\t\t<div class=\"elementor-widget-container\">\n\t\t\t\t\t<div class=\"e-hosted-video elementor-wrapper elementor-fit-aspect-ratio elementor-open-inline\">\n\t\t\t\t\t<video class=\"elementor-video\" src=\"https:\/\/bpzoliborz.pl\/bpzoliborz\/wp-content\/uploads\/2020\/08\/NR.-56-Biblioteka-Publiczna-w-Dzielnicy-Zoliborz-OC.mp4\" controls=\"\" controlsList=\"nodownload\"><\/video>\n\t\t\t\t<\/div>\n\t\t\t\t<\/div>\n\t\t\t\t<\/div>\n\t\t\t\t\t\t<\/div>\n\t\t\t\t\t<\/div>\n\t\t<\/div>\n\t\t\t\t\t\t\t\t<\/div>\n\t\t\t\t\t<\/div>\n\t\t<\/section>\n\t\t\t\t<section class=\"elementor-section elementor-top-section elementor-element elementor-element-b471f52 elementor-section-boxed elementor-section-height-default elementor-section-height-default exad-glass-effect-no exad-sticky-section-no\" data-id=\"b471f52\" data-element_type=\"section\">\n\t\t\t\t\t\t<div class=\"elementor-container elementor-column-gap-default\">\n\t\t\t\t\t\t\t<div class=\"elementor-row\">\n\t\t\t\t\t<div class=\"elementor-column elementor-col-100 elementor-top-column elementor-element elementor-element-178cd75 exad-glass-effect-no exad-sticky-section-no\" data-id=\"178cd75\" data-element_type=\"column\">\n\t\t\t<div class=\"elementor-column-wrap\">\n\t\t\t\t\t\t\t<div class=\"elementor-widget-wrap\">\n\t\t\t\t\t\t\t\t<\/div>\n\t\t\t\t\t<\/div>\n\t\t<\/div>\n\t\t\t\t\t\t\t\t<\/div>\n\t\t\t\t\t<\/div>\n\t\t<\/section>\n\t\t\t\t<section class=\"elementor-section elementor-top-section elementor-element elementor-element-46b4515 elementor-section-boxed elementor-section-height-default elementor-section-height-default exad-glass-effect-no exad-sticky-section-no\" data-id=\"46b4515\" data-element_type=\"section\">\n\t\t\t\t\t\t<div class=\"elementor-container elementor-column-gap-default\">\n\t\t\t\t\t\t\t<div class=\"elementor-row\">\n\t\t\t\t\t<div class=\"elementor-column elementor-col-100 elementor-top-column elementor-element elementor-element-fb44581 exad-glass-effect-no exad-sticky-section-no\" data-id=\"fb44581\" data-element_type=\"column\">\n\t\t\t<div class=\"elementor-column-wrap elementor-element-populated\">\n\t\t\t\t\t\t\t<div class=\"elementor-widget-wrap\">\n\t\t\t\t\t\t<div class=\"elementor-element elementor-element-f5f94a9 exad-sticky-section-no exad-glass-effect-no elementor-widget elementor-widget-text-editor\" data-id=\"f5f94a9\" data-element_type=\"widget\" data-widget_type=\"text-editor.default\">\n\t\t\t\t<div class=\"elementor-widget-container\">\n\t\t\t\t\t\t\t\t<div class=\"elementor-text-editor elementor-clearfix\">\n\t\t\t\t<h2>Informacje o bibliotece w formacie ETR<\/h2><p><a href=\"https:\/\/bpzoliborz.pl\/bpzoliborz\/wp-content\/uploads\/2021\/04\/Biblioteka-Publiczna-w-Dzielnicy-Zoliborz.pdf\" target=\"_blank\" rel=\"noopener\">Biblioteka Publiczna w Dzielnicy \u017boliborz<\/a><\/p>\t\t\t\t\t<\/div>\n\t\t\t\t\t\t<\/div>\n\t\t\t\t<\/div>\n\t\t\t\t\t\t<\/div>\n\t\t\t\t\t<\/div>\n\t\t<\/div>\n\t\t\t\t\t\t\t\t<\/div>\n\t\t\t\t\t<\/div>\n\t\t<\/section>\n\t\t\t\t\t\t\t\t\t<\/div>\n\t\t\t<\/div>\n\t\t\t\t\t<\/div>\n\t\t","protected":false},"excerpt":{"rendered":"<p>Dost\u0119pno\u015b\u0107 Biblioteka w Dzielnicy \u017boliborz Biblioteka Publiczna w Dzielnicy \u017boliborz to nowoczesne, stale dostosowuj\u0105ce si\u0119 i otwarte na potrzeby spo\u0142eczno\u015bci centrum informacji oferuj\u0105ce r\u00f3\u017cnorodn\u0105 literatur\u0119 oraz ca\u0142y szereg innych zasob\u00f3w. W bogatych zbiorach Biblioteki znajduj\u0105 si\u0119 tradycyjne ksi\u0105\u017cki i czasopisma, audiobooki oraz filmy. Biblioteka zapewnia swoim czytelnikom r\u00f3wnie\u017c dost\u0119p do publikacji w wersji cyfrowej &#8211;&hellip;&nbsp;<a href=\"https:\/\/bpzoliborz.pl\/bpzoliborz\/index.php\/dostepnosc-2\/\" class=\"\" rel=\"bookmark\">Czytaj wi\u0119cej &raquo;<span class=\"screen-reader-text\">Dost\u0119pno\u015b\u0107<\/span><\/a><\/p>\n","protected":false},"author":3,"featured_media":5487,"parent":0,"menu_order":0,"comment_status":"closed","ping_status":"closed","template":"elementor_header_footer","meta":{"_stopmodifiedupdate":false,"_modified_date":"","_eb_attr":"","neve_meta_sidebar":"full-width","neve_meta_container":"","neve_meta_enable_content_width":"on","neve_meta_content_width":100,"neve_meta_title_alignment":"","neve_meta_author_avatar":"","neve_post_elements_order":"","neve_meta_disable_header":"","neve_meta_disable_footer":"","neve_meta_disable_title":""},"_links":{"self":[{"href":"https:\/\/bpzoliborz.pl\/bpzoliborz\/index.php\/wp-json\/wp\/v2\/pages\/5505"}],"collection":[{"href":"https:\/\/bpzoliborz.pl\/bpzoliborz\/index.php\/wp-json\/wp\/v2\/pages"}],"about":[{"href":"https:\/\/bpzoliborz.pl\/bpzoliborz\/index.php\/wp-json\/wp\/v2\/types\/page"}],"author":[{"embeddable":true,"href":"https:\/\/bpzoliborz.pl\/bpzoliborz\/index.php\/wp-json\/wp\/v2\/users\/3"}],"replies":[{"embeddable":true,"href":"https:\/\/bpzoliborz.pl\/bpzoliborz\/index.php\/wp-json\/wp\/v2\/comments?post=5505"}],"version-history":[{"count":39,"href":"https:\/\/bpzoliborz.pl\/bpzoliborz\/index.php\/wp-json\/wp\/v2\/pages\/5505\/revisions"}],"predecessor-version":[{"id":5810,"href":"https:\/\/bpzoliborz.pl\/bpzoliborz\/index.php\/wp-json\/wp\/v2\/pages\/5505\/revisions\/5810"}],"wp:featuredmedia":[{"embeddable":true,"href":"https:\/\/bpzoliborz.pl\/bpzoliborz\/index.php\/wp-json\/wp\/v2\/media\/5487"}],"wp:attachment":[{"href":"https:\/\/bpzoliborz.pl\/bpzoliborz\/index.php\/wp-json\/wp\/v2\/media?parent=5505"}],"curies":[{"name":"wp","href":"https:\/\/api.w.org\/{rel}","templated":true}]}}