{"id":3,"date":"2020-03-11T16:10:07","date_gmt":"2020-03-11T15:10:07","guid":{"rendered":"http:\/\/bpzoliborz.pl\/bpzoliborz\/?page_id=3"},"modified":"2020-08-17T23:23:20","modified_gmt":"2020-08-17T21:23:20","slug":"polityka-prywatnosci","status":"publish","type":"page","link":"https:\/\/bpzoliborz.pl\/bpzoliborz\/index.php\/polityka-prywatnosci\/","title":{"rendered":"Polityka prywatno\u015bci"},"content":{"rendered":"\n<h2>Kim jeste\u015bmy<\/h2>\n\n\n\n<p>Jeste\u015bmy Bibliotek\u0105 publiczn\u0105 w dzielnicy \u017boliborz m.st. Warszawy. Adres naszej strony internetowej to: https:\/\/bpzoliborz.pl\/bpzoliborz.<\/p>\n\n\n\n<h2>Jakie dane osobiste zbieramy i dlaczego je zbieramy<\/h2>\n\n\n\n<h3>Komentarze<\/h3>\n\n\n\n<p>Kiedy odwiedzaj\u0105cy witryn\u0119 zostawia komentarz, zbieramy dane widoczne w formularzu komentowania, jak i adres IP odwiedzaj\u0105cego oraz podpis jego przegl\u0105darki jako pomoc przy wykrywaniu spamu.<\/p>\n\n\n\n<p>Zanonimizowany ci\u0105g znak\u00f3w stworzony na podstawie twojego adresu email (tak zwany hash) mo\u017ce zosta\u0107 przes\u0142any do us\u0142ugi Gravatar w celu sprawdzenia czy jej u\u017cywasz. Polityka prywatno\u015bci us\u0142ugi Gravatar jest dost\u0119pna tutaj: https:\/\/automattic.com\/privacy\/. Po zatwierdzeniu komentarza tw\u00f3j obrazek profilowy jest widoczny publicznie w kontek\u015bcie twojego komentarza.<\/p>\n\n\n\n<h3>Media<\/h3>\n\n\n\n<p>Je\u015bli jeste\u015b zarejestrowanym u\u017cytkownikiem i wgrywasz na witryn\u0119 obrazki, powiniene\u015b unika\u0107 przesy\u0142ania obrazk\u00f3w z tagami EXIF lokalizacji. Odwiedzaj\u0105cy stron\u0119 mog\u0105 pobra\u0107 i odczyta\u0107 pe\u0142ne dane lokalizacyjne z obrazk\u00f3w w witrynie.<\/p>\n\n\n\n<h3>Formularze kontaktowe<\/h3>\n\n\n\n<p>W formularzach kontaktowych, o ile takie stosujemy zbieramy tylko takie informacje kt\u00f3re pozwol\u0105 nam skutecznie za\u0142atwi\u0107 &#8220;spraw\u0119&#8221;. Stosujemy szeroko rozumian\u0105 zasad\u0119 minimalizacji danych,.<\/p>\n\n\n\n<h3>Ciasteczka<\/h3>\n\n\n\n<p>Je\u015bli zostawisz na naszej witrynie komentarz, b\u0119dziesz m\u00f3g\u0142 wybra\u0107 opcj\u0119 zapisu twojej nazwy, adresu email i adresu strony internetowej w ciasteczkach, dzi\u0119ki kt\u00f3rym podczas pisania kolejnych komentarzy powy\u017csze informacje b\u0119d\u0105 ju\u017c dogodnie uzupe\u0142nione. Te ciasteczka wygasaj\u0105 po roku.<\/p>\n\n\n\n<p>Je\u015bli odwiedzisz stron\u0119 logowania, utworzymy tymczasowe ciasteczko na potrzeby sprawdzenia czy twoja przegl\u0105darka akceptuje ciasteczka. To ciasteczko nie zawiera \u017cadnych danych osobistych i zostanie wyrzucone, kiedy zamkniesz przegl\u0105dark\u0119.<\/p>\n\n\n\n<p>Podczas logowania tworzymy dodatkowo kilka ciasteczek potrzebnych do zapisu twoich informacji logowania oraz wybranych opcji ekranu. Ciasteczka logowania wygasaj\u0105 po dw\u00f3ch dniach, a opcji ekranu po roku. Je\u015bli zaznaczysz opcj\u0119 \u201ePami\u0119taj mnie\u201d, logowanie wyga\u015bnie po dw\u00f3ch tygodniach. Je\u015bli wylogujesz si\u0119 ze swojego konta, ciasteczka logowania zostan\u0105 usuni\u0119te.<\/p>\n\n\n\n<p>Je\u015bli zmodyfikujesz albo opublikujesz artyku\u0142, w twojej przegl\u0105darce zostanie zapisane dodatkowe ciasteczko. To ciasteczko nie zawiera \u017cadnych danych osobistych, wskazuj\u0105c po prostu na identyfikator przed chwil\u0105 edytowanego artyku\u0142u. Wygasa ono po 1 dniu.<\/p>\n\n\n\n<h3>Osadzone tre\u015bci z innych witryn<\/h3>\n\n\n\n<p>Artyku\u0142y na tej witrynie mog\u0105 zawiera\u0107 osadzone tre\u015bci (np. filmy, obrazki, artyku\u0142y itp.). Osadzone tre\u015bci z innych witryn zachowuj\u0105 si\u0119 analogicznie do tego, jakby u\u017cytkownik odwiedzi\u0142 bezpo\u015brednio konkretn\u0105 witryn\u0119.<\/p>\n\n\n\n<p>Witryny mog\u0105 zbiera\u0107 informacje o tobie, u\u017cywa\u0107 ciasteczek, do\u0142\u0105cza\u0107 dodatkowe, zewn\u0119trzne systemy \u015bledzenia i monitorowa\u0107 twoje interakcje z osadzonym materia\u0142em, w\u0142\u0105czaj\u0105c w to \u015bledzenie twoich interakcji z osadzonym materia\u0142em je\u015bli posiadasz konto i jeste\u015b zalogowany w tamtej witrynie.<\/p>\n\n\n\n<h3>Analiza statystyk<\/h3>\n\n\n\n<p>Na naszej stronie przetwarzamy dane w celach statystycznych. Interesuje nas jedynie to, ile razy odwiedzana by\u0142a nasza strona z danego adresu sieciowego. Sprawozdawczo\u015b\u0107 jest jednym z naszych obowi\u0105zk\u00f3w wynikajacym z przepis\u00f3w prawa.<\/p>\n\n\n\n<h2>Z kim dzielimy si\u0119 danymi<\/h2>\n\n\n\n<p>Dane z naszej strony internetowej, przetwarzane s\u0105 na zewn\u0119trznym hostingu, kt\u00f3rego nie jeste\u015bmy w\u0142a\u015bcicielem. Mamy podpisan\u0105 stosown\u0105 umow\u0119 powierzenia przetwarzania danych kt\u00f3ra reguluje nasze prawa i obowi\u0105zki podmiotu przetwarzaj\u0105cego.<\/p>\n\n\n\n<h2>Jak d\u0142ugo przechowujemy twoje dane<\/h2>\n\n\n\n<p>Je\u015bli zostawisz komentarz, jego tre\u015b\u0107 i metadane b\u0119d\u0105 przechowywane przez czas nieokre\u015blony. Dzi\u0119ki temu jeste\u015bmy w stanie rozpoznawa\u0107 i zatwierdza\u0107 kolejne komentarze automatycznie, bez wysy\u0142ania ich do ka\u017cdorazowej moderacji.<\/p>\n\n\n\n<p>Dla u\u017cytkownik\u00f3w kt\u00f3rzy zarejestrowali si\u0119 na naszej stronie internetowej (je\u015bli tacy s\u0105), przechowujemy r\u00f3wnie\u017c informacje osobiste wprowadzone w profilu. Ka\u017cdy u\u017cytkownik mo\u017ce dokona\u0107 wgl\u0105du, korekty albo skasowa\u0107 swoje informacje osobiste w dowolnej chwili (nie licz\u0105c nazwy u\u017cytkownika, kt\u00f3rej nie mo\u017cna zmieni\u0107). Administratorzy strony r\u00f3wnie\u017c mog\u0105 przegl\u0105da\u0107 i modyfikowa\u0107 te informacje.<\/p>\n\n\n\n<h2>Jakie masz prawa do swoich danych<\/h2>\n\n\n\n<p>Je\u015bli masz konto u\u017cytkownika albo doda\u0142e\u015b komentarze w tej witrynie, mo\u017cesz za\u017c\u0105da\u0107 dostarczenia pliku z wyeksportowanym kompletem twoich danych osobistych b\u0119d\u0105cych w naszym posiadaniu, w tym ca\u0142o\u015b\u0107 tych dostarczonych przez ciebie. Mo\u017cesz r\u00f3wnie\u017c za\u017c\u0105da\u0107 usuni\u0119cia przez nas ca\u0142o\u015bci twoich danych osobistych w naszym posiadaniu. Nie dotyczy to \u017cadnych danych kt\u00f3re jeste\u015bmy zobligowani zachowa\u0107 ze wzgl\u0119d\u00f3w administracyjnych, prawnych albo bezpiecze\u0144stwa.<\/p>\n\n\n\n<h2>Gdzie przesy\u0142amy dane<\/h2>\n\n\n\n<p>Komentarze go\u015bci mog\u0105 by\u0107 sprawdzane za pomoc\u0105 automatycznej us\u0142ugi wykrywania spamu.<\/p>\n\n\n\n<h2>Twoje dane kontaktowe<\/h2>\n\n\n\n<p>Dane kontaktowe zbieramy w celu umo\u017cliwienia kontaktu, w sprawie z kt\u00f3r\u0105 do nas si\u0119 zg\u0142aszasz. Mo\u017cemy je r\u00f3wnie\u017c przetwarza\u0107 w celach archiwalnych. Po up\u0142ywie 5 lat od ostatniego kontaktu informacje kontaktowe usuwamy.<\/p>\n\n\n\n<h2>Informacje dodatkowe<\/h2>\n\n\n\n<h3>Jak chronimy twoje dane?<\/h3>\n\n\n\n<p>Dane o u\u017cytkownikach strony internetowej, oraz inne dane przetwarzane w pozosta\u0142ych systemach informatycznych, pracuj\u0105cych w bibliotece zabezpieczamy przed utrat\u0105, poprzez regularne wykonywanie kopii zapasowych. Zgodnie z umow\u0105 nasz dostawca hostingu zobowi\u0105zany jest r\u00f3wnie\u017c do backupu danych z naszych aplikacji internetowych. W ramach zabezpieczania integralno\u015bci danych z naszych system\u00f3w, Biblioteka oraz dostawca hostingu, na bie\u017c\u0105co monitoruje i blokuje dzia\u0142alno\u015b\u0107 z\u0142o\u015bliwego oprogramowania, z wykorzystaniem oprogramowania antywirusowego, oraz oprogramowania wykrywaj\u0105cego anomalie wyst\u0119puj\u0105ce w dzia\u0142aniu naszych serwer\u00f3w. Poufno\u015b\u0107 chronimy poprzez stosowanie bezpiecznych hase\u0142, szyfrowanie baz, oraz szyfrowanie komunikacji pomi\u0119dzy Twoim komputerem, a naszymi serwerami.<\/p>\n\n\n\n<h3>Jakie mamy obowi\u0105zuj\u0105ce procedury w przypadku naruszenia prywatno\u015bci danych<\/h3>\n\n\n\n<p>W przypadku naruszenia prywatno\u015bci danych pracownicy biblioteki analizuj\u0105 to co si\u0119 wydarzy\u0142o i jaki wp\u0142yw na osob\u0119 kt\u00f3rej prywatno\u015b\u0107 zosta\u0142a naruszona, mo\u017ce mie\u0107 to zdarzenie. Je\u015bli naruszenie mo\u017ce mie\u0107 wysokie ryzyko naruszenia praw i wolno\u015bci, w\u00f3wczas zgodnie z wymogami prawa: informujemy osob\u0119 o tym co si\u0119 wydarzy\u0142o, jakie dane &#8220;wyciek\u0142y&#8221;, podpowiadamy w jaki spos\u00f3b zabezpieczy\u0107 si\u0119 przed skutkami zdarzenia, oraz informujemy prezesa urz\u0119du ochrony danych osobowych (UODO).<\/p>\n\n\n\n<h3>Od jakich stron trzecich otrzymujemy dane<\/h3>\n\n\n\n<p>Biblioteka mo\u017ce otrzymywa\u0107 dane od innych plac\u00f3wek bibliotecznych, w szczeg\u00f3lnych przypadkach, za zgod\u0105 zainteresowanego.<\/p>\n\n\n\n<h3>Jakie automatyczne podejmowanie decyzji i\/lub tworzenie profili przeprowadzamy z u\u017cyciem danych u\u017cytkownika.<\/h3>\n\n\n\n<p>W odniesieniu do strony internetowej  biblioteki nie podejmowane s\u0105 \u017cadne decyzje w spos\u00f3b automatyczny oraz nie dochodzi do profilowania w oparciu o dane u\u017cytkownika<\/p>\n\n\n\n<p>W przypadku oprogramowania bibliotecznego dochodzi do automatycznego podejmowania decyzji w przypadku naliczania kar za nieterminowy zwrot materia\u0142\u00f3w bibliotecznych. Profilowanie czytelnik\u00f3w zosta\u0142o wy\u0142\u0105czone w oprogramowaniu bibliotecznym.<\/p>\n\n\n\n<h3>Bran\u017cowe wymogi regulacyjne dotycz\u0105ce ujawniania informacji<\/h3>\n\n\n\n<p>Na dzie\u0144 dzisiejszy brak jest bran\u017cowych wymog\u00f3w regulacyjnych dotycz\u0105cych ujawniania informacji w bibliotekach<\/p>\n","protected":false},"excerpt":{"rendered":"<p>Kim jeste\u015bmy Jeste\u015bmy Bibliotek\u0105 publiczn\u0105 w dzielnicy \u017boliborz m.st. Warszawy. Adres naszej strony internetowej to: https:\/\/bpzoliborz.pl\/bpzoliborz. Jakie dane osobiste zbieramy i dlaczego je zbieramy Komentarze Kiedy odwiedzaj\u0105cy witryn\u0119 zostawia komentarz, zbieramy dane widoczne w formularzu komentowania, jak i adres IP odwiedzaj\u0105cego oraz podpis jego przegl\u0105darki jako pomoc przy wykrywaniu spamu. Zanonimizowany ci\u0105g znak\u00f3w stworzony na&hellip;&nbsp;<a href=\"https:\/\/bpzoliborz.pl\/bpzoliborz\/index.php\/polityka-prywatnosci\/\" class=\"\" rel=\"bookmark\">Czytaj wi\u0119cej &raquo;<span class=\"screen-reader-text\">Polityka prywatno\u015bci<\/span><\/a><\/p>\n","protected":false},"author":1,"featured_media":0,"parent":0,"menu_order":0,"comment_status":"closed","ping_status":"open","template":"","meta":{"_stopmodifiedupdate":false,"_modified_date":"","_eb_attr":"","neve_meta_sidebar":"","neve_meta_container":"","neve_meta_enable_content_width":"off","neve_meta_content_width":0,"neve_meta_title_alignment":"","neve_meta_author_avatar":"","neve_post_elements_order":"","neve_meta_disable_header":"","neve_meta_disable_footer":"","neve_meta_disable_title":""},"_links":{"self":[{"href":"https:\/\/bpzoliborz.pl\/bpzoliborz\/index.php\/wp-json\/wp\/v2\/pages\/3"}],"collection":[{"href":"https:\/\/bpzoliborz.pl\/bpzoliborz\/index.php\/wp-json\/wp\/v2\/pages"}],"about":[{"href":"https:\/\/bpzoliborz.pl\/bpzoliborz\/index.php\/wp-json\/wp\/v2\/types\/page"}],"author":[{"embeddable":true,"href":"https:\/\/bpzoliborz.pl\/bpzoliborz\/index.php\/wp-json\/wp\/v2\/users\/1"}],"replies":[{"embeddable":true,"href":"https:\/\/bpzoliborz.pl\/bpzoliborz\/index.php\/wp-json\/wp\/v2\/comments?post=3"}],"version-history":[{"count":6,"href":"https:\/\/bpzoliborz.pl\/bpzoliborz\/index.php\/wp-json\/wp\/v2\/pages\/3\/revisions"}],"predecessor-version":[{"id":1594,"href":"https:\/\/bpzoliborz.pl\/bpzoliborz\/index.php\/wp-json\/wp\/v2\/pages\/3\/revisions\/1594"}],"wp:attachment":[{"href":"https:\/\/bpzoliborz.pl\/bpzoliborz\/index.php\/wp-json\/wp\/v2\/media?parent=3"}],"curies":[{"name":"wp","href":"https:\/\/api.w.org\/{rel}","templated":true}]}}