{"id":25765,"date":"2025-01-23T14:09:34","date_gmt":"2025-01-23T13:09:34","guid":{"rendered":"https:\/\/bpzoliborz.pl\/bpzoliborz\/?page_id=25765"},"modified":"2025-01-23T14:09:37","modified_gmt":"2025-01-23T13:09:37","slug":"newsletter","status":"publish","type":"page","link":"https:\/\/bpzoliborz.pl\/bpzoliborz\/index.php\/newsletter\/","title":{"rendered":"Newsletter"},"content":{"rendered":"\n<div style=\"padding:20px\" class=\"wp-block-tnp-minimal\"><p>Zapisz si\u0119 na nasz newsletter aby otrzymywa\u0107 informacje z biblioteki<\/p><div><div class=\"tnp tnp-subscription \">\n<form method=\"post\" action=\"https:\/\/bpzoliborz.pl\/bpzoliborz\/?na=s\">\n<input type=\"hidden\" name=\"nlang\" value=\"\">\n<div class=\"tnp-field tnp-field-firstname\"><label for=\"tnp-1\">Imi\u0119 <\/label>\n<input class=\"tnp-name\" type=\"text\" name=\"nn\" id=\"tnp-1\" value=\"\" placeholder=\"\" required><\/div>\n<div class=\"tnp-field tnp-field-email\"><label for=\"tnp-2\">Email<\/label>\n<input class=\"tnp-email\" type=\"email\" name=\"ne\" id=\"tnp-2\" value=\"\" placeholder=\"\" required><\/div>\n<div class=\"tnp-field tnp-privacy-field\"><label><input type=\"checkbox\" name=\"ny\" required class=\"tnp-privacy\"> <a target=\"_blank\" href=\"https:\/\/bpzoliborz.pl\/bpzoliborz\/index.php\/polityka-prywatnosci\/\">Przechodz\u0105c dalej, akceptujesz polityk\u0119 prywatno\u015bci<\/a><\/label><\/div><div class=\"tnp-field tnp-field-button\" style=\"text-align: left\"><input class=\"tnp-submit\" type=\"submit\" value=\"Zapisz si\u0119\" style=\"\">\n<\/div>\n<\/form>\n<\/div>\n<\/div><\/div>\n\n\n\n<div style=\"height:10px\" aria-hidden=\"true\" class=\"wp-block-spacer\"><\/div>\n\n\n\n<p>Zapisuj\u0105c si\u0119 na nasz Newsletter wyra\u017caj\u0105 Pa\u0144stwo zgod\u0119 na przetwarzanie danych osobowych przez Bibliotek\u0119 Publiczn\u0105 w Dzielnicy \u017boliborz m.st. Warszawa w zakresie udost\u0119pnionego przez siebie adresu e-mail, w celu otrzymywania newslettera zawieraj\u0105cego informacj\u0119 handlow\u0105 w rozumieniu Ustawy z dnia 18.07.2002 r. o \u015bwiadczeniu us\u0142ug drog\u0105 elektroniczn\u0105 (Dz. U. 2016 r., poz. 1030, 1579) na udost\u0119pniony przeze siebie adres e-mail, tj. informacji dotycz\u0105cych konkurs\u00f3w, spotka\u0144 autorskich, warsztat\u00f3w, nowo\u015bci wydawniczych oraz imprez organizowanych przez Bibliotek\u0119.<\/p>\n\n\n\n<p>Jednocze\u015bnie o\u015bwiadczaj\u0105 Pa\u0144stwo, \u017ce zapoznali si\u0119 z klauzul\u0105 informacyjn\u0105 us\u0142ugi newsletter oraz z Regulaminem Newslettera.<\/p>\n\n\n\n<p><a href=\"https:\/\/bpzoliborz.pl\/bpzoliborz\/index.php\/2025\/01\/23\/regulamin-newslettera\/\"><strong><span style=\"color:#08536c\" class=\"has-inline-color\">Regulamin Newslettera (kliknij \u017ceby przeczyta\u0107)<\/span><\/strong><\/a><\/p>\n\n\n\n<p><\/p>\n\n\n\n<p><strong>Klauzula informacyjna dotycz\u0105ca przetwarzania danych osobowych<\/strong> <strong>&#8211; newsletter Biblioteki Publicznej w Dzielnicy \u017boliborz m. st. Warszawy<\/strong><\/p>\n\n\n\n<p>W zwi\u0105zku z realizacj\u0105 wymog\u00f3w Rozporz\u0105dzenia Parlamentu Europejskiego i Rady (UE) 2016\/679 z dnia 27 kwietnia 2016 r. w sprawie ochrony os\u00f3b fizycznych w zwi\u0105zku z przetwarzaniem danych osobowych i w sprawie swobodnego przep\u0142ywu takich danych oraz uchylenia dyrektywy 95\/46\/WE (og\u00f3lne rozporz\u0105dzenie o ochronie danych; \u201eRODO\u201d), informujemy o zasadach przetwarzania Twoich danych osobowych oraz o przys\u0142uguj\u0105cych Tobie prawach z tym zwi\u0105zanych.<\/p>\n\n\n\n<ol><li>Administratorem Twoich danych osobowych podanych w formularzu zapisu do newsletteru Biblioteki jest Biblioteka Publiczna w Dzielnicy \u017boliborz m. st. Warszawy z siedzib\u0105 w Warszawie (01-592), przy ul. S\u0142owackiego 19A.<\/li><li>Administrator wyznaczy\u0142 inspektora ochrony danych z kt\u00f3rym jest kontakt pod adresem e-mail: iod@bpzoliborz.pl lub pisz\u0105c na adres siedziby Biblioteki.<\/li><li>Twoje dane osobowe b\u0119d\u0105 przetwarzane w celu otrzymywania newsletteru Biblioteki. Mo\u017cemy te\u017c przetwarza\u0107 Twoje dane w celach statystycznych.<\/li><li>Podstaw\u0105 przetwarzania Twoich danych osobowych jest dobrowolnie wyra\u017cona zgoda (art. 6 ust. 1 lit. a RODO) poprzez akceptacj\u0119 warunk\u00f3w&nbsp;otrzymywania newsletter\u00f3w.<\/li><li>W zwi\u0105zku z powy\u017cszym masz prawo do:<\/li><\/ol>\n\n\n\n<ol type=\"a\"><li>\u017c\u0105dania od administratora dost\u0119pu do swoich danych osobowych, ich sprostowania, usuni\u0119cia lub ograniczenia przetwarzania,<\/li><li>prawo do wniesienia sprzeciwu wobec przetwarzania,<\/li><li>prawo do wycofania zgody (w ka\u017cdym czasie). Cofni\u0119cie zgody nie ma wp\u0142ywu na zgodno\u015b\u0107 z prawem przetwarzania, kt\u00f3rego dokonano na podstawie zgody przed jej cofni\u0119ciem.<\/li><\/ol>\n\n\n\n<ol start=\"6\"><li>Twoje dane osobowe b\u0119d\u0105 przetwarzane do momentu wycofania przez Ciebie zgody oraz przez 5 lat po tym okresie, w celach archiwalnych lub zabezpieczenia ewentualnych roszcze\u0144.<\/li><li>Twoje dane s\u0105 zabezpieczone zgodnie z obowi\u0105zuj\u0105cymi przepisami, a ich odbiorcami mog\u0105 by\u0107 podmioty uprawnione do ujawnienia im danych na mocy przepis\u00f3w prawa oraz podmioty przetwarzaj\u0105ce dane osobowe w ramach \u015bwiadczenia us\u0142ug dla administratora.<\/li><li>Twoje dane nie b\u0119d\u0105 przekazywane do pa\u0144stw trzecich\/organizacji mi\u0119dzynarodowych.<\/li><li>Twoje dane b\u0119d\u0105 przetwarzane w spos\u00f3b zautomatyzowany i nie b\u0119d\u0105 podlega\u0142y profilowaniu.<\/li><li>Przys\u0142uguje Tobie prawo do wniesienia skargi do Prezesa Urz\u0119du Ochrony Danych Osobowych, je\u017celi uznasz, \u017ce Administrator narusza przepisy RODO.<\/li><\/ol>\n","protected":false},"excerpt":{"rendered":"<p>Zapisuj\u0105c si\u0119 na nasz Newsletter wyra\u017caj\u0105 Pa\u0144stwo zgod\u0119 na przetwarzanie danych osobowych przez Bibliotek\u0119 Publiczn\u0105 w Dzielnicy \u017boliborz m.st. Warszawa w zakresie udost\u0119pnionego przez siebie adresu e-mail, w celu otrzymywania newslettera zawieraj\u0105cego informacj\u0119 handlow\u0105 w rozumieniu Ustawy z dnia 18.07.2002 r. o \u015bwiadczeniu us\u0142ug drog\u0105 elektroniczn\u0105 (Dz. U. 2016 r., poz. 1030, 1579) na udost\u0119pniony&hellip;&nbsp;<a href=\"https:\/\/bpzoliborz.pl\/bpzoliborz\/index.php\/newsletter\/\" class=\"\" rel=\"bookmark\">Czytaj wi\u0119cej &raquo;<span class=\"screen-reader-text\">Newsletter<\/span><\/a><\/p>\n","protected":false},"author":3,"featured_media":0,"parent":0,"menu_order":0,"comment_status":"closed","ping_status":"closed","template":"","meta":{"_stopmodifiedupdate":false,"_modified_date":"","_eb_attr":"","neve_meta_sidebar":"","neve_meta_container":"","neve_meta_enable_content_width":"off","neve_meta_content_width":0,"neve_meta_title_alignment":"","neve_meta_author_avatar":"","neve_post_elements_order":"","neve_meta_disable_header":"","neve_meta_disable_footer":"","neve_meta_disable_title":""},"_links":{"self":[{"href":"https:\/\/bpzoliborz.pl\/bpzoliborz\/index.php\/wp-json\/wp\/v2\/pages\/25765"}],"collection":[{"href":"https:\/\/bpzoliborz.pl\/bpzoliborz\/index.php\/wp-json\/wp\/v2\/pages"}],"about":[{"href":"https:\/\/bpzoliborz.pl\/bpzoliborz\/index.php\/wp-json\/wp\/v2\/types\/page"}],"author":[{"embeddable":true,"href":"https:\/\/bpzoliborz.pl\/bpzoliborz\/index.php\/wp-json\/wp\/v2\/users\/3"}],"replies":[{"embeddable":true,"href":"https:\/\/bpzoliborz.pl\/bpzoliborz\/index.php\/wp-json\/wp\/v2\/comments?post=25765"}],"version-history":[{"count":1,"href":"https:\/\/bpzoliborz.pl\/bpzoliborz\/index.php\/wp-json\/wp\/v2\/pages\/25765\/revisions"}],"predecessor-version":[{"id":25768,"href":"https:\/\/bpzoliborz.pl\/bpzoliborz\/index.php\/wp-json\/wp\/v2\/pages\/25765\/revisions\/25768"}],"wp:attachment":[{"href":"https:\/\/bpzoliborz.pl\/bpzoliborz\/index.php\/wp-json\/wp\/v2\/media?parent=25765"}],"curies":[{"name":"wp","href":"https:\/\/api.w.org\/{rel}","templated":true}]}}