{"id":2124,"date":"2020-09-15T21:56:14","date_gmt":"2020-09-15T19:56:14","guid":{"rendered":"http:\/\/bpzoliborz.pl\/bpzoliborz\/?page_id=2124"},"modified":"2020-09-15T21:56:23","modified_gmt":"2020-09-15T19:56:23","slug":"z-ksiazka-na-start","status":"publish","type":"page","link":"https:\/\/bpzoliborz.pl\/bpzoliborz\/index.php\/z-ksiazka-na-start\/","title":{"rendered":"Z Ksi\u0105\u017ck\u0105 na Start"},"content":{"rendered":"\t\t<div data-elementor-type=\"wp-page\" data-elementor-id=\"2124\" class=\"elementor elementor-2124\">\n\t\t\t\t\t\t<div class=\"elementor-inner\">\n\t\t\t\t<div class=\"elementor-section-wrap\">\n\t\t\t\t\t\t\t\t\t<section class=\"elementor-section elementor-top-section elementor-element elementor-element-6430561 elementor-section-boxed elementor-section-height-default elementor-section-height-default exad-glass-effect-no exad-sticky-section-no\" data-id=\"6430561\" data-element_type=\"section\">\n\t\t\t\t\t\t<div class=\"elementor-container elementor-column-gap-default\">\n\t\t\t\t\t\t\t<div class=\"elementor-row\">\n\t\t\t\t\t<div class=\"elementor-column elementor-col-100 elementor-top-column elementor-element elementor-element-e29bf64 exad-glass-effect-no exad-sticky-section-no\" data-id=\"e29bf64\" data-element_type=\"column\">\n\t\t\t<div class=\"elementor-column-wrap elementor-element-populated\">\n\t\t\t\t\t\t\t<div class=\"elementor-widget-wrap\">\n\t\t\t\t\t\t<div class=\"elementor-element elementor-element-bc9f979 exad-sticky-section-no exad-glass-effect-no elementor-widget elementor-widget-spacer\" data-id=\"bc9f979\" data-element_type=\"widget\" data-widget_type=\"spacer.default\">\n\t\t\t\t<div class=\"elementor-widget-container\">\n\t\t\t\t\t<div class=\"elementor-spacer\">\n\t\t\t<div class=\"elementor-spacer-inner\"><\/div>\n\t\t<\/div>\n\t\t\t\t<\/div>\n\t\t\t\t<\/div>\n\t\t\t\t\t\t<\/div>\n\t\t\t\t\t<\/div>\n\t\t<\/div>\n\t\t\t\t\t\t\t\t<\/div>\n\t\t\t\t\t<\/div>\n\t\t<\/section>\n\t\t\t\t<section class=\"elementor-section elementor-top-section elementor-element elementor-element-5d10e7b elementor-section-boxed elementor-section-height-default elementor-section-height-default exad-glass-effect-no exad-sticky-section-no\" data-id=\"5d10e7b\" data-element_type=\"section\">\n\t\t\t\t\t\t<div class=\"elementor-container elementor-column-gap-default\">\n\t\t\t\t\t\t\t<div class=\"elementor-row\">\n\t\t\t\t\t<div class=\"elementor-column elementor-col-100 elementor-top-column elementor-element elementor-element-5d7afdc exad-glass-effect-no exad-sticky-section-no\" data-id=\"5d7afdc\" data-element_type=\"column\">\n\t\t\t<div class=\"elementor-column-wrap elementor-element-populated\">\n\t\t\t\t\t\t\t<div class=\"elementor-widget-wrap\">\n\t\t\t\t\t\t<div class=\"elementor-element elementor-element-373ada5 exad-sticky-section-no exad-glass-effect-no elementor-widget elementor-widget-heading\" data-id=\"373ada5\" data-element_type=\"widget\" data-widget_type=\"heading.default\">\n\t\t\t\t<div class=\"elementor-widget-container\">\n\t\t\t<h2 class=\"elementor-heading-title elementor-size-default\">Z Ksi\u0105\u017ck\u0105 na Start<\/h2>\t\t<\/div>\n\t\t\t\t<\/div>\n\t\t\t\t\t\t<\/div>\n\t\t\t\t\t<\/div>\n\t\t<\/div>\n\t\t\t\t\t\t\t\t<\/div>\n\t\t\t\t\t<\/div>\n\t\t<\/section>\n\t\t\t\t<section class=\"elementor-section elementor-top-section elementor-element elementor-element-28d8859 elementor-section-boxed elementor-section-height-default elementor-section-height-default exad-glass-effect-no exad-sticky-section-no\" data-id=\"28d8859\" data-element_type=\"section\">\n\t\t\t\t\t\t<div class=\"elementor-container elementor-column-gap-default\">\n\t\t\t\t\t\t\t<div class=\"elementor-row\">\n\t\t\t\t\t<div class=\"elementor-column elementor-col-100 elementor-top-column elementor-element elementor-element-f6fcc87 exad-glass-effect-no exad-sticky-section-no\" data-id=\"f6fcc87\" data-element_type=\"column\">\n\t\t\t<div class=\"elementor-column-wrap elementor-element-populated\">\n\t\t\t\t\t\t\t<div class=\"elementor-widget-wrap\">\n\t\t\t\t\t\t<div class=\"elementor-element elementor-element-7ac9054 exad-sticky-section-no exad-glass-effect-no elementor-widget elementor-widget-spacer\" data-id=\"7ac9054\" data-element_type=\"widget\" data-widget_type=\"spacer.default\">\n\t\t\t\t<div class=\"elementor-widget-container\">\n\t\t\t\t\t<div class=\"elementor-spacer\">\n\t\t\t<div class=\"elementor-spacer-inner\"><\/div>\n\t\t<\/div>\n\t\t\t\t<\/div>\n\t\t\t\t<\/div>\n\t\t\t\t\t\t<\/div>\n\t\t\t\t\t<\/div>\n\t\t<\/div>\n\t\t\t\t\t\t\t\t<\/div>\n\t\t\t\t\t<\/div>\n\t\t<\/section>\n\t\t\t\t<section class=\"elementor-section elementor-top-section elementor-element elementor-element-b1a809d elementor-section-boxed elementor-section-height-default elementor-section-height-default exad-glass-effect-no exad-sticky-section-no\" data-id=\"b1a809d\" data-element_type=\"section\">\n\t\t\t\t\t\t<div class=\"elementor-container elementor-column-gap-default\">\n\t\t\t\t\t\t\t<div class=\"elementor-row\">\n\t\t\t\t\t<div class=\"elementor-column elementor-col-33 elementor-top-column elementor-element elementor-element-86c434c exad-glass-effect-no exad-sticky-section-no\" data-id=\"86c434c\" data-element_type=\"column\">\n\t\t\t<div class=\"elementor-column-wrap\">\n\t\t\t\t\t\t\t<div class=\"elementor-widget-wrap\">\n\t\t\t\t\t\t\t\t<\/div>\n\t\t\t\t\t<\/div>\n\t\t<\/div>\n\t\t\t\t<div class=\"elementor-column elementor-col-33 elementor-top-column elementor-element elementor-element-9d56255 exad-glass-effect-no exad-sticky-section-no\" data-id=\"9d56255\" data-element_type=\"column\">\n\t\t\t<div class=\"elementor-column-wrap elementor-element-populated\">\n\t\t\t\t\t\t\t<div class=\"elementor-widget-wrap\">\n\t\t\t\t\t\t<div class=\"elementor-element elementor-element-46606a7 exad-sticky-section-no exad-glass-effect-no elementor-widget elementor-widget-text-editor\" data-id=\"46606a7\" data-element_type=\"widget\" data-widget_type=\"text-editor.default\">\n\t\t\t\t<div class=\"elementor-widget-container\">\n\t\t\t\t\t\t\t\t<div class=\"elementor-text-editor elementor-clearfix\">\n\t\t\t\t<p style=\"text-align: center;\"><em>Mi\u0142o\u015b\u0107 do ksi\u0105\u017cek jest prezentem na ca\u0142e \u017cycie<\/em><\/p>\t\t\t\t\t<\/div>\n\t\t\t\t\t\t<\/div>\n\t\t\t\t<\/div>\n\t\t\t\t\t\t<\/div>\n\t\t\t\t\t<\/div>\n\t\t<\/div>\n\t\t\t\t<div class=\"elementor-column elementor-col-33 elementor-top-column elementor-element elementor-element-0336523 exad-glass-effect-no exad-sticky-section-no\" data-id=\"0336523\" data-element_type=\"column\">\n\t\t\t<div class=\"elementor-column-wrap\">\n\t\t\t\t\t\t\t<div class=\"elementor-widget-wrap\">\n\t\t\t\t\t\t\t\t<\/div>\n\t\t\t\t\t<\/div>\n\t\t<\/div>\n\t\t\t\t\t\t\t\t<\/div>\n\t\t\t\t\t<\/div>\n\t\t<\/section>\n\t\t\t\t<section class=\"elementor-section elementor-top-section elementor-element elementor-element-5818e6b elementor-section-boxed elementor-section-height-default elementor-section-height-default exad-glass-effect-no exad-sticky-section-no\" data-id=\"5818e6b\" data-element_type=\"section\">\n\t\t\t\t\t\t<div class=\"elementor-container elementor-column-gap-default\">\n\t\t\t\t\t\t\t<div class=\"elementor-row\">\n\t\t\t\t\t<div class=\"elementor-column elementor-col-100 elementor-top-column elementor-element elementor-element-435dbe8 exad-glass-effect-no exad-sticky-section-no\" data-id=\"435dbe8\" data-element_type=\"column\">\n\t\t\t<div class=\"elementor-column-wrap elementor-element-populated\">\n\t\t\t\t\t\t\t<div class=\"elementor-widget-wrap\">\n\t\t\t\t\t\t<div class=\"elementor-element elementor-element-2bc6f14 exad-sticky-section-no exad-glass-effect-no elementor-widget elementor-widget-spacer\" data-id=\"2bc6f14\" data-element_type=\"widget\" data-widget_type=\"spacer.default\">\n\t\t\t\t<div class=\"elementor-widget-container\">\n\t\t\t\t\t<div class=\"elementor-spacer\">\n\t\t\t<div class=\"elementor-spacer-inner\"><\/div>\n\t\t<\/div>\n\t\t\t\t<\/div>\n\t\t\t\t<\/div>\n\t\t\t\t\t\t<\/div>\n\t\t\t\t\t<\/div>\n\t\t<\/div>\n\t\t\t\t\t\t\t\t<\/div>\n\t\t\t\t\t<\/div>\n\t\t<\/section>\n\t\t\t\t<section class=\"elementor-section elementor-top-section elementor-element elementor-element-3dff70e elementor-section-boxed elementor-section-height-default elementor-section-height-default exad-glass-effect-no exad-sticky-section-no\" data-id=\"3dff70e\" data-element_type=\"section\">\n\t\t\t\t\t\t<div class=\"elementor-container elementor-column-gap-default\">\n\t\t\t\t\t\t\t<div class=\"elementor-row\">\n\t\t\t\t\t<div class=\"elementor-column elementor-col-100 elementor-top-column elementor-element elementor-element-4207db3 exad-glass-effect-no exad-sticky-section-no\" data-id=\"4207db3\" data-element_type=\"column\">\n\t\t\t<div class=\"elementor-column-wrap elementor-element-populated\">\n\t\t\t\t\t\t\t<div class=\"elementor-widget-wrap\">\n\t\t\t\t\t\t<div class=\"elementor-element elementor-element-79da6a2 exad-sticky-section-no exad-glass-effect-no elementor-widget elementor-widget-heading\" data-id=\"79da6a2\" data-element_type=\"widget\" data-widget_type=\"heading.default\">\n\t\t\t\t<div class=\"elementor-widget-container\">\n\t\t\t<h2 class=\"elementor-heading-title elementor-size-default\">Opis projektu<\/h2>\t\t<\/div>\n\t\t\t\t<\/div>\n\t\t\t\t<section class=\"elementor-section elementor-inner-section elementor-element elementor-element-0efb5a6 elementor-section-boxed elementor-section-height-default elementor-section-height-default exad-glass-effect-no exad-sticky-section-no\" data-id=\"0efb5a6\" data-element_type=\"section\">\n\t\t\t\t\t\t<div class=\"elementor-container elementor-column-gap-default\">\n\t\t\t\t\t\t\t<div class=\"elementor-row\">\n\t\t\t\t\t<div class=\"elementor-column elementor-col-50 elementor-inner-column elementor-element elementor-element-6e0faa3 exad-glass-effect-no exad-sticky-section-no\" data-id=\"6e0faa3\" data-element_type=\"column\">\n\t\t\t<div class=\"elementor-column-wrap elementor-element-populated\">\n\t\t\t\t\t\t\t<div class=\"elementor-widget-wrap\">\n\t\t\t\t\t\t<div class=\"elementor-element elementor-element-ba6ef2d exad-sticky-section-no exad-glass-effect-no elementor-widget elementor-widget-image\" data-id=\"ba6ef2d\" data-element_type=\"widget\" data-widget_type=\"image.default\">\n\t\t\t\t<div class=\"elementor-widget-container\">\n\t\t\t\t\t\t\t\t<div class=\"elementor-image\">\n\t\t\t\t\t\t\t\t\t\t\t\t<img width=\"1810\" height=\"2560\" src=\"https:\/\/bpzoliborz.pl\/bpzoliborz\/wp-content\/uploads\/2020\/08\/Z-ksi\u0105\u017ck\u0105-na-start-Plakat-25.09-scaled.jpg\" class=\"attachment-large size-large wp-image-1177\" alt=\"oficjalny plakat projektu z ksi\u0105\u017ck\u0105 na start\" loading=\"lazy\" srcset=\"https:\/\/bpzoliborz.pl\/bpzoliborz\/wp-content\/uploads\/2020\/08\/Z-ksi\u0105\u017ck\u0105-na-start-Plakat-25.09-scaled.jpg 1810w, https:\/\/bpzoliborz.pl\/bpzoliborz\/wp-content\/uploads\/2020\/08\/Z-ksi\u0105\u017ck\u0105-na-start-Plakat-25.09-768x1086.jpg 768w, https:\/\/bpzoliborz.pl\/bpzoliborz\/wp-content\/uploads\/2020\/08\/Z-ksi\u0105\u017ck\u0105-na-start-Plakat-25.09-1086x1536.jpg 1086w, https:\/\/bpzoliborz.pl\/bpzoliborz\/wp-content\/uploads\/2020\/08\/Z-ksi\u0105\u017ck\u0105-na-start-Plakat-25.09-1448x2048.jpg 1448w\" sizes=\"(max-width: 1810px) 100vw, 1810px\" \/>\t\t\t\t\t\t\t\t\t\t\t\t\t\t<\/div>\n\t\t\t\t\t\t<\/div>\n\t\t\t\t<\/div>\n\t\t\t\t\t\t<\/div>\n\t\t\t\t\t<\/div>\n\t\t<\/div>\n\t\t\t\t<div class=\"elementor-column elementor-col-50 elementor-inner-column elementor-element elementor-element-56c06c6 exad-glass-effect-no exad-sticky-section-no\" data-id=\"56c06c6\" data-element_type=\"column\">\n\t\t\t<div class=\"elementor-column-wrap elementor-element-populated\">\n\t\t\t\t\t\t\t<div class=\"elementor-widget-wrap\">\n\t\t\t\t\t\t<div class=\"elementor-element elementor-element-83d7866 exad-sticky-section-no exad-glass-effect-no elementor-widget elementor-widget-text-editor\" data-id=\"83d7866\" data-element_type=\"widget\" data-widget_type=\"text-editor.default\">\n\t\t\t\t<div class=\"elementor-widget-container\">\n\t\t\t\t\t\t\t\t<div class=\"elementor-text-editor elementor-clearfix\">\n\t\t\t\t<p>Projekt<strong> \u201eZ ksi\u0105\u017ck\u0105 na start\u201d<\/strong> jest akcj\u0105 skierowan\u0105 do dzieci<strong> w wieku od 0 do 6 lat<\/strong>, a jego g\u0142\u00f3wnym celem jest promocja czytelnictwa.<\/p><p>Do projektu &#8220;Z ksi\u0105\u017ck\u0105 na start&#8221; Biblioteka przyst\u0105pi\u0142a 16 sierpnia 2018 roku. Pocz\u0105tkowo projekt mia\u0142 trwa\u0107 do 30 czerwca 2019 r ale du\u017ce zainteresowanie jakie wzbudza\u0142\u00a0 i jego bardzo pozytywny wp\u0142yw na ma\u0142ych czytelnik\u00f3w spowodowa\u0142 wyd\u0142u\u017cenie czasu jego trwania do 30 czerwca 2020 r.<\/p><p>Zach\u0119camy rodzic\u00f3w i dzieci do odwiedzenia biblioteki, gdzie Ma\u0142y Czytelnik, otrzyma <strong>Pakiet Startowy<\/strong>, a w nim <strong>Paszport Ma\u0142ego Czytelnika<\/strong> oraz ksi\u0105\u017ck\u0119 dopasowan\u0105 do jego wieku i zainteresowa\u0144 \u2013 <strong>w prezencie<\/strong>. Na dobry start \ud83d\ude42<\/p><p>W Paszporcie Ma\u0142y Czytelnik b\u0119dzie zbiera\u0142 <strong>piecz\u0105tki<\/strong> za ka\u017cd\u0105 wizyt\u0119 zako\u0144czon\u0105 wypo\u017cyczeniem minimum jednej ksi\u0105\u017cki z ksi\u0119gozbioru dzieci\u0119cego, a po uzbieraniu 10 piecz\u0105tek otrzyma imienny <strong>dyplom<\/strong> potwierdzaj\u0105cy jego czytelnicze zainteresowania.<\/p><p>Celem projektu jest nie tylko wzrost czytelnictwa. To rzeczywi\u015bcie najszybszy i najbardziej wymierny rezultat akcji. Najwa\u017cniejsze jednak jest aby<strong> rodzice sp\u0119dzali czas z dzie\u0107mi<\/strong>: poza domem w drodze do biblioteki, w bibliotece wybieraj\u0105c ksi\u0105\u017cki, a w domu przy wsp\u00f3lnym czytaniu. Aby rozmawiali o przeczytanych ksi\u0105\u017ckach i znajdowali w nich ciekawe tematy, dzi\u0119ki kt\u00f3rym dziecko rozwinie <strong>wiedz\u0119, s\u0142ownictwo i kreatywno\u015b\u0107<\/strong>. To wszystko zaowocuje w trudnym okresie dojrzewania \u2013 rodzicom \u0142atwiej b\u0119dzie utrzyma\u0107 kontakt z dzieckiem dzi\u0119ki rozmowom, a p\u00f3\u017aniej w doros\u0142ym \u017cyciu da oczytanemu dziecku przewag\u0119 w zdobyciu przyjaci\u00f3\u0142 i ciekawej pracy. Wierzymy, \u017ce uczestnicz\u0105c w projekcie \u201eZ ksi\u0105\u017ck\u0105 na start\u201d, <strong>inwestujemy w przysz\u0142o\u015b\u0107 najm\u0142odszych<\/strong> cz\u0142onk\u00f3w rodziny \u2013 dzieci, w ich wiedz\u0119 i pewno\u015b\u0107 siebie, kt\u00f3r\u0105 wykorzystaj\u0105, wchodz\u0105c w doros\u0142o\u015b\u0107 i podejmuj\u0105c m\u0105dre decyzje.<strong> Czytanie jest bezp\u0142atne<\/strong>, a biblioteki dost\u0119pne dla wszystkich, bez wzgl\u0119du na mo\u017cliwo\u015bci finansowe rodziny.<\/p><p>Rodzice i opiekunowie, odwiedzaj\u0105cy biblioteki wsp\u00f3lnie z maluchami, b\u0119d\u0105 mieli okazj\u0119 przekona\u0107 si\u0119, \u017ce ksi\u0119gozbi\u00f3r jest naprawd\u0119 imponuj\u0105cy i ka\u017cdy znajdzie co\u015b dla siebie.<\/p><p>Zapraszamy do biblioteki, by odebra\u0107 Pakiet Startowy z ksi\u0105\u017ck\u0105 w prezencie i wsp\u00f3lnie rozpocz\u0105\u0107 fantastyczn\u0105 przygod\u0119.<\/p>\t\t\t\t\t<\/div>\n\t\t\t\t\t\t<\/div>\n\t\t\t\t<\/div>\n\t\t\t\t\t\t<\/div>\n\t\t\t\t\t<\/div>\n\t\t<\/div>\n\t\t\t\t\t\t\t\t<\/div>\n\t\t\t\t\t<\/div>\n\t\t<\/section>\n\t\t\t\t\t\t<\/div>\n\t\t\t\t\t<\/div>\n\t\t<\/div>\n\t\t\t\t\t\t\t\t<\/div>\n\t\t\t\t\t<\/div>\n\t\t<\/section>\n\t\t\t\t<section class=\"elementor-section elementor-top-section elementor-element elementor-element-85df38a elementor-section-boxed elementor-section-height-default elementor-section-height-default exad-glass-effect-no exad-sticky-section-no\" data-id=\"85df38a\" data-element_type=\"section\">\n\t\t\t\t\t\t<div class=\"elementor-container elementor-column-gap-default\">\n\t\t\t\t\t\t\t<div class=\"elementor-row\">\n\t\t\t\t\t<div class=\"elementor-column elementor-col-100 elementor-top-column elementor-element elementor-element-7ecf7c9 exad-glass-effect-no exad-sticky-section-no\" data-id=\"7ecf7c9\" data-element_type=\"column\">\n\t\t\t<div class=\"elementor-column-wrap elementor-element-populated\">\n\t\t\t\t\t\t\t<div class=\"elementor-widget-wrap\">\n\t\t\t\t\t\t<div class=\"elementor-element elementor-element-30ea1b9 exad-sticky-section-no exad-glass-effect-no elementor-widget elementor-widget-spacer\" data-id=\"30ea1b9\" data-element_type=\"widget\" data-widget_type=\"spacer.default\">\n\t\t\t\t<div class=\"elementor-widget-container\">\n\t\t\t\t\t<div class=\"elementor-spacer\">\n\t\t\t<div class=\"elementor-spacer-inner\"><\/div>\n\t\t<\/div>\n\t\t\t\t<\/div>\n\t\t\t\t<\/div>\n\t\t\t\t\t\t<\/div>\n\t\t\t\t\t<\/div>\n\t\t<\/div>\n\t\t\t\t\t\t\t\t<\/div>\n\t\t\t\t\t<\/div>\n\t\t<\/section>\n\t\t\t\t<section class=\"elementor-section elementor-top-section elementor-element elementor-element-4db9de0 elementor-section-boxed elementor-section-height-default elementor-section-height-default exad-glass-effect-no exad-sticky-section-no\" data-id=\"4db9de0\" data-element_type=\"section\">\n\t\t\t\t\t\t<div class=\"elementor-container elementor-column-gap-default\">\n\t\t\t\t\t\t\t<div class=\"elementor-row\">\n\t\t\t\t\t<div class=\"elementor-column elementor-col-100 elementor-top-column elementor-element elementor-element-5716b65 exad-glass-effect-no exad-sticky-section-no\" data-id=\"5716b65\" data-element_type=\"column\">\n\t\t\t<div class=\"elementor-column-wrap elementor-element-populated\">\n\t\t\t\t\t\t\t<div class=\"elementor-widget-wrap\">\n\t\t\t\t\t\t<div class=\"elementor-element elementor-element-7ebea4c exad-sticky-section-no exad-glass-effect-no elementor-widget elementor-widget-heading\" data-id=\"7ebea4c\" data-element_type=\"widget\" data-widget_type=\"heading.default\">\n\t\t\t\t<div class=\"elementor-widget-container\">\n\t\t\t<h2 class=\"elementor-heading-title elementor-size-default\">Realizacja projektu <\/h2>\t\t<\/div>\n\t\t\t\t<\/div>\n\t\t\t\t<div class=\"elementor-element elementor-element-fd820ba exad-sticky-section-no exad-glass-effect-no elementor-widget elementor-widget-text-editor\" data-id=\"fd820ba\" data-element_type=\"widget\" data-widget_type=\"text-editor.default\">\n\t\t\t\t<div class=\"elementor-widget-container\">\n\t\t\t\t\t\t\t\t<div class=\"elementor-text-editor elementor-clearfix\">\n\t\t\t\t<p>Wymierne efekty projektu to ilo\u015b\u0107 wydanych paszport\u00f3w oraz dyplom\u00f3w, to tak\u017ce ilo\u015b\u0107 nowo zapisanych czytelnik\u00f3w. I chocia\u017c liczby s\u0105 zawsze wa\u017cne, to w tym projekcie nie najwa\u017cniejsze. Jego ogromnego wp\u0142ywu na m\u0142odych czytelnik\u00f3w nie da si\u0119 zamkn\u0105\u0107 w liczbach. Najwa\u017cniejsze efekty projektu to:<\/p><ul><li>wzrost \u015bwiadomo\u015bci czytelniczej u dzieci<\/li><li>wzrost systematycznych odwiedzin w bibliotece<\/li><li>wzrost ilo\u015bci wypo\u017cyczanych i czytanych ksi\u0105\u017cek<\/li><li>poszerzenie zainteresowa\u0144 czytelniczych<\/li><\/ul><p><br \/><span style=\"text-decoration: underline;\">Rezultaty ilo\u015bciowe projektu:<\/span><\/p><p>wydane Paszporty Ma\u0142ego Czytelnika: <span style=\"color: #0000ff;\"><strong>700<\/strong><\/span><\/p><p style=\"padding-left: 40px;\">\u00a02018 r. &#8211; 152 paszporty<\/p><p style=\"padding-left: 40px;\">2019 r. &#8211; 483 paszporty\u00a0<\/p><p style=\"padding-left: 40px;\">2020 r. &#8211; 65 paszport\u00f3w<\/p>\t\t\t\t\t<\/div>\n\t\t\t\t\t\t<\/div>\n\t\t\t\t<\/div>\n\t\t\t\t\t\t<\/div>\n\t\t\t\t\t<\/div>\n\t\t<\/div>\n\t\t\t\t\t\t\t\t<\/div>\n\t\t\t\t\t<\/div>\n\t\t<\/section>\n\t\t\t\t\t\t\t\t\t<\/div>\n\t\t\t<\/div>\n\t\t\t\t\t<\/div>\n\t\t","protected":false},"excerpt":{"rendered":"<p>Z Ksi\u0105\u017ck\u0105 na Start Mi\u0142o\u015b\u0107 do ksi\u0105\u017cek jest prezentem na ca\u0142e \u017cycie Opis projektu Projekt \u201eZ ksi\u0105\u017ck\u0105 na start\u201d jest akcj\u0105 skierowan\u0105 do dzieci w wieku od 0 do 6 lat, a jego g\u0142\u00f3wnym celem jest promocja czytelnictwa. Do projektu &#8220;Z ksi\u0105\u017ck\u0105 na start&#8221; Biblioteka przyst\u0105pi\u0142a 16 sierpnia 2018 roku. Pocz\u0105tkowo projekt mia\u0142 trwa\u0107 do&hellip;&nbsp;<a href=\"https:\/\/bpzoliborz.pl\/bpzoliborz\/index.php\/z-ksiazka-na-start\/\" class=\"\" rel=\"bookmark\">Czytaj wi\u0119cej &raquo;<span class=\"screen-reader-text\">Z Ksi\u0105\u017ck\u0105 na Start<\/span><\/a><\/p>\n","protected":false},"author":3,"featured_media":960,"parent":0,"menu_order":0,"comment_status":"closed","ping_status":"closed","template":"page-templates\/template-pagebuilder-full-width.php","meta":{"_stopmodifiedupdate":false,"_modified_date":"","_eb_attr":"","neve_meta_sidebar":"full-width","neve_meta_container":"","neve_meta_enable_content_width":"on","neve_meta_content_width":100,"neve_meta_title_alignment":"","neve_meta_author_avatar":"","neve_post_elements_order":"","neve_meta_disable_header":"","neve_meta_disable_footer":"","neve_meta_disable_title":"on"},"_links":{"self":[{"href":"https:\/\/bpzoliborz.pl\/bpzoliborz\/index.php\/wp-json\/wp\/v2\/pages\/2124"}],"collection":[{"href":"https:\/\/bpzoliborz.pl\/bpzoliborz\/index.php\/wp-json\/wp\/v2\/pages"}],"about":[{"href":"https:\/\/bpzoliborz.pl\/bpzoliborz\/index.php\/wp-json\/wp\/v2\/types\/page"}],"author":[{"embeddable":true,"href":"https:\/\/bpzoliborz.pl\/bpzoliborz\/index.php\/wp-json\/wp\/v2\/users\/3"}],"replies":[{"embeddable":true,"href":"https:\/\/bpzoliborz.pl\/bpzoliborz\/index.php\/wp-json\/wp\/v2\/comments?post=2124"}],"version-history":[{"count":1,"href":"https:\/\/bpzoliborz.pl\/bpzoliborz\/index.php\/wp-json\/wp\/v2\/pages\/2124\/revisions"}],"predecessor-version":[{"id":2131,"href":"https:\/\/bpzoliborz.pl\/bpzoliborz\/index.php\/wp-json\/wp\/v2\/pages\/2124\/revisions\/2131"}],"wp:featuredmedia":[{"embeddable":true,"href":"https:\/\/bpzoliborz.pl\/bpzoliborz\/index.php\/wp-json\/wp\/v2\/media\/960"}],"wp:attachment":[{"href":"https:\/\/bpzoliborz.pl\/bpzoliborz\/index.php\/wp-json\/wp\/v2\/media?parent=2124"}],"curies":[{"name":"wp","href":"https:\/\/api.w.org\/{rel}","templated":true}]}}