{"id":2117,"date":"2020-09-15T21:55:06","date_gmt":"2020-09-15T19:55:06","guid":{"rendered":"http:\/\/bpzoliborz.pl\/bpzoliborz\/?page_id=2117"},"modified":"2021-10-26T18:51:37","modified_gmt":"2021-10-26T16:51:37","slug":"kinder-przerwa-na-wspolne-czytanie","status":"publish","type":"page","link":"https:\/\/bpzoliborz.pl\/bpzoliborz\/index.php\/kinder-przerwa-na-wspolne-czytanie\/","title":{"rendered":"Kinder. Przerwa na Wsp\u00f3lne Czytanie"},"content":{"rendered":"\t\t<div data-elementor-type=\"wp-page\" data-elementor-id=\"2117\" class=\"elementor elementor-2117\">\n\t\t\t\t\t\t<div class=\"elementor-inner\">\n\t\t\t\t<div class=\"elementor-section-wrap\">\n\t\t\t\t\t\t\t\t\t<section class=\"elementor-section elementor-top-section elementor-element elementor-element-31504663 elementor-section-boxed elementor-section-height-default elementor-section-height-default exad-glass-effect-no exad-sticky-section-no\" data-id=\"31504663\" data-element_type=\"section\">\n\t\t\t\t\t\t<div class=\"elementor-container elementor-column-gap-default\">\n\t\t\t\t\t\t\t<div class=\"elementor-row\">\n\t\t\t\t\t<div class=\"elementor-column elementor-col-100 elementor-top-column elementor-element elementor-element-56ef4e58 exad-glass-effect-no exad-sticky-section-no\" data-id=\"56ef4e58\" data-element_type=\"column\">\n\t\t\t<div class=\"elementor-column-wrap elementor-element-populated\">\n\t\t\t\t\t\t\t<div class=\"elementor-widget-wrap\">\n\t\t\t\t\t\t<div class=\"elementor-element elementor-element-77962e6c exad-sticky-section-no exad-glass-effect-no elementor-widget elementor-widget-spacer\" data-id=\"77962e6c\" data-element_type=\"widget\" data-widget_type=\"spacer.default\">\n\t\t\t\t<div class=\"elementor-widget-container\">\n\t\t\t\t\t<div class=\"elementor-spacer\">\n\t\t\t<div class=\"elementor-spacer-inner\"><\/div>\n\t\t<\/div>\n\t\t\t\t<\/div>\n\t\t\t\t<\/div>\n\t\t\t\t\t\t<\/div>\n\t\t\t\t\t<\/div>\n\t\t<\/div>\n\t\t\t\t\t\t\t\t<\/div>\n\t\t\t\t\t<\/div>\n\t\t<\/section>\n\t\t\t\t<section class=\"elementor-section elementor-top-section elementor-element elementor-element-1a0b2724 elementor-section-boxed elementor-section-height-default elementor-section-height-default exad-glass-effect-no exad-sticky-section-no\" data-id=\"1a0b2724\" data-element_type=\"section\">\n\t\t\t\t\t\t<div class=\"elementor-container elementor-column-gap-default\">\n\t\t\t\t\t\t\t<div class=\"elementor-row\">\n\t\t\t\t\t<div class=\"elementor-column elementor-col-100 elementor-top-column elementor-element elementor-element-67a8e20c exad-glass-effect-no exad-sticky-section-no\" data-id=\"67a8e20c\" data-element_type=\"column\">\n\t\t\t<div class=\"elementor-column-wrap elementor-element-populated\">\n\t\t\t\t\t\t\t<div class=\"elementor-widget-wrap\">\n\t\t\t\t\t\t<div class=\"elementor-element elementor-element-41e1feda exad-sticky-section-no exad-glass-effect-no elementor-widget elementor-widget-heading\" data-id=\"41e1feda\" data-element_type=\"widget\" data-widget_type=\"heading.default\">\n\t\t\t\t<div class=\"elementor-widget-container\">\n\t\t\t<h2 class=\"elementor-heading-title elementor-size-default\">KINDER Przerwa na Wsp\u00f3lne Czytanie<\/h2>\t\t<\/div>\n\t\t\t\t<\/div>\n\t\t\t\t\t\t<\/div>\n\t\t\t\t\t<\/div>\n\t\t<\/div>\n\t\t\t\t\t\t\t\t<\/div>\n\t\t\t\t\t<\/div>\n\t\t<\/section>\n\t\t\t\t<section class=\"elementor-section elementor-top-section elementor-element elementor-element-462df2 elementor-section-boxed elementor-section-height-default elementor-section-height-default exad-glass-effect-no exad-sticky-section-no\" data-id=\"462df2\" data-element_type=\"section\">\n\t\t\t\t\t\t<div class=\"elementor-container elementor-column-gap-default\">\n\t\t\t\t\t\t\t<div class=\"elementor-row\">\n\t\t\t\t\t<div class=\"elementor-column elementor-col-100 elementor-top-column elementor-element elementor-element-7566a7b6 exad-glass-effect-no exad-sticky-section-no\" data-id=\"7566a7b6\" data-element_type=\"column\">\n\t\t\t<div class=\"elementor-column-wrap elementor-element-populated\">\n\t\t\t\t\t\t\t<div class=\"elementor-widget-wrap\">\n\t\t\t\t\t\t<div class=\"elementor-element elementor-element-6a6f22f6 exad-sticky-section-no exad-glass-effect-no elementor-widget elementor-widget-spacer\" data-id=\"6a6f22f6\" data-element_type=\"widget\" data-widget_type=\"spacer.default\">\n\t\t\t\t<div class=\"elementor-widget-container\">\n\t\t\t\t\t<div class=\"elementor-spacer\">\n\t\t\t<div class=\"elementor-spacer-inner\"><\/div>\n\t\t<\/div>\n\t\t\t\t<\/div>\n\t\t\t\t<\/div>\n\t\t\t\t\t\t<\/div>\n\t\t\t\t\t<\/div>\n\t\t<\/div>\n\t\t\t\t\t\t\t\t<\/div>\n\t\t\t\t\t<\/div>\n\t\t<\/section>\n\t\t\t\t<section class=\"elementor-section elementor-top-section elementor-element elementor-element-d7c964c elementor-section-boxed elementor-section-height-default elementor-section-height-default exad-glass-effect-no exad-sticky-section-no\" data-id=\"d7c964c\" data-element_type=\"section\">\n\t\t\t\t\t\t<div class=\"elementor-container elementor-column-gap-default\">\n\t\t\t\t\t\t\t<div class=\"elementor-row\">\n\t\t\t\t\t<div class=\"elementor-column elementor-col-100 elementor-top-column elementor-element elementor-element-1ee1222 exad-glass-effect-no exad-sticky-section-no\" data-id=\"1ee1222\" data-element_type=\"column\">\n\t\t\t<div class=\"elementor-column-wrap elementor-element-populated\">\n\t\t\t\t\t\t\t<div class=\"elementor-widget-wrap\">\n\t\t\t\t\t\t<div class=\"elementor-element elementor-element-eb757e4 exad-sticky-section-no exad-glass-effect-no elementor-widget elementor-widget-heading\" data-id=\"eb757e4\" data-element_type=\"widget\" data-widget_type=\"heading.default\">\n\t\t\t\t<div class=\"elementor-widget-container\">\n\t\t\t<h2 class=\"elementor-heading-title elementor-size-default\">2020 - Kinder podziel si\u0119 ksi\u0105\u017ck\u0105<\/h2>\t\t<\/div>\n\t\t\t\t<\/div>\n\t\t\t\t<div class=\"elementor-element elementor-element-b5bfdd8 exad-sticky-section-no exad-glass-effect-no elementor-widget elementor-widget-text-editor\" data-id=\"b5bfdd8\" data-element_type=\"widget\" data-widget_type=\"text-editor.default\">\n\t\t\t\t<div class=\"elementor-widget-container\">\n\t\t\t\t\t\t\t\t<div class=\"elementor-text-editor elementor-clearfix\">\n\t\t\t\t<p>W tym roku projekt Kinder mia\u0142 nieco inny charakter ni\u017c w poprzednich latach. Jego g\u0142\u00f3wnym celem by\u0142o zebranie dzieci\u0119cych dar\u00f3w czytelniczych, kt\u00f3re nast\u0119pnie zosta\u0142y przekazane do potrzebuj\u0105cych je bibliotek. Nasi Czytelnicy jak zwykle nas nie zawiedli i w nied\u0142ugim czasie mieli\u015bmy kartony pe\u0142ne ksi\u0105\u017cek do przekazania. Za udzia\u0142 w projekcie Biblioteka otrzyma\u0142a pufy do siedzenia.<\/p>\t\t\t\t\t<\/div>\n\t\t\t\t\t\t<\/div>\n\t\t\t\t<\/div>\n\t\t\t\t<div class=\"elementor-element elementor-element-deeaaee exad-sticky-section-no exad-glass-effect-no elementor-widget elementor-widget-image-gallery\" data-id=\"deeaaee\" data-element_type=\"widget\" data-widget_type=\"image-gallery.default\">\n\t\t\t\t<div class=\"elementor-widget-container\">\n\t\t\t\t\t<div class=\"elementor-image-gallery\">\n\t\t\t<div id='gallery-1' class='gallery galleryid-2117 gallery-columns-4 gallery-size-medium_large'><dl class='gallery-item'>\n\t\t\t<dt class='gallery-icon landscape'>\n\t\t\t\t<a data-elementor-open-lightbox=\"yes\" data-elementor-lightbox-slideshow=\"deeaaee\" data-elementor-lightbox-title=\"kinder 2\" e-action-hash=\"#elementor-action%3Aaction%3Dlightbox%26settings%3DeyJpZCI6NzU3NywidXJsIjoiaHR0cHM6XC9cL2Jwem9saWJvcnoucGxcL2Jwem9saWJvcnpcL3dwLWNvbnRlbnRcL3VwbG9hZHNcLzIwMjFcLzEwXC9raW5kZXItMi5qcGciLCJzbGlkZXNob3ciOiJkZWVhYWVlIn0%3D\" href='https:\/\/bpzoliborz.pl\/bpzoliborz\/wp-content\/uploads\/2021\/10\/kinder-2.jpg'><img width=\"600\" height=\"450\" src=\"https:\/\/bpzoliborz.pl\/bpzoliborz\/wp-content\/uploads\/2021\/10\/kinder-2.jpg\" class=\"attachment-medium_large size-medium_large\" alt=\"dziewczynka wk\u0142ada ksi\u0105\u017cki do pud\u0142a\" loading=\"lazy\" \/><\/a>\n\t\t\t<\/dt><\/dl><dl class='gallery-item'>\n\t\t\t<dt class='gallery-icon landscape'>\n\t\t\t\t<a data-elementor-open-lightbox=\"yes\" data-elementor-lightbox-slideshow=\"deeaaee\" data-elementor-lightbox-title=\"kinder 4\" e-action-hash=\"#elementor-action%3Aaction%3Dlightbox%26settings%3DeyJpZCI6NzU3OSwidXJsIjoiaHR0cHM6XC9cL2Jwem9saWJvcnoucGxcL2Jwem9saWJvcnpcL3dwLWNvbnRlbnRcL3VwbG9hZHNcLzIwMjFcLzEwXC9raW5kZXItNC5qcGciLCJzbGlkZXNob3ciOiJkZWVhYWVlIn0%3D\" href='https:\/\/bpzoliborz.pl\/bpzoliborz\/wp-content\/uploads\/2021\/10\/kinder-4.jpg'><img width=\"768\" height=\"576\" src=\"https:\/\/bpzoliborz.pl\/bpzoliborz\/wp-content\/uploads\/2021\/10\/kinder-4-768x576.jpg\" class=\"attachment-medium_large size-medium_large\" alt=\"pud\u0142o wype\u0142nione ksi\u0105\u017ckami dla dzieci\" loading=\"lazy\" srcset=\"https:\/\/bpzoliborz.pl\/bpzoliborz\/wp-content\/uploads\/2021\/10\/kinder-4-768x576.jpg 768w, https:\/\/bpzoliborz.pl\/bpzoliborz\/wp-content\/uploads\/2021\/10\/kinder-4-1536x1152.jpg 1536w, https:\/\/bpzoliborz.pl\/bpzoliborz\/wp-content\/uploads\/2021\/10\/kinder-4.jpg 2000w\" sizes=\"(max-width: 768px) 100vw, 768px\" \/><\/a>\n\t\t\t<\/dt><\/dl><dl class='gallery-item'>\n\t\t\t<dt class='gallery-icon landscape'>\n\t\t\t\t<a data-elementor-open-lightbox=\"yes\" data-elementor-lightbox-slideshow=\"deeaaee\" data-elementor-lightbox-title=\"kinder 1\" e-action-hash=\"#elementor-action%3Aaction%3Dlightbox%26settings%3DeyJpZCI6NzU3NiwidXJsIjoiaHR0cHM6XC9cL2Jwem9saWJvcnoucGxcL2Jwem9saWJvcnpcL3dwLWNvbnRlbnRcL3VwbG9hZHNcLzIwMjFcLzEwXC9raW5kZXItMS5qcGciLCJzbGlkZXNob3ciOiJkZWVhYWVlIn0%3D\" href='https:\/\/bpzoliborz.pl\/bpzoliborz\/wp-content\/uploads\/2021\/10\/kinder-1.jpg'><img width=\"600\" height=\"450\" src=\"https:\/\/bpzoliborz.pl\/bpzoliborz\/wp-content\/uploads\/2021\/10\/kinder-1.jpg\" class=\"attachment-medium_large size-medium_large\" alt=\"dziewczynka otrzyma\u0142a dyplom za przekazanie dar\u00f3w ksi\u0105\u017ckowych\" loading=\"lazy\" \/><\/a>\n\t\t\t<\/dt><\/dl>\n\t\t\t<br style='clear: both' \/>\n\t\t<\/div>\n\t\t<\/div>\n\t\t\t\t<\/div>\n\t\t\t\t<\/div>\n\t\t\t\t\t\t<\/div>\n\t\t\t\t\t<\/div>\n\t\t<\/div>\n\t\t\t\t\t\t\t\t<\/div>\n\t\t\t\t\t<\/div>\n\t\t<\/section>\n\t\t\t\t<section class=\"elementor-section elementor-top-section elementor-element elementor-element-81d1f18 elementor-section-boxed elementor-section-height-default elementor-section-height-default exad-glass-effect-no exad-sticky-section-no\" data-id=\"81d1f18\" data-element_type=\"section\">\n\t\t\t\t\t\t<div class=\"elementor-container elementor-column-gap-default\">\n\t\t\t\t\t\t\t<div class=\"elementor-row\">\n\t\t\t\t\t<div class=\"elementor-column elementor-col-100 elementor-top-column elementor-element elementor-element-bb45f80 exad-glass-effect-no exad-sticky-section-no\" data-id=\"bb45f80\" data-element_type=\"column\">\n\t\t\t<div class=\"elementor-column-wrap elementor-element-populated\">\n\t\t\t\t\t\t\t<div class=\"elementor-widget-wrap\">\n\t\t\t\t\t\t<div class=\"elementor-element elementor-element-b0850b1 exad-sticky-section-no exad-glass-effect-no elementor-widget elementor-widget-spacer\" data-id=\"b0850b1\" data-element_type=\"widget\" data-widget_type=\"spacer.default\">\n\t\t\t\t<div class=\"elementor-widget-container\">\n\t\t\t\t\t<div class=\"elementor-spacer\">\n\t\t\t<div class=\"elementor-spacer-inner\"><\/div>\n\t\t<\/div>\n\t\t\t\t<\/div>\n\t\t\t\t<\/div>\n\t\t\t\t\t\t<\/div>\n\t\t\t\t\t<\/div>\n\t\t<\/div>\n\t\t\t\t\t\t\t\t<\/div>\n\t\t\t\t\t<\/div>\n\t\t<\/section>\n\t\t\t\t<section class=\"elementor-section elementor-top-section elementor-element elementor-element-bb5b00c elementor-section-boxed elementor-section-height-default elementor-section-height-default exad-glass-effect-no exad-sticky-section-no\" data-id=\"bb5b00c\" data-element_type=\"section\">\n\t\t\t\t\t\t<div class=\"elementor-container elementor-column-gap-default\">\n\t\t\t\t\t\t\t<div class=\"elementor-row\">\n\t\t\t\t\t<div class=\"elementor-column elementor-col-100 elementor-top-column elementor-element elementor-element-92d7b10 exad-glass-effect-no exad-sticky-section-no\" data-id=\"92d7b10\" data-element_type=\"column\">\n\t\t\t<div class=\"elementor-column-wrap elementor-element-populated\">\n\t\t\t\t\t\t\t<div class=\"elementor-widget-wrap\">\n\t\t\t\t\t\t<div class=\"elementor-element elementor-element-bda6932 exad-sticky-section-no exad-glass-effect-no elementor-widget elementor-widget-heading\" data-id=\"bda6932\" data-element_type=\"widget\" data-widget_type=\"heading.default\">\n\t\t\t\t<div class=\"elementor-widget-container\">\n\t\t\t<h2 class=\"elementor-heading-title elementor-size-default\">2019 - Przerwa na Wsp\u00f3lne Czytanie<\/h2>\t\t<\/div>\n\t\t\t\t<\/div>\n\t\t\t\t<div class=\"elementor-element elementor-element-7eb55ca exad-sticky-section-no exad-glass-effect-no elementor-widget elementor-widget-text-editor\" data-id=\"7eb55ca\" data-element_type=\"widget\" data-widget_type=\"text-editor.default\">\n\t\t\t\t<div class=\"elementor-widget-container\">\n\t\t\t\t\t\t\t\t<div class=\"elementor-text-editor elementor-clearfix\">\n\t\t\t\t<p>Nasza Biblioteka wzi\u0119\u0142a udzia\u0142 w akcji KINDER Przerwa na Wsp\u00f3lne Czytanie, kt\u00f3ra polega\u0142a na zebraniu przez Bibliotek\u0119 jak najwi\u0119kszej ilo\u015bci g\u0142os\u00f3w. Dzi\u0119ki systematycznemu g\u0142osowaniu naszych Czytelnik\u00f3w uda\u0142o si\u0119 nam zaj\u0105c 35 miejsce (liczba g\u0142os\u00f3w 26955), za co otrzymali\u015bmy ksi\u0105\u017cki dla dzieci o warto\u015bci 5000 z\u0142 oraz du\u017ce pufy do siedzenia.\u00a0<\/p>\t\t\t\t\t<\/div>\n\t\t\t\t\t\t<\/div>\n\t\t\t\t<\/div>\n\t\t\t\t<div class=\"elementor-element elementor-element-3fd79df exad-sticky-section-no exad-glass-effect-no elementor-widget elementor-widget-image-gallery\" data-id=\"3fd79df\" data-element_type=\"widget\" data-widget_type=\"image-gallery.default\">\n\t\t\t\t<div class=\"elementor-widget-container\">\n\t\t\t\t\t<div class=\"elementor-image-gallery\">\n\t\t\t<div id='gallery-2' class='gallery galleryid-2117 gallery-columns-4 gallery-size-medium'><dl class='gallery-item'>\n\t\t\t<dt class='gallery-icon portrait'>\n\t\t\t\t<a data-elementor-open-lightbox=\"yes\" data-elementor-lightbox-slideshow=\"3fd79df\" data-elementor-lightbox-title=\"kinder 5\" e-action-hash=\"#elementor-action%3Aaction%3Dlightbox%26settings%3DeyJpZCI6NzU4OCwidXJsIjoiaHR0cHM6XC9cL2Jwem9saWJvcnoucGxcL2Jwem9saWJvcnpcL3dwLWNvbnRlbnRcL3VwbG9hZHNcLzIwMjFcLzEwXC9raW5kZXItNS5qcGciLCJzbGlkZXNob3ciOiIzZmQ3OWRmIn0%3D\" href='https:\/\/bpzoliborz.pl\/bpzoliborz\/wp-content\/uploads\/2021\/10\/kinder-5.jpg'><img width=\"1240\" height=\"1701\" src=\"https:\/\/bpzoliborz.pl\/bpzoliborz\/wp-content\/uploads\/2021\/10\/kinder-5.jpg\" class=\"attachment-medium size-medium\" alt=\"\" loading=\"lazy\" srcset=\"https:\/\/bpzoliborz.pl\/bpzoliborz\/wp-content\/uploads\/2021\/10\/kinder-5.jpg 1240w, https:\/\/bpzoliborz.pl\/bpzoliborz\/wp-content\/uploads\/2021\/10\/kinder-5-768x1054.jpg 768w, https:\/\/bpzoliborz.pl\/bpzoliborz\/wp-content\/uploads\/2021\/10\/kinder-5-1120x1536.jpg 1120w\" sizes=\"(max-width: 1240px) 100vw, 1240px\" \/><\/a>\n\t\t\t<\/dt><\/dl><dl class='gallery-item'>\n\t\t\t<dt class='gallery-icon portrait'>\n\t\t\t\t<a data-elementor-open-lightbox=\"yes\" data-elementor-lightbox-slideshow=\"3fd79df\" data-elementor-lightbox-title=\"kinder 7\" e-action-hash=\"#elementor-action%3Aaction%3Dlightbox%26settings%3DeyJpZCI6NzU5MCwidXJsIjoiaHR0cHM6XC9cL2Jwem9saWJvcnoucGxcL2Jwem9saWJvcnpcL3dwLWNvbnRlbnRcL3VwbG9hZHNcLzIwMjFcLzEwXC9raW5kZXItNy5qcGciLCJzbGlkZXNob3ciOiIzZmQ3OWRmIn0%3D\" href='https:\/\/bpzoliborz.pl\/bpzoliborz\/wp-content\/uploads\/2021\/10\/kinder-7.jpg'><img width=\"526\" height=\"701\" src=\"https:\/\/bpzoliborz.pl\/bpzoliborz\/wp-content\/uploads\/2021\/10\/kinder-7.jpg\" class=\"attachment-medium size-medium\" alt=\"stos ksi\u0105\u017cek dzieci\u0119cych\" loading=\"lazy\" srcset=\"https:\/\/bpzoliborz.pl\/bpzoliborz\/wp-content\/uploads\/2021\/10\/kinder-7.jpg 526w, https:\/\/bpzoliborz.pl\/bpzoliborz\/wp-content\/uploads\/2021\/10\/kinder-7-300x400.jpg 300w\" sizes=\"(max-width: 526px) 100vw, 526px\" \/><\/a>\n\t\t\t<\/dt><\/dl><dl class='gallery-item'>\n\t\t\t<dt class='gallery-icon portrait'>\n\t\t\t\t<a data-elementor-open-lightbox=\"yes\" data-elementor-lightbox-slideshow=\"3fd79df\" data-elementor-lightbox-title=\"kinder 6\" e-action-hash=\"#elementor-action%3Aaction%3Dlightbox%26settings%3DeyJpZCI6NzU4OSwidXJsIjoiaHR0cHM6XC9cL2Jwem9saWJvcnoucGxcL2Jwem9saWJvcnpcL3dwLWNvbnRlbnRcL3VwbG9hZHNcLzIwMjFcLzEwXC9raW5kZXItNi5qcGciLCJzbGlkZXNob3ciOiIzZmQ3OWRmIn0%3D\" href='https:\/\/bpzoliborz.pl\/bpzoliborz\/wp-content\/uploads\/2021\/10\/kinder-6.jpg'><img width=\"1512\" height=\"2016\" src=\"https:\/\/bpzoliborz.pl\/bpzoliborz\/wp-content\/uploads\/2021\/10\/kinder-6.jpg\" class=\"attachment-medium size-medium\" alt=\"kobieta siedzi i czyta ksi\u0105\u017ck\u0119 na pomara\u0144czowej pufie z napisem kinder\" loading=\"lazy\" srcset=\"https:\/\/bpzoliborz.pl\/bpzoliborz\/wp-content\/uploads\/2021\/10\/kinder-6.jpg 1512w, https:\/\/bpzoliborz.pl\/bpzoliborz\/wp-content\/uploads\/2021\/10\/kinder-6-768x1024.jpg 768w, https:\/\/bpzoliborz.pl\/bpzoliborz\/wp-content\/uploads\/2021\/10\/kinder-6-300x400.jpg 300w, https:\/\/bpzoliborz.pl\/bpzoliborz\/wp-content\/uploads\/2021\/10\/kinder-6-1152x1536.jpg 1152w\" sizes=\"(max-width: 1512px) 100vw, 1512px\" \/><\/a>\n\t\t\t<\/dt><\/dl>\n\t\t\t<br style='clear: both' \/>\n\t\t<\/div>\n\t\t<\/div>\n\t\t\t\t<\/div>\n\t\t\t\t<\/div>\n\t\t\t\t\t\t<\/div>\n\t\t\t\t\t<\/div>\n\t\t<\/div>\n\t\t\t\t\t\t\t\t<\/div>\n\t\t\t\t\t<\/div>\n\t\t<\/section>\n\t\t\t\t<section class=\"elementor-section elementor-top-section elementor-element elementor-element-de20505 elementor-section-boxed elementor-section-height-default elementor-section-height-default exad-glass-effect-no exad-sticky-section-no\" data-id=\"de20505\" data-element_type=\"section\">\n\t\t\t\t\t\t<div class=\"elementor-container elementor-column-gap-default\">\n\t\t\t\t\t\t\t<div class=\"elementor-row\">\n\t\t\t\t\t<div class=\"elementor-column elementor-col-100 elementor-top-column elementor-element elementor-element-472b563 exad-glass-effect-no exad-sticky-section-no\" data-id=\"472b563\" data-element_type=\"column\">\n\t\t\t<div class=\"elementor-column-wrap elementor-element-populated\">\n\t\t\t\t\t\t\t<div class=\"elementor-widget-wrap\">\n\t\t\t\t\t\t<div class=\"elementor-element elementor-element-f8fa84c exad-sticky-section-no exad-glass-effect-no elementor-widget elementor-widget-spacer\" data-id=\"f8fa84c\" data-element_type=\"widget\" data-widget_type=\"spacer.default\">\n\t\t\t\t<div class=\"elementor-widget-container\">\n\t\t\t\t\t<div class=\"elementor-spacer\">\n\t\t\t<div class=\"elementor-spacer-inner\"><\/div>\n\t\t<\/div>\n\t\t\t\t<\/div>\n\t\t\t\t<\/div>\n\t\t\t\t\t\t<\/div>\n\t\t\t\t\t<\/div>\n\t\t<\/div>\n\t\t\t\t\t\t\t\t<\/div>\n\t\t\t\t\t<\/div>\n\t\t<\/section>\n\t\t\t\t\t\t\t\t\t<\/div>\n\t\t\t<\/div>\n\t\t\t\t\t<\/div>\n\t\t","protected":false},"excerpt":{"rendered":"<p>KINDER Przerwa na Wsp\u00f3lne Czytanie 2020 &#8211; Kinder podziel si\u0119 ksi\u0105\u017ck\u0105 W tym roku projekt Kinder mia\u0142 nieco inny charakter ni\u017c w poprzednich latach. Jego g\u0142\u00f3wnym celem by\u0142o zebranie dzieci\u0119cych dar\u00f3w czytelniczych, kt\u00f3re nast\u0119pnie zosta\u0142y przekazane do potrzebuj\u0105cych je bibliotek. Nasi Czytelnicy jak zwykle nas nie zawiedli i w nied\u0142ugim czasie mieli\u015bmy kartony pe\u0142ne ksi\u0105\u017cek&hellip;&nbsp;<a href=\"https:\/\/bpzoliborz.pl\/bpzoliborz\/index.php\/kinder-przerwa-na-wspolne-czytanie\/\" class=\"\" rel=\"bookmark\">Czytaj wi\u0119cej &raquo;<span class=\"screen-reader-text\">Kinder. Przerwa na Wsp\u00f3lne Czytanie<\/span><\/a><\/p>\n","protected":false},"author":3,"featured_media":965,"parent":0,"menu_order":0,"comment_status":"closed","ping_status":"closed","template":"page-templates\/template-pagebuilder-full-width.php","meta":{"_stopmodifiedupdate":false,"_modified_date":"","_eb_attr":"","neve_meta_sidebar":"full-width","neve_meta_container":"","neve_meta_enable_content_width":"on","neve_meta_content_width":100,"neve_meta_title_alignment":"","neve_meta_author_avatar":"","neve_post_elements_order":"","neve_meta_disable_header":"","neve_meta_disable_footer":"","neve_meta_disable_title":"on"},"_links":{"self":[{"href":"https:\/\/bpzoliborz.pl\/bpzoliborz\/index.php\/wp-json\/wp\/v2\/pages\/2117"}],"collection":[{"href":"https:\/\/bpzoliborz.pl\/bpzoliborz\/index.php\/wp-json\/wp\/v2\/pages"}],"about":[{"href":"https:\/\/bpzoliborz.pl\/bpzoliborz\/index.php\/wp-json\/wp\/v2\/types\/page"}],"author":[{"embeddable":true,"href":"https:\/\/bpzoliborz.pl\/bpzoliborz\/index.php\/wp-json\/wp\/v2\/users\/3"}],"replies":[{"embeddable":true,"href":"https:\/\/bpzoliborz.pl\/bpzoliborz\/index.php\/wp-json\/wp\/v2\/comments?post=2117"}],"version-history":[{"count":10,"href":"https:\/\/bpzoliborz.pl\/bpzoliborz\/index.php\/wp-json\/wp\/v2\/pages\/2117\/revisions"}],"predecessor-version":[{"id":7596,"href":"https:\/\/bpzoliborz.pl\/bpzoliborz\/index.php\/wp-json\/wp\/v2\/pages\/2117\/revisions\/7596"}],"wp:featuredmedia":[{"embeddable":true,"href":"https:\/\/bpzoliborz.pl\/bpzoliborz\/index.php\/wp-json\/wp\/v2\/media\/965"}],"wp:attachment":[{"href":"https:\/\/bpzoliborz.pl\/bpzoliborz\/index.php\/wp-json\/wp\/v2\/media?parent=2117"}],"curies":[{"name":"wp","href":"https:\/\/api.w.org\/{rel}","templated":true}]}}