{"id":1290,"date":"2020-08-02T16:26:12","date_gmt":"2020-08-02T14:26:12","guid":{"rendered":"http:\/\/bpzoliborz.pl\/bpzoliborz\/?page_id=1290"},"modified":"2020-08-02T16:50:58","modified_gmt":"2020-08-02T14:50:58","slug":"czytak","status":"publish","type":"page","link":"https:\/\/bpzoliborz.pl\/bpzoliborz\/index.php\/czytak\/","title":{"rendered":"Czytak"},"content":{"rendered":"\t\t<div data-elementor-type=\"wp-page\" data-elementor-id=\"1290\" class=\"elementor elementor-1290\">\n\t\t\t\t\t\t<div class=\"elementor-inner\">\n\t\t\t\t<div class=\"elementor-section-wrap\">\n\t\t\t\t\t\t\t\t\t<section class=\"elementor-section elementor-top-section elementor-element elementor-element-1963f07 elementor-section-boxed elementor-section-height-default elementor-section-height-default exad-glass-effect-no exad-sticky-section-no\" data-id=\"1963f07\" data-element_type=\"section\">\n\t\t\t\t\t\t<div class=\"elementor-container elementor-column-gap-default\">\n\t\t\t\t\t\t\t<div class=\"elementor-row\">\n\t\t\t\t\t<div class=\"elementor-column elementor-col-100 elementor-top-column elementor-element elementor-element-15d2058 exad-glass-effect-no exad-sticky-section-no\" data-id=\"15d2058\" data-element_type=\"column\">\n\t\t\t<div class=\"elementor-column-wrap elementor-element-populated\">\n\t\t\t\t\t\t\t<div class=\"elementor-widget-wrap\">\n\t\t\t\t\t\t<div class=\"elementor-element elementor-element-16555a0 exad-sticky-section-no exad-glass-effect-no elementor-widget elementor-widget-spacer\" data-id=\"16555a0\" data-element_type=\"widget\" data-widget_type=\"spacer.default\">\n\t\t\t\t<div class=\"elementor-widget-container\">\n\t\t\t\t\t<div class=\"elementor-spacer\">\n\t\t\t<div class=\"elementor-spacer-inner\"><\/div>\n\t\t<\/div>\n\t\t\t\t<\/div>\n\t\t\t\t<\/div>\n\t\t\t\t\t\t<\/div>\n\t\t\t\t\t<\/div>\n\t\t<\/div>\n\t\t\t\t\t\t\t\t<\/div>\n\t\t\t\t\t<\/div>\n\t\t<\/section>\n\t\t\t\t<section class=\"elementor-section elementor-top-section elementor-element elementor-element-0a034e0 elementor-section-boxed elementor-section-height-default elementor-section-height-default exad-glass-effect-no exad-sticky-section-no\" data-id=\"0a034e0\" data-element_type=\"section\">\n\t\t\t\t\t\t<div class=\"elementor-container elementor-column-gap-default\">\n\t\t\t\t\t\t\t<div class=\"elementor-row\">\n\t\t\t\t\t<div class=\"elementor-column elementor-col-100 elementor-top-column elementor-element elementor-element-f9322fc exad-glass-effect-no exad-sticky-section-no\" data-id=\"f9322fc\" data-element_type=\"column\">\n\t\t\t<div class=\"elementor-column-wrap elementor-element-populated\">\n\t\t\t\t\t\t\t<div class=\"elementor-widget-wrap\">\n\t\t\t\t\t\t<div class=\"elementor-element elementor-element-2d44ebc exad-sticky-section-no exad-glass-effect-no elementor-widget elementor-widget-heading\" data-id=\"2d44ebc\" data-element_type=\"widget\" data-widget_type=\"heading.default\">\n\t\t\t\t<div class=\"elementor-widget-container\">\n\t\t\t<h2 class=\"elementor-heading-title elementor-size-default\">Czytak<\/h2>\t\t<\/div>\n\t\t\t\t<\/div>\n\t\t\t\t\t\t<\/div>\n\t\t\t\t\t<\/div>\n\t\t<\/div>\n\t\t\t\t\t\t\t\t<\/div>\n\t\t\t\t\t<\/div>\n\t\t<\/section>\n\t\t\t\t<section class=\"elementor-section elementor-top-section elementor-element elementor-element-f72ad20 elementor-section-boxed elementor-section-height-default elementor-section-height-default exad-glass-effect-no exad-sticky-section-no\" data-id=\"f72ad20\" data-element_type=\"section\">\n\t\t\t\t\t\t<div class=\"elementor-container elementor-column-gap-default\">\n\t\t\t\t\t\t\t<div class=\"elementor-row\">\n\t\t\t\t\t<div class=\"elementor-column elementor-col-100 elementor-top-column elementor-element elementor-element-3bf57c6 exad-glass-effect-no exad-sticky-section-no\" data-id=\"3bf57c6\" data-element_type=\"column\">\n\t\t\t<div class=\"elementor-column-wrap elementor-element-populated\">\n\t\t\t\t\t\t\t<div class=\"elementor-widget-wrap\">\n\t\t\t\t\t\t<div class=\"elementor-element elementor-element-d6f831d exad-sticky-section-no exad-glass-effect-no elementor-widget elementor-widget-spacer\" data-id=\"d6f831d\" data-element_type=\"widget\" data-widget_type=\"spacer.default\">\n\t\t\t\t<div class=\"elementor-widget-container\">\n\t\t\t\t\t<div class=\"elementor-spacer\">\n\t\t\t<div class=\"elementor-spacer-inner\"><\/div>\n\t\t<\/div>\n\t\t\t\t<\/div>\n\t\t\t\t<\/div>\n\t\t\t\t\t\t<\/div>\n\t\t\t\t\t<\/div>\n\t\t<\/div>\n\t\t\t\t\t\t\t\t<\/div>\n\t\t\t\t\t<\/div>\n\t\t<\/section>\n\t\t\t\t<section class=\"elementor-section elementor-top-section elementor-element elementor-element-77f3067 elementor-section-boxed elementor-section-height-default elementor-section-height-default exad-glass-effect-no exad-sticky-section-no\" data-id=\"77f3067\" data-element_type=\"section\">\n\t\t\t\t\t\t<div class=\"elementor-container elementor-column-gap-default\">\n\t\t\t\t\t\t\t<div class=\"elementor-row\">\n\t\t\t\t\t<div class=\"elementor-column elementor-col-100 elementor-top-column elementor-element elementor-element-20082ea exad-glass-effect-no exad-sticky-section-no\" data-id=\"20082ea\" data-element_type=\"column\">\n\t\t\t<div class=\"elementor-column-wrap elementor-element-populated\">\n\t\t\t\t\t\t\t<div class=\"elementor-widget-wrap\">\n\t\t\t\t\t\t<div class=\"elementor-element elementor-element-8c16a9b exad-sticky-section-no exad-glass-effect-no elementor-widget elementor-widget-heading\" data-id=\"8c16a9b\" data-element_type=\"widget\" data-widget_type=\"heading.default\">\n\t\t\t\t<div class=\"elementor-widget-container\">\n\t\t\t<h2 class=\"elementor-heading-title elementor-size-default\">Czytak - odtwarzacz cyfrowych ksi\u0105\u017cek m\u00f3wionych:<\/h2>\t\t<\/div>\n\t\t\t\t<\/div>\n\t\t\t\t<section class=\"elementor-section elementor-inner-section elementor-element elementor-element-0084e15 elementor-section-boxed elementor-section-height-default elementor-section-height-default exad-glass-effect-no exad-sticky-section-no\" data-id=\"0084e15\" data-element_type=\"section\">\n\t\t\t\t\t\t<div class=\"elementor-container elementor-column-gap-default\">\n\t\t\t\t\t\t\t<div class=\"elementor-row\">\n\t\t\t\t\t<div class=\"elementor-column elementor-col-50 elementor-inner-column elementor-element elementor-element-48baa18 exad-glass-effect-no exad-sticky-section-no\" data-id=\"48baa18\" data-element_type=\"column\">\n\t\t\t<div class=\"elementor-column-wrap elementor-element-populated\">\n\t\t\t\t\t\t\t<div class=\"elementor-widget-wrap\">\n\t\t\t\t\t\t<div class=\"elementor-element elementor-element-c47b17c exad-sticky-section-no exad-glass-effect-no elementor-widget elementor-widget-image\" data-id=\"c47b17c\" data-element_type=\"widget\" data-widget_type=\"image.default\">\n\t\t\t\t<div class=\"elementor-widget-container\">\n\t\t\t\t\t\t\t\t<div class=\"elementor-image\">\n\t\t\t\t\t\t\t\t\t\t\t\t<img width=\"1080\" height=\"675\" src=\"https:\/\/bpzoliborz.pl\/bpzoliborz\/wp-content\/uploads\/2020\/08\/czytak.png\" class=\"attachment-large size-large wp-image-1250\" alt=\"urz\u0105dzenie czytak\" loading=\"lazy\" srcset=\"https:\/\/bpzoliborz.pl\/bpzoliborz\/wp-content\/uploads\/2020\/08\/czytak.png 1080w, https:\/\/bpzoliborz.pl\/bpzoliborz\/wp-content\/uploads\/2020\/08\/czytak-768x480.png 768w\" sizes=\"(max-width: 1080px) 100vw, 1080px\" \/>\t\t\t\t\t\t\t\t\t\t\t\t\t\t<\/div>\n\t\t\t\t\t\t<\/div>\n\t\t\t\t<\/div>\n\t\t\t\t\t\t<\/div>\n\t\t\t\t\t<\/div>\n\t\t<\/div>\n\t\t\t\t<div class=\"elementor-column elementor-col-50 elementor-inner-column elementor-element elementor-element-10a9d8b exad-glass-effect-no exad-sticky-section-no\" data-id=\"10a9d8b\" data-element_type=\"column\">\n\t\t\t<div class=\"elementor-column-wrap elementor-element-populated\">\n\t\t\t\t\t\t\t<div class=\"elementor-widget-wrap\">\n\t\t\t\t\t\t<div class=\"elementor-element elementor-element-465fa64 exad-sticky-section-no exad-glass-effect-no elementor-widget elementor-widget-text-editor\" data-id=\"465fa64\" data-element_type=\"widget\" data-widget_type=\"text-editor.default\">\n\t\t\t\t<div class=\"elementor-widget-container\">\n\t\t\t\t\t\t\t\t<div class=\"elementor-text-editor elementor-clearfix\">\n\t\t\t\t<p>Czytelnicy z dysfunkcj\u0105 wzroku mog\u0105 wypo\u017cycza\u0107 Czytaka wraz z cyfrowymi ksi\u0105\u017ckami m\u00f3wionymi. Osoby posiadaj\u0105ce w\u0142asne urz\u0105dzenie Czytak Plus mog\u0105 przynie\u015b\u0107 kart\u0119 pami\u0119ci Czytaka, na kt\u00f3r\u0105 zostan\u0105 nagrane wybrane pozycje. Czytak Plus oraz cyfrowe ksi\u0105\u017cki m\u00f3wione s\u0105 dost\u0119pne do wypo\u017cyczenia w <strong>Czytelni Pod Sowami przy ul. gen. J. Zaj\u0105czka 8.<\/strong><\/p><p><strong>Czytak jest:<\/strong><\/p><ul><li>prosty w obs\u0142udze, przeno\u015bny,<\/li><li>wyposa\u017cony w g\u0142o\u015bnik i doskonale wyczuwaln\u0105 klawiatur\u0119<\/li><li>w pe\u0142ni ud\u017awi\u0119kowiony,<\/li><li><p>przyjazny dla os\u00f3b z dysfunkcj\u0105 narz\u0105du wzroku oraz dla senior\u00f3w.<\/p><\/li><\/ul><p><strong>Czytak to doskona\u0142e rozwi\u0105zanie dla os\u00f3b, kt\u00f3re lubi\u0105 czyta\u0107 a wzrok im na to nie pozwala:<\/strong><\/p><ul><li>Osoby niewidome lub s\u0142abo widz\u0105ce mog\u0105 nieodp\u0142atnie korzysta\u0107 ze zbioru cyfrowej ksi\u0105\u017cki m\u00f3wionej w Czytelni Pod Sowami lub z bibliotek w ca\u0142ym kraju.<\/li><li>Nasz zbi\u00f3r liczy obecnie ponad 2500 tytu\u0142\u00f3w i stale si\u0119 zwi\u0119ksza.<\/li><li>Na Czytaku mo\u017cna tak\u017ce odtwarza\u0107 coraz powszechniej dost\u0119pne audiobooki, muzyk\u0119 oraz dokumenty tekstowe.<\/li><li>S\u0142uchanie ksi\u0105\u017cek na Czytaku jest bardzo proste i wygodne.<\/li><\/ul>\t\t\t\t\t<\/div>\n\t\t\t\t\t\t<\/div>\n\t\t\t\t<\/div>\n\t\t\t\t\t\t<\/div>\n\t\t\t\t\t<\/div>\n\t\t<\/div>\n\t\t\t\t\t\t\t\t<\/div>\n\t\t\t\t\t<\/div>\n\t\t<\/section>\n\t\t\t\t\t\t<\/div>\n\t\t\t\t\t<\/div>\n\t\t<\/div>\n\t\t\t\t\t\t\t\t<\/div>\n\t\t\t\t\t<\/div>\n\t\t<\/section>\n\t\t\t\t<section class=\"elementor-section elementor-top-section elementor-element elementor-element-bae69e3 elementor-section-boxed elementor-section-height-default elementor-section-height-default exad-glass-effect-no exad-sticky-section-no\" data-id=\"bae69e3\" data-element_type=\"section\">\n\t\t\t\t\t\t<div class=\"elementor-container elementor-column-gap-default\">\n\t\t\t\t\t\t\t<div class=\"elementor-row\">\n\t\t\t\t\t<div class=\"elementor-column elementor-col-100 elementor-top-column elementor-element elementor-element-cd90a2c exad-glass-effect-no exad-sticky-section-no\" data-id=\"cd90a2c\" data-element_type=\"column\">\n\t\t\t<div class=\"elementor-column-wrap elementor-element-populated\">\n\t\t\t\t\t\t\t<div class=\"elementor-widget-wrap\">\n\t\t\t\t\t\t<div class=\"elementor-element elementor-element-3f28209 exad-sticky-section-no exad-glass-effect-no elementor-widget elementor-widget-spacer\" data-id=\"3f28209\" data-element_type=\"widget\" data-widget_type=\"spacer.default\">\n\t\t\t\t<div class=\"elementor-widget-container\">\n\t\t\t\t\t<div class=\"elementor-spacer\">\n\t\t\t<div class=\"elementor-spacer-inner\"><\/div>\n\t\t<\/div>\n\t\t\t\t<\/div>\n\t\t\t\t<\/div>\n\t\t\t\t\t\t<\/div>\n\t\t\t\t\t<\/div>\n\t\t<\/div>\n\t\t\t\t\t\t\t\t<\/div>\n\t\t\t\t\t<\/div>\n\t\t<\/section>\n\t\t\t\t<section class=\"elementor-section elementor-top-section elementor-element elementor-element-f85bb21 elementor-section-boxed elementor-section-height-default elementor-section-height-default exad-glass-effect-no exad-sticky-section-no\" data-id=\"f85bb21\" data-element_type=\"section\">\n\t\t\t\t\t\t<div class=\"elementor-container elementor-column-gap-default\">\n\t\t\t\t\t\t\t<div class=\"elementor-row\">\n\t\t\t\t\t<div class=\"elementor-column elementor-col-100 elementor-top-column elementor-element elementor-element-4ae0291 exad-glass-effect-no exad-sticky-section-no\" data-id=\"4ae0291\" data-element_type=\"column\">\n\t\t\t<div class=\"elementor-column-wrap elementor-element-populated\">\n\t\t\t\t\t\t\t<div class=\"elementor-widget-wrap\">\n\t\t\t\t\t\t<div class=\"elementor-element elementor-element-b142060 exad-sticky-section-no exad-glass-effect-no elementor-widget elementor-widget-heading\" data-id=\"b142060\" data-element_type=\"widget\" data-widget_type=\"heading.default\">\n\t\t\t\t<div class=\"elementor-widget-container\">\n\t\t\t<h2 class=\"elementor-heading-title elementor-size-default\">Regulamin<\/h2>\t\t<\/div>\n\t\t\t\t<\/div>\n\t\t\t\t<div class=\"elementor-element elementor-element-f14ef61 exad-sticky-section-no exad-glass-effect-no elementor-widget elementor-widget-text-editor\" data-id=\"f14ef61\" data-element_type=\"widget\" data-widget_type=\"text-editor.default\">\n\t\t\t\t<div class=\"elementor-widget-container\">\n\t\t\t\t\t\t\t\t<div class=\"elementor-text-editor elementor-clearfix\">\n\t\t\t\t<p><strong>Regulamin wypo\u017cyczania odtwarzaczy \u201eCzytak\u201d i cyfrowych ksi\u0105\u017cek m\u00f3wionych osobom z dysfunkcj\u0105 wzroku<\/strong><\/p><ol><li><strong> Postanowienia og\u00f3lne.<\/strong><\/li><li>Niniejszy regulamin okre\u015bla warunki wypo\u017cyczania odtwarzacza cyfrowych ksi\u0105\u017cek m\u00f3wionych \u201eCzytak Plus&#8221; Czytelnikom Biblioteki Publicznej w Dzielnicy \u017boliborz m.st. Warszawy.<\/li><li>Akceptacja regulaminu nast\u0119puje z chwil\u0105 jego podpisania przez osoby upowa\u017cnione do reprezentacji Biblioteki Publicznej w Dzielnicy \u017boliborz m.st. Warszawy.<\/li><\/ol><p>\u00a0<\/p><p><strong>Warunki wypo\u017cyczania Czytaka Plus Czytelnikom Biblioteki Publicznej<\/strong><\/p><p style=\"text-align: center;\"><strong>\u00a7<\/strong>1<\/p><ol><li><p>Biblioteka mo\u017ce wypo\u017cycza\u0107 Czytaka Plus jedynie czytelnikowi biblioteki posiadaj\u0105cemu orzeczenie o niepe\u0142nosprawno\u015bci z tytu\u0142u wzroku.<\/p><\/li><li>Czytelnik wypo\u017cyczaj\u0105cy Czytaka Plus jest zobowi\u0105zany do podania numeru telefonu, kt\u00f3ry jest konieczny do utrzymywania kontaktu pomi\u0119dzy Bibliotek\u0105 a Czytelnikiem.<\/li><li>Warunkiem wypo\u017cyczenia Czytaka Plus jest pisemne potwierdzenie wypo\u017cyczenia przez Czytelnika lub jego prawnego opiekuna.<\/li><\/ol><p style=\"text-align: center;\"><strong>\u00a72<\/strong><\/p><ol><li>Termin zwrotu Czytaka Plus okre\u015bla biblioteka, jednak czas wypo\u017cyczenia nie mo\u017ce by\u0107 d\u0142u\u017cszy ni\u017c 60 dni. Po tym okresie mo\u017cliwe jest przed\u0142u\u017cenie terminu zwrotu Czytaka Plus pod warunkiem aktywnego korzystania przez Czytelnika ze zbior\u00f3w cyfrowej ksi\u0105\u017cki m\u00f3wionej dost\u0119pnych w Bibliotece Publicznej.<\/li><li>Po up\u0142ywie terminu, na jaki zosta\u0142 wypo\u017cyczony Czytak Plus, w razie jego nie zwr\u00f3cenia, Biblioteka ma prawo do naliczenia kary umownej w wysoko\u015bci 5 z\u0142 za ka\u017cdy dzie\u0144 zw\u0142oki.<\/li><li>Osoby nieoddaj\u0105ce urz\u0105dzenia w terminie nie mog\u0105 ponownie wypo\u017cycza\u0107 Czytaka Plus.<\/li><\/ol><p style=\"text-align: center;\"><strong>\u00a73<\/strong><\/p><ol><li>Z chwil\u0105 wypo\u017cyczenia Czytaka Plus Czytelnik staje si\u0119 za niego ca\u0142kowicie odpowiedzialny i jest zobowi\u0105zany do zwr\u00f3cenia go w oznaczonym terminie w takim stanie, w jakim zosta\u0142 mu wypo\u017cyczony.<\/li><li>W wypadku uszkodzenia Czytaka Plus, Czytelnik ponosi koszty jego naprawy nieobj\u0119te gwarancj\u0105 producenta.<\/li><li>W wypadku ca\u0142kowitego zniszczenia lub zagubienia Czytaka Plus, Czytelnik p\u0142aci odszkodowanie w wysoko\u015bci odpowiadaj\u0105cej warto\u015bci sprz\u0119tu.<\/li><\/ol><p>\u00a0<\/p><p><strong>III. Postanowienia ko\u0144cowe.<\/strong><\/p><ol><li>Biblioteka Publiczna zobowi\u0105zuje si\u0119 do umieszczenia informacji o przyst\u0105pieniu przez ni\u0105 do projektu \u201eWypo\u017cyczalnia odtwarzaczy cyfrowej ksi\u0105\u017cki m\u00f3wionej dla os\u00f3b niewidomych i s\u0142abo widz\u0105cych&#8221; na prowadzonej przez siebie stronie internetowej lub na stronie organu prowadz\u0105cego.<\/li><li>Informacja powinna obejmowa\u0107:<\/li><\/ol><ul><li>nazw\u0119 projektu,<\/li><li>logo Stowarzyszenia i Logo Ministerstwa Kultury i Dziedzictwa Narodowego,<\/li><li>podstawowe informacje o projekcie. Wz\u00f3r informacji zostanie przes\u0142any Bibliotece Publicznej przez Stowarzyszenie \u201eLarix&#8221; z chwil\u0105 podpisania umowy.<\/li><\/ul><p>\u00a0<\/p><p>\u00a0<\/p><p style=\"text-align: center; padding-left: 400px;\">Dyrektor <br \/>Biblioteki Publicznej w Dzielnicy \u017boliborz <br \/>m. st. Warszawy<br \/>Ma\u0142gorzata Kocot<\/p>\t\t\t\t\t<\/div>\n\t\t\t\t\t\t<\/div>\n\t\t\t\t<\/div>\n\t\t\t\t\t\t<\/div>\n\t\t\t\t\t<\/div>\n\t\t<\/div>\n\t\t\t\t\t\t\t\t<\/div>\n\t\t\t\t\t<\/div>\n\t\t<\/section>\n\t\t\t\t<section class=\"elementor-section elementor-top-section elementor-element elementor-element-5dd4ccf elementor-section-boxed elementor-section-height-default elementor-section-height-default exad-glass-effect-no exad-sticky-section-no\" data-id=\"5dd4ccf\" data-element_type=\"section\">\n\t\t\t\t\t\t<div class=\"elementor-container elementor-column-gap-default\">\n\t\t\t\t\t\t\t<div class=\"elementor-row\">\n\t\t\t\t\t<div class=\"elementor-column elementor-col-100 elementor-top-column elementor-element elementor-element-411b0bc exad-glass-effect-no exad-sticky-section-no\" data-id=\"411b0bc\" data-element_type=\"column\">\n\t\t\t<div class=\"elementor-column-wrap elementor-element-populated\">\n\t\t\t\t\t\t\t<div class=\"elementor-widget-wrap\">\n\t\t\t\t\t\t<div class=\"elementor-element elementor-element-e789c5f exad-sticky-section-no exad-glass-effect-no elementor-widget elementor-widget-spacer\" data-id=\"e789c5f\" data-element_type=\"widget\" data-widget_type=\"spacer.default\">\n\t\t\t\t<div class=\"elementor-widget-container\">\n\t\t\t\t\t<div class=\"elementor-spacer\">\n\t\t\t<div class=\"elementor-spacer-inner\"><\/div>\n\t\t<\/div>\n\t\t\t\t<\/div>\n\t\t\t\t<\/div>\n\t\t\t\t\t\t<\/div>\n\t\t\t\t\t<\/div>\n\t\t<\/div>\n\t\t\t\t\t\t\t\t<\/div>\n\t\t\t\t\t<\/div>\n\t\t<\/section>\n\t\t\t\t\t\t\t\t\t<\/div>\n\t\t\t<\/div>\n\t\t\t\t\t<\/div>\n\t\t","protected":false},"excerpt":{"rendered":"<p>Czytak Czytak &#8211; odtwarzacz cyfrowych ksi\u0105\u017cek m\u00f3wionych: Czytelnicy z dysfunkcj\u0105 wzroku mog\u0105 wypo\u017cycza\u0107 Czytaka wraz z cyfrowymi ksi\u0105\u017ckami m\u00f3wionymi. Osoby posiadaj\u0105ce w\u0142asne urz\u0105dzenie Czytak Plus mog\u0105 przynie\u015b\u0107 kart\u0119 pami\u0119ci Czytaka, na kt\u00f3r\u0105 zostan\u0105 nagrane wybrane pozycje. Czytak Plus oraz cyfrowe ksi\u0105\u017cki m\u00f3wione s\u0105 dost\u0119pne do wypo\u017cyczenia w Czytelni Pod Sowami przy ul. gen. J. Zaj\u0105czka&hellip;&nbsp;<a href=\"https:\/\/bpzoliborz.pl\/bpzoliborz\/index.php\/czytak\/\" class=\"\" rel=\"bookmark\">Czytaj wi\u0119cej &raquo;<span class=\"screen-reader-text\">Czytak<\/span><\/a><\/p>\n","protected":false},"author":3,"featured_media":0,"parent":0,"menu_order":0,"comment_status":"closed","ping_status":"closed","template":"page-templates\/template-pagebuilder-full-width.php","meta":{"_stopmodifiedupdate":false,"_modified_date":"","_eb_attr":"","neve_meta_sidebar":"full-width","neve_meta_container":"","neve_meta_enable_content_width":"on","neve_meta_content_width":100,"neve_meta_title_alignment":"","neve_meta_author_avatar":"","neve_post_elements_order":"","neve_meta_disable_header":"","neve_meta_disable_footer":"","neve_meta_disable_title":"on"},"_links":{"self":[{"href":"https:\/\/bpzoliborz.pl\/bpzoliborz\/index.php\/wp-json\/wp\/v2\/pages\/1290"}],"collection":[{"href":"https:\/\/bpzoliborz.pl\/bpzoliborz\/index.php\/wp-json\/wp\/v2\/pages"}],"about":[{"href":"https:\/\/bpzoliborz.pl\/bpzoliborz\/index.php\/wp-json\/wp\/v2\/types\/page"}],"author":[{"embeddable":true,"href":"https:\/\/bpzoliborz.pl\/bpzoliborz\/index.php\/wp-json\/wp\/v2\/users\/3"}],"replies":[{"embeddable":true,"href":"https:\/\/bpzoliborz.pl\/bpzoliborz\/index.php\/wp-json\/wp\/v2\/comments?post=1290"}],"version-history":[{"count":8,"href":"https:\/\/bpzoliborz.pl\/bpzoliborz\/index.php\/wp-json\/wp\/v2\/pages\/1290\/revisions"}],"predecessor-version":[{"id":1302,"href":"https:\/\/bpzoliborz.pl\/bpzoliborz\/index.php\/wp-json\/wp\/v2\/pages\/1290\/revisions\/1302"}],"wp:attachment":[{"href":"https:\/\/bpzoliborz.pl\/bpzoliborz\/index.php\/wp-json\/wp\/v2\/media?parent=1290"}],"curies":[{"name":"wp","href":"https:\/\/api.w.org\/{rel}","templated":true}]}}