{"id":107,"date":"2020-07-02T15:25:40","date_gmt":"2020-07-02T13:25:40","guid":{"rendered":"http:\/\/bpzoliborz.pl\/bpzoliborz\/?page_id=107"},"modified":"2024-12-23T12:29:13","modified_gmt":"2024-12-23T11:29:13","slug":"mal","status":"publish","type":"page","link":"https:\/\/bpzoliborz.pl\/bpzoliborz\/index.php\/mal\/","title":{"rendered":"MAL (strona g\u0142\u00f3wna)"},"content":{"rendered":"\t\t<div data-elementor-type=\"wp-page\" data-elementor-id=\"107\" class=\"elementor elementor-107\">\n\t\t\t\t\t\t<div class=\"elementor-inner\">\n\t\t\t\t<div class=\"elementor-section-wrap\">\n\t\t\t\t\t\t\t\t\t<section class=\"elementor-section elementor-top-section elementor-element elementor-element-6dde80b elementor-section-boxed elementor-section-height-default elementor-section-height-default exad-glass-effect-no exad-sticky-section-no\" data-id=\"6dde80b\" data-element_type=\"section\">\n\t\t\t\t\t\t<div class=\"elementor-container elementor-column-gap-default\">\n\t\t\t\t\t\t\t<div class=\"elementor-row\">\n\t\t\t\t\t<div class=\"elementor-column elementor-col-100 elementor-top-column elementor-element elementor-element-0e0ef14 exad-glass-effect-no exad-sticky-section-no\" data-id=\"0e0ef14\" data-element_type=\"column\">\n\t\t\t<div class=\"elementor-column-wrap elementor-element-populated\">\n\t\t\t\t\t\t\t<div class=\"elementor-widget-wrap\">\n\t\t\t\t\t\t<div class=\"elementor-element elementor-element-c7c0fc5 exad-sticky-section-no exad-glass-effect-no elementor-widget elementor-widget-spacer\" data-id=\"c7c0fc5\" data-element_type=\"widget\" data-widget_type=\"spacer.default\">\n\t\t\t\t<div class=\"elementor-widget-container\">\n\t\t\t\t\t<div class=\"elementor-spacer\">\n\t\t\t<div class=\"elementor-spacer-inner\"><\/div>\n\t\t<\/div>\n\t\t\t\t<\/div>\n\t\t\t\t<\/div>\n\t\t\t\t\t\t<\/div>\n\t\t\t\t\t<\/div>\n\t\t<\/div>\n\t\t\t\t\t\t\t\t<\/div>\n\t\t\t\t\t<\/div>\n\t\t<\/section>\n\t\t\t\t<section class=\"elementor-section elementor-top-section elementor-element elementor-element-5fbd507 elementor-section-boxed elementor-section-height-default elementor-section-height-default exad-glass-effect-no exad-sticky-section-no\" data-id=\"5fbd507\" data-element_type=\"section\">\n\t\t\t\t\t\t<div class=\"elementor-container elementor-column-gap-default\">\n\t\t\t\t\t\t\t<div class=\"elementor-row\">\n\t\t\t\t\t<div class=\"elementor-column elementor-col-100 elementor-top-column elementor-element elementor-element-d729330 exad-glass-effect-no exad-sticky-section-no\" data-id=\"d729330\" data-element_type=\"column\">\n\t\t\t<div class=\"elementor-column-wrap elementor-element-populated\">\n\t\t\t\t\t\t\t<div class=\"elementor-widget-wrap\">\n\t\t\t\t\t\t<div class=\"elementor-element elementor-element-58cf542 exad-sticky-section-no exad-glass-effect-no elementor-widget elementor-widget-heading\" data-id=\"58cf542\" data-element_type=\"widget\" data-widget_type=\"heading.default\">\n\t\t\t\t<div class=\"elementor-widget-container\">\n\t\t\t<h1 class=\"elementor-heading-title elementor-size-default\">MAL Miejsce Aktywno\u015bci Lokalnej <\/h1>\t\t<\/div>\n\t\t\t\t<\/div>\n\t\t\t\t\t\t<\/div>\n\t\t\t\t\t<\/div>\n\t\t<\/div>\n\t\t\t\t\t\t\t\t<\/div>\n\t\t\t\t\t<\/div>\n\t\t<\/section>\n\t\t\t\t<section class=\"elementor-section elementor-top-section elementor-element elementor-element-348ae97 elementor-section-boxed elementor-section-height-default elementor-section-height-default exad-glass-effect-no exad-sticky-section-no\" data-id=\"348ae97\" data-element_type=\"section\">\n\t\t\t\t\t\t<div class=\"elementor-container elementor-column-gap-default\">\n\t\t\t\t\t\t\t<div class=\"elementor-row\">\n\t\t\t\t\t<div class=\"elementor-column elementor-col-100 elementor-top-column elementor-element elementor-element-db65a87 exad-glass-effect-no exad-sticky-section-no\" data-id=\"db65a87\" data-element_type=\"column\">\n\t\t\t<div class=\"elementor-column-wrap elementor-element-populated\">\n\t\t\t\t\t\t\t<div class=\"elementor-widget-wrap\">\n\t\t\t\t\t\t<div class=\"elementor-element elementor-element-09599c2 exad-sticky-section-no exad-glass-effect-no elementor-widget elementor-widget-spacer\" data-id=\"09599c2\" data-element_type=\"widget\" data-widget_type=\"spacer.default\">\n\t\t\t\t<div class=\"elementor-widget-container\">\n\t\t\t\t\t<div class=\"elementor-spacer\">\n\t\t\t<div class=\"elementor-spacer-inner\"><\/div>\n\t\t<\/div>\n\t\t\t\t<\/div>\n\t\t\t\t<\/div>\n\t\t\t\t\t\t<\/div>\n\t\t\t\t\t<\/div>\n\t\t<\/div>\n\t\t\t\t\t\t\t\t<\/div>\n\t\t\t\t\t<\/div>\n\t\t<\/section>\n\t\t\t\t<section class=\"elementor-section elementor-top-section elementor-element elementor-element-2ad4be6 elementor-section-boxed elementor-section-height-default elementor-section-height-default exad-glass-effect-no exad-sticky-section-no\" data-id=\"2ad4be6\" data-element_type=\"section\">\n\t\t\t\t\t\t<div class=\"elementor-container elementor-column-gap-default\">\n\t\t\t\t\t\t\t<div class=\"elementor-row\">\n\t\t\t\t\t<div class=\"elementor-column elementor-col-100 elementor-top-column elementor-element elementor-element-7de01e1 exad-glass-effect-no exad-sticky-section-no\" data-id=\"7de01e1\" data-element_type=\"column\">\n\t\t\t<div class=\"elementor-column-wrap elementor-element-populated\">\n\t\t\t\t\t\t\t<div class=\"elementor-widget-wrap\">\n\t\t\t\t\t\t<div class=\"elementor-element elementor-element-1274c98 elementor-grid-eael-col-2 elementor-grid-tablet-eael-col-2 elementor-grid-mobile-eael-col-1 exad-sticky-section-no exad-glass-effect-no elementor-widget elementor-widget-eael-post-grid\" data-id=\"1274c98\" data-element_type=\"widget\" data-settings=\"{&quot;eael_post_grid_columns&quot;:&quot;eael-col-2&quot;,&quot;eael_post_grid_columns_tablet&quot;:&quot;eael-col-2&quot;,&quot;eael_post_grid_columns_mobile&quot;:&quot;eael-col-1&quot;}\" data-widget_type=\"eael-post-grid.default\">\n\t\t\t\t<div class=\"elementor-widget-container\">\n\t\t\t<div id=\"eael-post-grid-1274c98\" class=\"eael-post-grid-container\">\n            <div class=\"eael-post-grid eael-post-appender eael-post-appender-1274c98 eael-post-grid-style-default\" data-layout-mode=\"grid\"><article class=\"eael-grid-post eael-post-grid-column\" data-id=\"530\">\n        <div class=\"eael-grid-post-holder\">\n            <div class=\"eael-grid-post-holder-inner\"><div class=\"eael-entry-media\"><div class=\"eael-entry-overlay fade-in\"><i class=\"fas fa-angle-right\" aria-hidden=\"true\"><\/i><a href=\"https:\/\/bpzoliborz.pl\/bpzoliborz\/index.php\/aktualnosci-mal\/\"><\/a><\/div><div class=\"eael-entry-thumbnail \">\n                <img width=\"1080\" height=\"675\" src=\"https:\/\/bpzoliborz.pl\/bpzoliborz\/wp-content\/uploads\/2020\/07\/podsowamilogo-strona.jpg\" class=\"attachment-large size-large wp-image-524\" alt=\"Logo mal-u miejsca aktywno\u015bci lokalnej\" loading=\"lazy\" srcset=\"https:\/\/bpzoliborz.pl\/bpzoliborz\/wp-content\/uploads\/2020\/07\/podsowamilogo-strona.jpg 1080w, https:\/\/bpzoliborz.pl\/bpzoliborz\/wp-content\/uploads\/2020\/07\/podsowamilogo-strona-768x480.jpg 768w\" sizes=\"(max-width: 1080px) 100vw, 1080px\" \/>\n            <\/div>\n        <\/div><div class=\"eael-entry-wrapper\"><header class=\"eael-entry-header\"><h2 class=\"eael-entry-title\"><a\n                        class=\"eael-grid-post-link\"\n                        href=\"https:\/\/bpzoliborz.pl\/bpzoliborz\/index.php\/aktualnosci-mal\/\"\n                        title=\"Aktualno\u015bci MAL\">Aktualno\u015bci MAL<\/a><\/h2><\/header><div class=\"eael-entry-content\">\n                        <div class=\"eael-grid-post-excerpt\"><a\n                            href=\"https:\/\/bpzoliborz.pl\/bpzoliborz\/index.php\/aktualnosci-mal\/\"\n                            class=\"eael-post-elements-readmore-btn\">zobacz wi\u0119cej...<\/a><\/div>\n                    <\/div><\/div><\/div>\n        <\/div>\n    <\/article><article class=\"eael-grid-post eael-post-grid-column\" data-id=\"521\">\n        <div class=\"eael-grid-post-holder\">\n            <div class=\"eael-grid-post-holder-inner\"><div class=\"eael-entry-media\"><div class=\"eael-entry-overlay fade-in\"><i class=\"fas fa-angle-right\" aria-hidden=\"true\"><\/i><a href=\"https:\/\/bpzoliborz.pl\/bpzoliborz\/index.php\/dokumenty-mal-u\/\"><\/a><\/div><div class=\"eael-entry-thumbnail \">\n                <img width=\"1080\" height=\"675\" src=\"https:\/\/bpzoliborz.pl\/bpzoliborz\/wp-content\/uploads\/2020\/07\/dokumenty.png\" class=\"attachment-large size-large wp-image-525\" alt=\"Ikona dokument\u00f3w dla miejsca aktywno\u015bci lokalnej\" loading=\"lazy\" srcset=\"https:\/\/bpzoliborz.pl\/bpzoliborz\/wp-content\/uploads\/2020\/07\/dokumenty.png 1080w, https:\/\/bpzoliborz.pl\/bpzoliborz\/wp-content\/uploads\/2020\/07\/dokumenty-768x480.png 768w\" sizes=\"(max-width: 1080px) 100vw, 1080px\" \/>\n            <\/div>\n        <\/div><div class=\"eael-entry-wrapper\"><header class=\"eael-entry-header\"><h2 class=\"eael-entry-title\"><a\n                        class=\"eael-grid-post-link\"\n                        href=\"https:\/\/bpzoliborz.pl\/bpzoliborz\/index.php\/dokumenty-mal-u\/\"\n                        title=\"Dokumenty MAL-u\">Dokumenty MAL-u<\/a><\/h2><\/header><div class=\"eael-entry-content\">\n                        <div class=\"eael-grid-post-excerpt\"><a\n                            href=\"https:\/\/bpzoliborz.pl\/bpzoliborz\/index.php\/dokumenty-mal-u\/\"\n                            class=\"eael-post-elements-readmore-btn\">zobacz wi\u0119cej...<\/a><\/div>\n                    <\/div><\/div><\/div>\n        <\/div>\n    <\/article><\/div>\n            <div class=\"clearfix\"><\/div>\n        <\/div>\t\t<\/div>\n\t\t\t\t<\/div>\n\t\t\t\t\t\t<\/div>\n\t\t\t\t\t<\/div>\n\t\t<\/div>\n\t\t\t\t\t\t\t\t<\/div>\n\t\t\t\t\t<\/div>\n\t\t<\/section>\n\t\t\t\t<section class=\"elementor-section elementor-top-section elementor-element elementor-element-4ec8f39 elementor-section-boxed elementor-section-height-default elementor-section-height-default exad-glass-effect-no exad-sticky-section-no\" data-id=\"4ec8f39\" data-element_type=\"section\">\n\t\t\t\t\t\t<div class=\"elementor-container elementor-column-gap-default\">\n\t\t\t\t\t\t\t<div class=\"elementor-row\">\n\t\t\t\t\t<div class=\"elementor-column elementor-col-100 elementor-top-column elementor-element elementor-element-c89622b exad-glass-effect-no exad-sticky-section-no\" data-id=\"c89622b\" data-element_type=\"column\">\n\t\t\t<div class=\"elementor-column-wrap elementor-element-populated\">\n\t\t\t\t\t\t\t<div class=\"elementor-widget-wrap\">\n\t\t\t\t\t\t<div class=\"elementor-element elementor-element-65b3a1c exad-sticky-section-no exad-glass-effect-no elementor-widget elementor-widget-spacer\" data-id=\"65b3a1c\" data-element_type=\"widget\" data-widget_type=\"spacer.default\">\n\t\t\t\t<div class=\"elementor-widget-container\">\n\t\t\t\t\t<div class=\"elementor-spacer\">\n\t\t\t<div class=\"elementor-spacer-inner\"><\/div>\n\t\t<\/div>\n\t\t\t\t<\/div>\n\t\t\t\t<\/div>\n\t\t\t\t\t\t<\/div>\n\t\t\t\t\t<\/div>\n\t\t<\/div>\n\t\t\t\t\t\t\t\t<\/div>\n\t\t\t\t\t<\/div>\n\t\t<\/section>\n\t\t\t\t\t\t\t\t\t<\/div>\n\t\t\t<\/div>\n\t\t\t\t\t<\/div>\n\t\t","protected":false},"excerpt":{"rendered":"<p>MAL Miejsce Aktywno\u015bci Lokalnej Aktualno\u015bci MAL zobacz wi\u0119cej&#8230; Dokumenty MAL-u zobacz wi\u0119cej&#8230;<\/p>\n","protected":false},"author":3,"featured_media":0,"parent":0,"menu_order":0,"comment_status":"closed","ping_status":"closed","template":"","meta":{"_stopmodifiedupdate":false,"_modified_date":"","_eb_attr":"","neve_meta_sidebar":"full-width","neve_meta_container":"","neve_meta_enable_content_width":"on","neve_meta_content_width":100,"neve_meta_title_alignment":"","neve_meta_author_avatar":"","neve_post_elements_order":"","neve_meta_disable_header":"","neve_meta_disable_footer":"","neve_meta_disable_title":"on"},"_links":{"self":[{"href":"https:\/\/bpzoliborz.pl\/bpzoliborz\/index.php\/wp-json\/wp\/v2\/pages\/107"}],"collection":[{"href":"https:\/\/bpzoliborz.pl\/bpzoliborz\/index.php\/wp-json\/wp\/v2\/pages"}],"about":[{"href":"https:\/\/bpzoliborz.pl\/bpzoliborz\/index.php\/wp-json\/wp\/v2\/types\/page"}],"author":[{"embeddable":true,"href":"https:\/\/bpzoliborz.pl\/bpzoliborz\/index.php\/wp-json\/wp\/v2\/users\/3"}],"replies":[{"embeddable":true,"href":"https:\/\/bpzoliborz.pl\/bpzoliborz\/index.php\/wp-json\/wp\/v2\/comments?post=107"}],"version-history":[{"count":11,"href":"https:\/\/bpzoliborz.pl\/bpzoliborz\/index.php\/wp-json\/wp\/v2\/pages\/107\/revisions"}],"predecessor-version":[{"id":25389,"href":"https:\/\/bpzoliborz.pl\/bpzoliborz\/index.php\/wp-json\/wp\/v2\/pages\/107\/revisions\/25389"}],"wp:attachment":[{"href":"https:\/\/bpzoliborz.pl\/bpzoliborz\/index.php\/wp-json\/wp\/v2\/media?parent=107"}],"curies":[{"name":"wp","href":"https:\/\/api.w.org\/{rel}","templated":true}]}}